{"id":52147,"date":"2024-01-22T17:31:09","date_gmt":"2024-01-22T17:31:09","guid":{"rendered":"https:\/\/urbex.direct\/product\/epaves-de-bateaux-fluviaux\/"},"modified":"2024-01-07T20:00:13","modified_gmt":"2024-01-07T20:00:13","slug":"epaves-de-bateaux-fluviaux","status":"publish","type":"product","link":"https:\/\/urbex.direct\/pl\/product\/epaves-de-bateaux-fluviaux\/","title":{"rendered":"\u00c9paves de bateaux fluviaux"},"content":{"rendered":"<p>Wsp\u00f3\u0142rz\u0119dne Urbex<\/p>","protected":false},"excerpt":{"rendered":"<p>Wsp\u00f3\u0142rz\u0119dne Urbex<\/p>","protected":false},"featured_media":52146,"template":"","meta":[],"product_brand":[],"product_cat":[1061,226,233],"product_tag":[],"class_list":{"0":"post-52147","1":"product","2":"type-product","3":"status-publish","4":"has-post-thumbnail","6":"product_cat-essonne-91","7":"product_cat-france","8":"product_cat-ile-de-france","10":"first","11":"instock","12":"downloadable","13":"taxable","14":"shipping-taxable","15":"purchasable","16":"product-type-simple"},"jetpack_sharing_enabled":true,"_links":{"self":[{"href":"https:\/\/urbex.direct\/pl\/wp-json\/wp\/v2\/product\/52147","targetHints":{"allow":["GET"]}}],"collection":[{"href":"https:\/\/urbex.direct\/pl\/wp-json\/wp\/v2\/product"}],"about":[{"href":"https:\/\/urbex.direct\/pl\/wp-json\/wp\/v2\/types\/product"}],"wp:featuredmedia":[{"embeddable":true,"href":"https:\/\/urbex.direct\/pl\/wp-json\/wp\/v2\/media\/52146"}],"wp:attachment":[{"href":"https:\/\/urbex.direct\/pl\/wp-json\/wp\/v2\/media?parent=52147"}],"wp:term":[{"taxonomy":"product_brand","embeddable":true,"href":"https:\/\/urbex.direct\/pl\/wp-json\/wp\/v2\/product_brand?post=52147"},{"taxonomy":"product_cat","embeddable":true,"href":"https:\/\/urbex.direct\/pl\/wp-json\/wp\/v2\/product_cat?post=52147"},{"taxonomy":"product_tag","embeddable":true,"href":"https:\/\/urbex.direct\/pl\/wp-json\/wp\/v2\/product_tag?post=52147"}],"curies":[{"name":"wp","href":"https:\/\/api.w.org\/{rel}","templated":true}]}}