{"id":52042,"date":"2024-01-06T15:52:26","date_gmt":"2024-01-06T15:52:26","guid":{"rendered":"https:\/\/urbex.direct\/product\/manoir-aux-fleurs\/"},"modified":"2025-06-01T20:23:59","modified_gmt":"2025-06-01T19:23:59","slug":"manoir-aux-fleurs","status":"publish","type":"product","link":"https:\/\/urbex.direct\/pl\/product\/manoir-aux-fleurs\/","title":{"rendered":"Manoir aux fleurs"},"content":{"rendered":"<p>Wsp\u00f3\u0142rz\u0119dne Urbex<\/p>","protected":false},"excerpt":{"rendered":"<p>https:\/\/www.youtube.com\/watch?v=SCj28U7-rdE&#038;t=2561s<\/p>","protected":false},"featured_media":52043,"template":"","meta":[],"product_brand":[],"product_cat":[226,233,1065],"product_tag":[],"class_list":{"0":"post-52042","1":"product","2":"type-product","3":"status-publish","4":"has-post-thumbnail","6":"product_cat-france","7":"product_cat-ile-de-france","8":"product_cat-val-doise-95","10":"first","11":"instock","12":"sale","13":"downloadable","14":"taxable","15":"shipping-taxable","16":"purchasable","17":"product-type-simple"},"jetpack_sharing_enabled":true,"_links":{"self":[{"href":"https:\/\/urbex.direct\/pl\/wp-json\/wp\/v2\/product\/52042","targetHints":{"allow":["GET"]}}],"collection":[{"href":"https:\/\/urbex.direct\/pl\/wp-json\/wp\/v2\/product"}],"about":[{"href":"https:\/\/urbex.direct\/pl\/wp-json\/wp\/v2\/types\/product"}],"wp:featuredmedia":[{"embeddable":true,"href":"https:\/\/urbex.direct\/pl\/wp-json\/wp\/v2\/media\/52043"}],"wp:attachment":[{"href":"https:\/\/urbex.direct\/pl\/wp-json\/wp\/v2\/media?parent=52042"}],"wp:term":[{"taxonomy":"product_brand","embeddable":true,"href":"https:\/\/urbex.direct\/pl\/wp-json\/wp\/v2\/product_brand?post=52042"},{"taxonomy":"product_cat","embeddable":true,"href":"https:\/\/urbex.direct\/pl\/wp-json\/wp\/v2\/product_cat?post=52042"},{"taxonomy":"product_tag","embeddable":true,"href":"https:\/\/urbex.direct\/pl\/wp-json\/wp\/v2\/product_tag?post=52042"}],"curies":[{"name":"wp","href":"https:\/\/api.w.org\/{rel}","templated":true}]}}