{"id":50768,"date":"2023-11-22T19:42:00","date_gmt":"2023-11-22T19:42:00","guid":{"rendered":"https:\/\/urbex.direct\/product\/mountain-bars\/"},"modified":"2023-11-20T19:47:32","modified_gmt":"2023-11-20T19:47:32","slug":"mountain-bars","status":"publish","type":"product","link":"https:\/\/urbex.direct\/pl\/product\/mountain-bars\/","title":{"rendered":"Mountain Bars"},"content":{"rendered":"<p>Wsp\u00f3\u0142rz\u0119dne Urbex<\/p>","protected":false},"excerpt":{"rendered":"<p>Wsp\u00f3\u0142rz\u0119dne Urbex<\/p>","protected":false},"featured_media":50767,"template":"","meta":[],"product_brand":[],"product_cat":[1351,1352],"product_tag":[],"class_list":{"0":"post-50768","1":"product","2":"type-product","3":"status-publish","4":"has-post-thumbnail","6":"product_cat-japan","7":"product_cat-kanto-region","9":"first","10":"instock","11":"downloadable","12":"taxable","13":"shipping-taxable","14":"purchasable","15":"product-type-simple"},"jetpack_sharing_enabled":true,"_links":{"self":[{"href":"https:\/\/urbex.direct\/pl\/wp-json\/wp\/v2\/product\/50768","targetHints":{"allow":["GET"]}}],"collection":[{"href":"https:\/\/urbex.direct\/pl\/wp-json\/wp\/v2\/product"}],"about":[{"href":"https:\/\/urbex.direct\/pl\/wp-json\/wp\/v2\/types\/product"}],"wp:featuredmedia":[{"embeddable":true,"href":"https:\/\/urbex.direct\/pl\/wp-json\/wp\/v2\/media\/50767"}],"wp:attachment":[{"href":"https:\/\/urbex.direct\/pl\/wp-json\/wp\/v2\/media?parent=50768"}],"wp:term":[{"taxonomy":"product_brand","embeddable":true,"href":"https:\/\/urbex.direct\/pl\/wp-json\/wp\/v2\/product_brand?post=50768"},{"taxonomy":"product_cat","embeddable":true,"href":"https:\/\/urbex.direct\/pl\/wp-json\/wp\/v2\/product_cat?post=50768"},{"taxonomy":"product_tag","embeddable":true,"href":"https:\/\/urbex.direct\/pl\/wp-json\/wp\/v2\/product_tag?post=50768"}],"curies":[{"name":"wp","href":"https:\/\/api.w.org\/{rel}","templated":true}]}}