{"id":50689,"date":"2023-11-17T10:04:23","date_gmt":"2023-11-17T10:04:23","guid":{"rendered":"https:\/\/urbex.direct\/product\/usine-des-articles-menagers\/"},"modified":"2023-11-17T12:21:30","modified_gmt":"2023-11-17T12:21:30","slug":"usine-des-articles-menagers","status":"publish","type":"product","link":"https:\/\/urbex.direct\/pl\/product\/usine-des-articles-menagers\/","title":{"rendered":"Usine des Articles M\u00e9nagers"},"content":{"rendered":"<p>Wsp\u00f3\u0142rz\u0119dne Urbex<\/p>","protected":false},"excerpt":{"rendered":"<p>Wsp\u00f3\u0142rz\u0119dne Urbex<\/p>","protected":false},"featured_media":50685,"template":"","meta":[],"product_brand":[],"product_cat":[197,203],"product_tag":[],"class_list":{"0":"post-50689","1":"product","2":"type-product","3":"status-publish","4":"has-post-thumbnail","6":"product_cat-belgium","7":"product_cat-namur","9":"first","10":"instock","11":"downloadable","12":"taxable","13":"shipping-taxable","14":"purchasable","15":"product-type-simple"},"jetpack_sharing_enabled":true,"_links":{"self":[{"href":"https:\/\/urbex.direct\/pl\/wp-json\/wp\/v2\/product\/50689","targetHints":{"allow":["GET"]}}],"collection":[{"href":"https:\/\/urbex.direct\/pl\/wp-json\/wp\/v2\/product"}],"about":[{"href":"https:\/\/urbex.direct\/pl\/wp-json\/wp\/v2\/types\/product"}],"wp:featuredmedia":[{"embeddable":true,"href":"https:\/\/urbex.direct\/pl\/wp-json\/wp\/v2\/media\/50685"}],"wp:attachment":[{"href":"https:\/\/urbex.direct\/pl\/wp-json\/wp\/v2\/media?parent=50689"}],"wp:term":[{"taxonomy":"product_brand","embeddable":true,"href":"https:\/\/urbex.direct\/pl\/wp-json\/wp\/v2\/product_brand?post=50689"},{"taxonomy":"product_cat","embeddable":true,"href":"https:\/\/urbex.direct\/pl\/wp-json\/wp\/v2\/product_cat?post=50689"},{"taxonomy":"product_tag","embeddable":true,"href":"https:\/\/urbex.direct\/pl\/wp-json\/wp\/v2\/product_tag?post=50689"}],"curies":[{"name":"wp","href":"https:\/\/api.w.org\/{rel}","templated":true}]}}