{"id":50249,"date":"2023-11-15T18:35:22","date_gmt":"2023-11-15T18:35:22","guid":{"rendered":"https:\/\/urbex.direct\/?post_type=product&#038;p=50249"},"modified":"2024-06-20T08:47:47","modified_gmt":"2024-06-20T07:47:47","slug":"mapa-lokalizacji-marne-51-francja","status":"publish","type":"product","link":"https:\/\/urbex.direct\/pl\/product\/location-map-marne-51-france\/","title":{"rendered":"Mapa Urbex Francja, Grand Est: Marne (51) (roczny dost\u0119p)"},"content":{"rendered":"<p>Mapa zawiera nast\u0119puj\u0105ce lokalizacje:<\/p>\n\n\n\n<ul><li>Manoir de la Discorde<\/li><li>Ecole Paris Dakar<\/li><li>Manoir aux Canons \/ Maison Billard<\/li><li>Obw\u00f3d R<\/li><li>Villa Matusalem<\/li><li>Farma wina \/ fabryka i opuszczony zamek<\/li><li>Maison Aux Poupees<\/li><li>Garage Bavarois<\/li><li>L'a\u00e9roport oubli\u00e9<\/li><li>La Minoterie<\/li><li>Papeterie de C<\/li><\/ul>","protected":false},"excerpt":{"rendered":"<p>&nbsp;<\/p>\n<p>Ta mapa urbex zawiera wszystkie lokalizacje eksploracji miejskiej (urbex) w<strong> Francja, <\/strong><strong>Grand Est<\/strong><strong>: Marne (51).<\/strong> Ta mapa zagubionych miejsc b\u0119dzie aktualizowana i dost\u0119pna przez co najmniej 365 dni od zakupu.<\/p>\n<p>This map has currently 11 of the most unique urban exploring locations in France, Grand Est: Marne (51) and is accessible from anywhere with our easy to use map<strong>.<\/p>\n<p><\/strong><strong>Je\u015bli posiadasz ju\u017c ten pakiet, mo\u017cesz uzyska\u0107 do niego dost\u0119p poprzez <a href=\"\/pl\/moje-konto\/obszar-czlonkowski\/43905\/zawartosc-mojego-czlonkostwa\/\">Moje mapy &gt; Widok.<\/a><\/strong><\/p>\n<p>&nbsp;<\/p>","protected":false},"featured_media":50254,"template":"","meta":[],"product_brand":[],"product_cat":[226,231,322,1135,1341,1047],"product_tag":[],"class_list":{"0":"post-50249","1":"product","2":"type-product","3":"status-publish","4":"has-post-thumbnail","6":"product_cat-france","7":"product_cat-grand-est","8":"product_cat-location-packs","9":"product_cat-maps-france","10":"product_cat-maps-grand-est","11":"product_cat-marne-51","13":"first","14":"instock","15":"virtual","16":"taxable","17":"purchasable","18":"product-type-simple"},"jetpack_sharing_enabled":true,"_links":{"self":[{"href":"https:\/\/urbex.direct\/pl\/wp-json\/wp\/v2\/product\/50249","targetHints":{"allow":["GET"]}}],"collection":[{"href":"https:\/\/urbex.direct\/pl\/wp-json\/wp\/v2\/product"}],"about":[{"href":"https:\/\/urbex.direct\/pl\/wp-json\/wp\/v2\/types\/product"}],"wp:featuredmedia":[{"embeddable":true,"href":"https:\/\/urbex.direct\/pl\/wp-json\/wp\/v2\/media\/50254"}],"wp:attachment":[{"href":"https:\/\/urbex.direct\/pl\/wp-json\/wp\/v2\/media?parent=50249"}],"wp:term":[{"taxonomy":"product_brand","embeddable":true,"href":"https:\/\/urbex.direct\/pl\/wp-json\/wp\/v2\/product_brand?post=50249"},{"taxonomy":"product_cat","embeddable":true,"href":"https:\/\/urbex.direct\/pl\/wp-json\/wp\/v2\/product_cat?post=50249"},{"taxonomy":"product_tag","embeddable":true,"href":"https:\/\/urbex.direct\/pl\/wp-json\/wp\/v2\/product_tag?post=50249"}],"curies":[{"name":"wp","href":"https:\/\/api.w.org\/{rel}","templated":true}]}}