{"id":49661,"date":"2023-11-04T21:54:34","date_gmt":"2023-11-04T21:54:34","guid":{"rendered":"https:\/\/urbex.direct\/product\/albergo-montano\/"},"modified":"2023-11-04T21:56:15","modified_gmt":"2023-11-04T21:56:15","slug":"albergo-montano","status":"publish","type":"product","link":"https:\/\/urbex.direct\/pl\/product\/albergo-montano\/","title":{"rendered":"Albergo Montano"},"content":{"rendered":"<p>Wsp\u00f3\u0142rz\u0119dne Urbex<\/p>","protected":false},"excerpt":{"rendered":"<p>Wsp\u00f3\u0142rz\u0119dne Urbex<\/p>","protected":false},"featured_media":49660,"template":"","meta":[],"product_brand":[],"product_cat":[243,251],"product_tag":[],"class_list":{"0":"post-49661","1":"product","2":"type-product","3":"status-publish","4":"has-post-thumbnail","6":"product_cat-italy","7":"product_cat-trentino-south-tyrol","9":"first","10":"instock","11":"downloadable","12":"taxable","13":"shipping-taxable","14":"purchasable","15":"product-type-simple"},"jetpack_sharing_enabled":true,"_links":{"self":[{"href":"https:\/\/urbex.direct\/pl\/wp-json\/wp\/v2\/product\/49661","targetHints":{"allow":["GET"]}}],"collection":[{"href":"https:\/\/urbex.direct\/pl\/wp-json\/wp\/v2\/product"}],"about":[{"href":"https:\/\/urbex.direct\/pl\/wp-json\/wp\/v2\/types\/product"}],"wp:featuredmedia":[{"embeddable":true,"href":"https:\/\/urbex.direct\/pl\/wp-json\/wp\/v2\/media\/49660"}],"wp:attachment":[{"href":"https:\/\/urbex.direct\/pl\/wp-json\/wp\/v2\/media?parent=49661"}],"wp:term":[{"taxonomy":"product_brand","embeddable":true,"href":"https:\/\/urbex.direct\/pl\/wp-json\/wp\/v2\/product_brand?post=49661"},{"taxonomy":"product_cat","embeddable":true,"href":"https:\/\/urbex.direct\/pl\/wp-json\/wp\/v2\/product_cat?post=49661"},{"taxonomy":"product_tag","embeddable":true,"href":"https:\/\/urbex.direct\/pl\/wp-json\/wp\/v2\/product_tag?post=49661"}],"curies":[{"name":"wp","href":"https:\/\/api.w.org\/{rel}","templated":true}]}}