{"id":49318,"date":"2023-10-11T09:02:18","date_gmt":"2023-10-11T08:02:18","guid":{"rendered":"https:\/\/urbex.direct\/?post_type=product&#038;p=49318"},"modified":"2024-06-20T08:47:20","modified_gmt":"2024-06-20T07:47:20","slug":"mapa-lokalizacji-bas-rhin-67-francja","status":"publish","type":"product","link":"https:\/\/urbex.direct\/pl\/product\/location-map-bas-rhin-67-france\/","title":{"rendered":"Urbex Mapa Francja, Grand Est: Bas-Rhin (67) (roczny dost\u0119p)"},"content":{"rendered":"<p>Mapa zawiera nast\u0119puj\u0105ce lokalizacje:<\/p>\n\n\n\n<ul><li>Centrum Medyczne H<\/li><li>Domy w d\u017cungli i na lianie \/ Les Maisons Savane et Peluche<\/li><li>Dw\u00f3r Accrobranche \/ Dom wspinaczkowy na drzewie<\/li><li>Manoir General<\/li><li>Villa Des Ours<\/li><li>Lock Hotel \/ Hotel w porcie<\/li><li>D\u0142ugie Koszary<\/li><li>Usine Coloree \/ Tartak W<\/li><li>Manoir des Anglais \/ Nowy dw\u00f3r angielski<\/li><li>La Petite Maison dans la Prairie<\/li><li>Maison Picture<\/li><li>Maison Fanatique des oiseaux<\/li><li>La salle de f\u00eates \/ Th\u00e9atre du chien<\/li><li>Le Tram jaune \/ \u017b\u00f3\u0142ty tramwaj<\/li><li>Cimeti\u00e8re sur la colline \/ Cmentarz na wzg\u00f3rzu<\/li><li>Maison Piscine<\/li><li>Dom kolekcjonera ksi\u0105\u017cek<\/li><\/ul>","protected":false},"excerpt":{"rendered":"<p>&nbsp;<\/p>\n<p>Ta mapa urbex zawiera wszystkie lokalizacje eksploracji miejskiej (urbex) w<strong> Francja, <\/strong><strong>Grand Est<\/strong><strong>: Bas-Rhin (67).<\/strong> Ta mapa zagubionych miejsc b\u0119dzie aktualizowana i dost\u0119pna przez co najmniej 365 dni od zakupu.<\/p>\n<p>Ta mapa zawiera obecnie 17 najbardziej unikalnych lokalizacji do zwiedzania we Francji, Grand Est: Bas-Rhin (67) i jest dost\u0119pna z dowolnego miejsca dzi\u0119ki naszej \u0142atwej w u\u017cyciu mapie<strong>.<\/p>\n<p><\/strong><strong>Je\u015bli posiadasz ju\u017c ten pakiet, mo\u017cesz uzyska\u0107 do niego dost\u0119p poprzez <a href=\"\/pl\/moje-konto\/obszar-czlonkowski\/43905\/zawartosc-mojego-czlonkostwa\/\">Moje mapy &gt; Widok.<\/a><\/strong><\/p>\n<p>&nbsp;<\/p>","protected":false},"featured_media":49325,"template":"","meta":[],"product_brand":[],"product_cat":[1043,226,231,322,1135,1341],"product_tag":[],"class_list":{"0":"post-49318","1":"product","2":"type-product","3":"status-publish","4":"has-post-thumbnail","6":"product_cat-bas-rhin-67","7":"product_cat-france","8":"product_cat-grand-est","9":"product_cat-location-packs","10":"product_cat-maps-france","11":"product_cat-maps-grand-est","13":"first","14":"instock","15":"virtual","16":"taxable","17":"purchasable","18":"product-type-simple"},"jetpack_sharing_enabled":true,"_links":{"self":[{"href":"https:\/\/urbex.direct\/pl\/wp-json\/wp\/v2\/product\/49318","targetHints":{"allow":["GET"]}}],"collection":[{"href":"https:\/\/urbex.direct\/pl\/wp-json\/wp\/v2\/product"}],"about":[{"href":"https:\/\/urbex.direct\/pl\/wp-json\/wp\/v2\/types\/product"}],"wp:featuredmedia":[{"embeddable":true,"href":"https:\/\/urbex.direct\/pl\/wp-json\/wp\/v2\/media\/49325"}],"wp:attachment":[{"href":"https:\/\/urbex.direct\/pl\/wp-json\/wp\/v2\/media?parent=49318"}],"wp:term":[{"taxonomy":"product_brand","embeddable":true,"href":"https:\/\/urbex.direct\/pl\/wp-json\/wp\/v2\/product_brand?post=49318"},{"taxonomy":"product_cat","embeddable":true,"href":"https:\/\/urbex.direct\/pl\/wp-json\/wp\/v2\/product_cat?post=49318"},{"taxonomy":"product_tag","embeddable":true,"href":"https:\/\/urbex.direct\/pl\/wp-json\/wp\/v2\/product_tag?post=49318"}],"curies":[{"name":"wp","href":"https:\/\/api.w.org\/{rel}","templated":true}]}}