{"id":49317,"date":"2023-10-11T09:01:08","date_gmt":"2023-10-11T08:01:08","guid":{"rendered":"https:\/\/urbex.direct\/?post_type=product&#038;p=49317"},"modified":"2024-06-20T08:43:39","modified_gmt":"2024-06-20T07:43:39","slug":"location-map-morbihan-56-france","status":"publish","type":"product","link":"https:\/\/urbex.direct\/pl\/product\/location-map-morbihan-56-france\/","title":{"rendered":"Urbex Mapa Francja, Bretania: Morbihan (56) (roczny dost\u0119p)"},"content":{"rendered":"<p>Mapa zawiera nast\u0119puj\u0105ce lokalizacje:<\/p>\n\n\n\n<ul><li>Cmentarzysko wrak\u00f3w statk\u00f3w<\/li><li>Manoir Yves Dandonneau \/ Dw\u00f3r Yves Dandonneau<\/li><li>Ch\u00e2teau Sequoia<\/li><li>Clinique SC<\/li><li>Maison de Lac<\/li><li>Cimeti\u00e8re de Bateaux Rivi\u00e8re<\/li><li>Jardin Aux Papillons \/ Ogr\u00f3d motyli<\/li><li>Kolejny cmentarz wrak\u00f3w statk\u00f3w<\/li><li>Wraki szkielet\u00f3w<\/li><li>Farma wiatrowa<\/li><li>Opuszczone domy i ko\u015bcio\u0142y<\/li><li>Domy wakacyjne nad jeziorami<\/li><li>Maison Tourelle Nord<\/li><li>Baza rzeczna<\/li><li>Manoir Piano 56<\/li><\/ul>","protected":false},"excerpt":{"rendered":"<p>&nbsp;<\/p>\n<p>Ta mapa urbex zawiera wszystkie lokalizacje eksploracji miejskiej (urbex) w<strong> France, Bretagne: Morbihan (56).<\/strong> Ta mapa zagubionych miejsc b\u0119dzie aktualizowana i dost\u0119pna przez co najmniej 365 dni od zakupu.<\/p>\n<p>This map has currently 15 of the most unique urban exploring locations in France, Bretagne: Morbihan (56) and is accessible from anywhere with our easy to use map<strong>.<\/p>\n<p><\/strong><strong>Je\u015bli posiadasz ju\u017c ten pakiet, mo\u017cesz uzyska\u0107 do niego dost\u0119p poprzez <a href=\"\/pl\/moje-konto\/obszar-czlonkowski\/43905\/zawartosc-mojego-czlonkostwa\/\">Moje mapy &gt; Widok.<\/a><\/strong><strong><\/p>\n<p><\/strong><a href=\"#tab-description\">Lista wszystkich lokalizacji Urbex na tej mapie.<\/a><\/p>\n<p>&nbsp;<\/p>","protected":false},"featured_media":49321,"template":"","meta":[],"product_brand":[],"product_cat":[229,226,322,1339,1135,1042],"product_tag":[],"class_list":{"0":"post-49317","1":"product","2":"type-product","3":"status-publish","4":"has-post-thumbnail","6":"product_cat-bretagne","7":"product_cat-france","8":"product_cat-location-packs","9":"product_cat-maps-bretagne","10":"product_cat-maps-france","11":"product_cat-morbihan-56","13":"first","14":"instock","15":"virtual","16":"taxable","17":"purchasable","18":"product-type-simple"},"jetpack_sharing_enabled":true,"_links":{"self":[{"href":"https:\/\/urbex.direct\/pl\/wp-json\/wp\/v2\/product\/49317","targetHints":{"allow":["GET"]}}],"collection":[{"href":"https:\/\/urbex.direct\/pl\/wp-json\/wp\/v2\/product"}],"about":[{"href":"https:\/\/urbex.direct\/pl\/wp-json\/wp\/v2\/types\/product"}],"wp:featuredmedia":[{"embeddable":true,"href":"https:\/\/urbex.direct\/pl\/wp-json\/wp\/v2\/media\/49321"}],"wp:attachment":[{"href":"https:\/\/urbex.direct\/pl\/wp-json\/wp\/v2\/media?parent=49317"}],"wp:term":[{"taxonomy":"product_brand","embeddable":true,"href":"https:\/\/urbex.direct\/pl\/wp-json\/wp\/v2\/product_brand?post=49317"},{"taxonomy":"product_cat","embeddable":true,"href":"https:\/\/urbex.direct\/pl\/wp-json\/wp\/v2\/product_cat?post=49317"},{"taxonomy":"product_tag","embeddable":true,"href":"https:\/\/urbex.direct\/pl\/wp-json\/wp\/v2\/product_tag?post=49317"}],"curies":[{"name":"wp","href":"https:\/\/api.w.org\/{rel}","templated":true}]}}