{"id":49316,"date":"2023-10-11T08:59:39","date_gmt":"2023-10-11T07:59:39","guid":{"rendered":"https:\/\/urbex.direct\/?post_type=product&#038;p=49316"},"modified":"2024-06-20T08:41:53","modified_gmt":"2024-06-20T07:41:53","slug":"mapa-lokalizacji-cotes-darmor-22-francja","status":"publish","type":"product","link":"https:\/\/urbex.direct\/pl\/product\/location-map-cotes-darmor-22-france\/","title":{"rendered":"Urbex Mapa Francja, Bretania: C\u00f4tes-d'Armor (22) (roczny dost\u0119p)"},"content":{"rendered":"<p>Mapa zawiera nast\u0119puj\u0105ce lokalizacje:<\/p>\n\n\n\n<ul><li>L'ancienne maison de retraite<\/li><li>Klub Squasha<\/li><li>Restauracja du Relais<\/li><li>Centre Spatial Bretagne<\/li><li>Ch\u00e2teau Morgane<\/li><li>Elektrownia Totem<\/li><li>Ecole du Moulin<\/li><li>Manoir Pegasus<\/li><li>Klub Forestier<\/li><li>Centre Culturel<\/li><li>Manoir K Braz \/ Dw\u00f3r K Braz<\/li><li>Maison Seaview \/ Maison Chalkie<\/li><li>Maison Hantee Ros<\/li><li>Les maisons de la carri\u00e8re \/ Maison Pommerit<\/li><li>Manoir Raveparty \/ Manoir Kermar<\/li><li>Maison Misere \/ Maison Plem<\/li><li>Bar Le Colombo<\/li><li>H\u00f4tel Bon repos<\/li><li>Mini Gare Tuber<\/li><li>Maison du Capitaine<\/li><li>Gara\u017c i stacja pomp<\/li><li>Manoir Rave Party 2<\/li><li>Centrum Aeree plouf<\/li><li>Chateau Ilan<\/li><li>Ferme de Sable<\/li><\/ul>","protected":false},"excerpt":{"rendered":"<p>&nbsp;<\/p>\n<p>Ta mapa urbex zawiera wszystkie lokalizacje eksploracji miejskiej (urbex) w<strong> Francja, Bretania: C\u00f4tes-d'Armor (22).<\/strong> Ta mapa zagubionych miejsc b\u0119dzie aktualizowana i dost\u0119pna przez co najmniej 365 dni od zakupu.<\/p>\n<p>Ta mapa zawiera obecnie 25 najbardziej wyj\u0105tkowych miejsc do zwiedzania we Francji, Bretagne: C\u00f4tes-d'Armor (22) i jest dost\u0119pna z dowolnego miejsca dzi\u0119ki naszej \u0142atwej w u\u017cyciu mapie<strong>.<\/p>\n<p><\/strong><strong>Je\u015bli posiadasz ju\u017c ten pakiet, mo\u017cesz uzyska\u0107 do niego dost\u0119p poprzez <a href=\"\/pl\/moje-konto\/obszar-czlonkowski\/43905\/zawartosc-mojego-czlonkostwa\/\">Moje mapy &gt; Widok.<\/a><\/strong><strong><\/p>\n<p><\/strong><a href=\"#tab-description\">Lista wszystkich lokalizacji Urbex na tej mapie.<\/a><\/p>\n<p>&nbsp;<\/p>","protected":false},"featured_media":49320,"template":"","meta":[],"product_brand":[],"product_cat":[229,1039,226,322,1339,1135],"product_tag":[],"class_list":{"0":"post-49316","1":"product","2":"type-product","3":"status-publish","4":"has-post-thumbnail","6":"product_cat-bretagne","7":"product_cat-cotes-darmor-22","8":"product_cat-france","9":"product_cat-location-packs","10":"product_cat-maps-bretagne","11":"product_cat-maps-france","13":"first","14":"instock","15":"virtual","16":"taxable","17":"purchasable","18":"product-type-simple"},"jetpack_sharing_enabled":true,"_links":{"self":[{"href":"https:\/\/urbex.direct\/pl\/wp-json\/wp\/v2\/product\/49316","targetHints":{"allow":["GET"]}}],"collection":[{"href":"https:\/\/urbex.direct\/pl\/wp-json\/wp\/v2\/product"}],"about":[{"href":"https:\/\/urbex.direct\/pl\/wp-json\/wp\/v2\/types\/product"}],"wp:featuredmedia":[{"embeddable":true,"href":"https:\/\/urbex.direct\/pl\/wp-json\/wp\/v2\/media\/49320"}],"wp:attachment":[{"href":"https:\/\/urbex.direct\/pl\/wp-json\/wp\/v2\/media?parent=49316"}],"wp:term":[{"taxonomy":"product_brand","embeddable":true,"href":"https:\/\/urbex.direct\/pl\/wp-json\/wp\/v2\/product_brand?post=49316"},{"taxonomy":"product_cat","embeddable":true,"href":"https:\/\/urbex.direct\/pl\/wp-json\/wp\/v2\/product_cat?post=49316"},{"taxonomy":"product_tag","embeddable":true,"href":"https:\/\/urbex.direct\/pl\/wp-json\/wp\/v2\/product_tag?post=49316"}],"curies":[{"name":"wp","href":"https:\/\/api.w.org\/{rel}","templated":true}]}}