{"id":49263,"date":"2023-10-09T19:23:22","date_gmt":"2023-10-09T18:23:22","guid":{"rendered":"https:\/\/urbex.direct\/?post_type=product&#038;p=49263"},"modified":"2024-06-20T08:51:40","modified_gmt":"2024-06-20T07:51:40","slug":"mapa-lokalizacji-aisne-02-francja","status":"publish","type":"product","link":"https:\/\/urbex.direct\/pl\/product\/location-map-aisne-02-france\/","title":{"rendered":"Urbex Map France, Hauts-de-France: Aisne (02) (roczny dost\u0119p)"},"content":{"rendered":"<p>Mapa zawiera nast\u0119puj\u0105ce lokalizacje:<\/p>\n<ul><li>Mistrzostwa porzuconych pojazd\u00f3w<\/li><li>Chateau Crazy Angelais Chateau du camion bleu<\/li><li>Maison Renault \/ Maison Twingo<\/li><li>Maison Sucrerie<\/li><li>Maison Thierry<\/li><li>Imperial Boite de Nuit<\/li><li>Anis Fort<\/li><li>Hirsbex<\/li><li>La gare de man\u0153uvre ronde \/ Okr\u0105g\u0142a stacja manewrowa<\/li><li>L'abbaye Incendi\u00e9e<\/li><li>Le\u015bna rezydencja<\/li><li>Maison du Trappeur \/ Maison Lucienne \/ Maison De La Fouine<\/li><li>Ch\u00e2teau Chasseur<\/li><li>Maison Syntropique<\/li><li>Maison Gregory<\/li><li>Bunkier CS<\/li><li>Maison Outils<\/li><li>Maisons voleuse d'\u00e2me<\/li><li>Maison BB<\/li><li>Myd\u0142o Maison<\/li><li>Maison de la confr\u00e9rie<\/li><li>Babel Tower<\/li><li>Maison du Boucher<\/li><li>Tomb\u00e9e dans l'oublie<\/li><li>Maison Red Grandma<\/li><\/ul>","protected":false},"excerpt":{"rendered":"<p>Ta mapa urbex zawiera wszystkie lokalizacje eksploracji miejskiej (urbex) w<strong> Francja, <\/strong><strong>Hauts-de-France<\/strong><strong>: Aisne (02).<\/strong> Ta mapa zagubionych miejsc b\u0119dzie aktualizowana i dost\u0119pna przez co najmniej 365 dni od zakupu.<\/p>\n<p>Ta mapa zawiera obecnie 25 najbardziej wyj\u0105tkowych miejsc do zwiedzania we Francji, Hauts-de-France: Aisne (02) i jest dost\u0119pna z dowolnego miejsca dzi\u0119ki naszej \u0142atwej w u\u017cyciu mapie<strong>.<\/strong><\/p>\n<p><strong>Je\u015bli posiadasz ju\u017c ten pakiet, mo\u017cesz uzyska\u0107 do niego dost\u0119p poprzez <a href=\"\/pl\/moje-konto\/obszar-czlonkowski\/43905\/zawartosc-mojego-czlonkostwa\/\">Moje mapy &gt; Widok.<\/a><\/strong><\/p>\n<p><a href=\"#tab-description\">Lista wszystkich lokalizacji Urbex na tej mapie.<\/a><\/p>","protected":false},"featured_media":49264,"template":"","meta":[],"product_brand":[],"product_cat":[1055,226,232,322,1135,1342],"product_tag":[],"class_list":{"0":"post-49263","1":"product","2":"type-product","3":"status-publish","4":"has-post-thumbnail","6":"product_cat-aisne-02","7":"product_cat-france","8":"product_cat-hauts-de-france","9":"product_cat-location-packs","10":"product_cat-maps-france","11":"product_cat-maps-hauts-de-france","13":"first","14":"instock","15":"virtual","16":"taxable","17":"purchasable","18":"product-type-simple"},"jetpack_sharing_enabled":true,"_links":{"self":[{"href":"https:\/\/urbex.direct\/pl\/wp-json\/wp\/v2\/product\/49263","targetHints":{"allow":["GET"]}}],"collection":[{"href":"https:\/\/urbex.direct\/pl\/wp-json\/wp\/v2\/product"}],"about":[{"href":"https:\/\/urbex.direct\/pl\/wp-json\/wp\/v2\/types\/product"}],"wp:featuredmedia":[{"embeddable":true,"href":"https:\/\/urbex.direct\/pl\/wp-json\/wp\/v2\/media\/49264"}],"wp:attachment":[{"href":"https:\/\/urbex.direct\/pl\/wp-json\/wp\/v2\/media?parent=49263"}],"wp:term":[{"taxonomy":"product_brand","embeddable":true,"href":"https:\/\/urbex.direct\/pl\/wp-json\/wp\/v2\/product_brand?post=49263"},{"taxonomy":"product_cat","embeddable":true,"href":"https:\/\/urbex.direct\/pl\/wp-json\/wp\/v2\/product_cat?post=49263"},{"taxonomy":"product_tag","embeddable":true,"href":"https:\/\/urbex.direct\/pl\/wp-json\/wp\/v2\/product_tag?post=49263"}],"curies":[{"name":"wp","href":"https:\/\/api.w.org\/{rel}","templated":true}]}}