{"id":49084,"date":"2023-09-28T09:11:07","date_gmt":"2023-09-28T08:11:07","guid":{"rendered":"https:\/\/urbex.direct\/product\/villa-caelum\/"},"modified":"2023-10-10T14:41:15","modified_gmt":"2023-10-10T13:41:15","slug":"villa-caelum","status":"publish","type":"product","link":"https:\/\/urbex.direct\/pl\/product\/villa-caelum\/","title":{"rendered":"Villa Caelum"},"content":{"rendered":"<p>Wsp\u00f3\u0142rz\u0119dne Urbex<\/p>","protected":false},"excerpt":{"rendered":"<p>Renowacja<\/p>","protected":false},"featured_media":49083,"template":"","meta":[],"product_brand":[],"product_cat":[243,245],"product_tag":[44],"class_list":{"0":"post-49084","1":"product","2":"type-product","3":"status-publish","4":"has-post-thumbnail","6":"product_cat-italy","7":"product_cat-ligurie-2","8":"product_tag-geenurbex","10":"first","11":"outofstock","12":"downloadable","13":"taxable","14":"shipping-taxable","15":"purchasable","16":"product-type-simple"},"jetpack_sharing_enabled":true,"_links":{"self":[{"href":"https:\/\/urbex.direct\/pl\/wp-json\/wp\/v2\/product\/49084","targetHints":{"allow":["GET"]}}],"collection":[{"href":"https:\/\/urbex.direct\/pl\/wp-json\/wp\/v2\/product"}],"about":[{"href":"https:\/\/urbex.direct\/pl\/wp-json\/wp\/v2\/types\/product"}],"wp:featuredmedia":[{"embeddable":true,"href":"https:\/\/urbex.direct\/pl\/wp-json\/wp\/v2\/media\/49083"}],"wp:attachment":[{"href":"https:\/\/urbex.direct\/pl\/wp-json\/wp\/v2\/media?parent=49084"}],"wp:term":[{"taxonomy":"product_brand","embeddable":true,"href":"https:\/\/urbex.direct\/pl\/wp-json\/wp\/v2\/product_brand?post=49084"},{"taxonomy":"product_cat","embeddable":true,"href":"https:\/\/urbex.direct\/pl\/wp-json\/wp\/v2\/product_cat?post=49084"},{"taxonomy":"product_tag","embeddable":true,"href":"https:\/\/urbex.direct\/pl\/wp-json\/wp\/v2\/product_tag?post=49084"}],"curies":[{"name":"wp","href":"https:\/\/api.w.org\/{rel}","templated":true}]}}