{"id":48863,"date":"2023-09-21T09:17:56","date_gmt":"2023-09-21T08:17:56","guid":{"rendered":"https:\/\/urbex.direct\/?post_type=product&#038;p=48863"},"modified":"2024-06-20T08:41:11","modified_gmt":"2024-06-20T07:41:11","slug":"location-map-cote-dor-21-france","status":"publish","type":"product","link":"https:\/\/urbex.direct\/pl\/product\/location-map-cote-dor-21-france\/","title":{"rendered":"Urbex Mapa Francja, Bourgogne-Franche-Comt\u00e9: C\u00f4te-d'Or (21) (roczny dost\u0119p)"},"content":{"rendered":"<p>Mapa zawiera nast\u0119puj\u0105ce lokalizacje:<\/p>\n<ul><li>Villa Anjo Perdido Ch\u00e2teau Marianne Maison Roland Moog<\/li><li>Gallias Oppidum<\/li><li>Maison Piscine<\/li><li>Maison des Poupees 2.0<\/li><li>Ancienne \u00e9glise et son atelier<\/li><li>Hopital des Cygnes \/ Hopital Fonfdon<\/li><li>Manoir Ludy<\/li><li>Boite de Nuit Piscine<\/li><li>Centrum CFA \/ Formation Agricole<\/li><li>Instytucja szkoleniowa<\/li><li>Ambush Club<\/li><li>Cimentiere de Tracteurs \/ Zardzewia\u0142e traktory<\/li><li>Betonowa willa marze\u0144<\/li><li>Usine Car \/ Factory Berte<\/li><li>La Ferme du chasseur<\/li><li>Maison Fox<\/li><li>Hotel Christine<\/li><li>Fabryka Marcela Bessona<\/li><li>Fort M<\/li><li>Ch\u00e2teau de la duchesse Brigitte<\/li><li>Manoir du bonheur<\/li><li>Le Ch\u00e2teau de la Vierge<\/li><li>Maison Vert<\/li><li>Maison Dans Les Orties<\/li><li>Archeodrom<\/li><li>Maison aux Jouets<\/li><li>Usine la Roche<\/li><li>Maison et Scierie<\/li><li>Maison du th\u00e9sauriseur<\/li><li>Maison Puzzlegame<\/li><li>Maison Sans dessus dessous<\/li><li>Chateau Larrey<\/li><li>Maison grin\u00e7ante<\/li><li>Zamek Romeo i Julia<\/li><\/ul>","protected":false},"excerpt":{"rendered":"<p>Ta mapa urbex zawiera wszystkie lokalizacje eksploracji miejskiej (urbex) w<strong> France, Bourgogne-Franche-Comt\u00e9, C\u00f4te-d&#8217;Or (21).<\/strong> Ta mapa zagubionych miejsc b\u0119dzie aktualizowana i dost\u0119pna przez co najmniej 365 dni od zakupu.<\/p>\n<p>This map has currently 34 of the most unique urban exploring locations in France, Bourgogne-Franche-Comt\u00e9: C\u00f4te-d&#8217;Or (21) and is accessible from anywhere with our easy to use map<strong>.<\/strong><\/p>\n<p><strong>Je\u015bli posiadasz ju\u017c ten pakiet, mo\u017cesz uzyska\u0107 do niego dost\u0119p poprzez <a href=\"\/pl\/moje-konto\/obszar-czlonkowski\/43905\/zawartosc-mojego-czlonkostwa\/\">Moje mapy &gt; Widok.<\/a><\/strong><\/p>\n<p><a href=\"#tab-description\">Lista wszystkich lokalizacji Urbex na tej mapie.<\/a><\/p>","protected":false},"featured_media":49051,"template":"","meta":[],"product_brand":[],"product_cat":[228,1012,226,322,1338,1135],"product_tag":[],"class_list":{"0":"post-48863","1":"product","2":"type-product","3":"status-publish","4":"has-post-thumbnail","6":"product_cat-bourgogne-franche-comte","7":"product_cat-cote-dor-21","8":"product_cat-france","9":"product_cat-location-packs","10":"product_cat-maps-bourgogne-franche-comte","11":"product_cat-maps-france","13":"first","14":"instock","15":"virtual","16":"taxable","17":"purchasable","18":"product-type-simple"},"jetpack_sharing_enabled":true,"_links":{"self":[{"href":"https:\/\/urbex.direct\/pl\/wp-json\/wp\/v2\/product\/48863","targetHints":{"allow":["GET"]}}],"collection":[{"href":"https:\/\/urbex.direct\/pl\/wp-json\/wp\/v2\/product"}],"about":[{"href":"https:\/\/urbex.direct\/pl\/wp-json\/wp\/v2\/types\/product"}],"wp:featuredmedia":[{"embeddable":true,"href":"https:\/\/urbex.direct\/pl\/wp-json\/wp\/v2\/media\/49051"}],"wp:attachment":[{"href":"https:\/\/urbex.direct\/pl\/wp-json\/wp\/v2\/media?parent=48863"}],"wp:term":[{"taxonomy":"product_brand","embeddable":true,"href":"https:\/\/urbex.direct\/pl\/wp-json\/wp\/v2\/product_brand?post=48863"},{"taxonomy":"product_cat","embeddable":true,"href":"https:\/\/urbex.direct\/pl\/wp-json\/wp\/v2\/product_cat?post=48863"},{"taxonomy":"product_tag","embeddable":true,"href":"https:\/\/urbex.direct\/pl\/wp-json\/wp\/v2\/product_tag?post=48863"}],"curies":[{"name":"wp","href":"https:\/\/api.w.org\/{rel}","templated":true}]}}