{"id":48862,"date":"2023-09-21T09:17:14","date_gmt":"2023-09-21T08:17:14","guid":{"rendered":"https:\/\/urbex.direct\/?post_type=product&#038;p=48862"},"modified":"2024-06-20T08:58:19","modified_gmt":"2024-06-20T07:58:19","slug":"location-map-alpes-maritimes-06-france","status":"publish","type":"product","link":"https:\/\/urbex.direct\/pl\/product\/location-map-alpes-maritimes-06-france\/","title":{"rendered":"Urbex Mapa Francja, Prowansja-Alpy-Lazurowe Wybrze\u017ce: Alpes-Maritimes (06) (roczny dost\u0119p)"},"content":{"rendered":"<p>Mapa zawiera nast\u0119puj\u0105ce lokalizacje:<\/p>\n<ul><li>Maison de l&#039;Assassin<\/li><li>Chapelle G<\/li><li>H\u00f4pital Felix Zehetner<\/li><li>Villa Sharon<\/li><li>Hotel z prywatnym basenem<\/li><li>Villa Valor<\/li><li>Manoir Cuba<\/li><li>Maison Pharaon<\/li><li>Hopital des Vents<\/li><li>Villa du Dictateur<\/li><li>Villa August Sangret<\/li><li>Hotel de l&#039;Anneau<\/li><li>Chateau Robert Hansen<\/li><li>Obserwatorium nad morzem<\/li><\/ul>","protected":false},"excerpt":{"rendered":"<p>Ta mapa urbex zawiera wszystkie lokalizacje eksploracji miejskiej (urbex) w<strong> Francja, <\/strong><strong>Prowansja-Alpy-Lazurowe Wybrze\u017ce<\/strong><strong>: Alpes-Maritimes (06).<\/strong> Ta mapa zagubionych miejsc b\u0119dzie aktualizowana i dost\u0119pna przez co najmniej 365 dni od zakupu.<\/p>\n<p>This map has currently 14 of the most unique urban exploring locations in France, Provence-Alpes-C\u00f4te d&#8217;Azur: Alpes-Maritimes (06) and is accessible from anywhere with our easy to use map<strong>.<\/strong><\/p>\n<p><strong>Je\u015bli posiadasz ju\u017c ten pakiet, mo\u017cesz uzyska\u0107 do niego dost\u0119p poprzez <a href=\"\/pl\/moje-konto\/obszar-czlonkowski\/43905\/zawartosc-mojego-czlonkostwa\/\">Moje mapy &gt; Widok.<\/a><\/strong><\/p>\n<p><a href=\"#tab-description\">Lista wszystkich lokalizacji Urbex na tej mapie.<\/a><\/p>","protected":false},"featured_media":49061,"template":"","meta":[],"product_brand":[],"product_cat":[1022,226,322,1135,1348,317],"product_tag":[],"class_list":{"0":"post-48862","1":"product","2":"type-product","3":"status-publish","4":"has-post-thumbnail","6":"product_cat-alpes-maritimes-06","7":"product_cat-france","8":"product_cat-location-packs","9":"product_cat-maps-france","10":"product_cat-maps-provence-alpes-cote-dazur","11":"product_cat-provence-alpes-cote-dazur","13":"first","14":"instock","15":"virtual","16":"taxable","17":"purchasable","18":"product-type-simple"},"jetpack_sharing_enabled":true,"_links":{"self":[{"href":"https:\/\/urbex.direct\/pl\/wp-json\/wp\/v2\/product\/48862","targetHints":{"allow":["GET"]}}],"collection":[{"href":"https:\/\/urbex.direct\/pl\/wp-json\/wp\/v2\/product"}],"about":[{"href":"https:\/\/urbex.direct\/pl\/wp-json\/wp\/v2\/types\/product"}],"wp:featuredmedia":[{"embeddable":true,"href":"https:\/\/urbex.direct\/pl\/wp-json\/wp\/v2\/media\/49061"}],"wp:attachment":[{"href":"https:\/\/urbex.direct\/pl\/wp-json\/wp\/v2\/media?parent=48862"}],"wp:term":[{"taxonomy":"product_brand","embeddable":true,"href":"https:\/\/urbex.direct\/pl\/wp-json\/wp\/v2\/product_brand?post=48862"},{"taxonomy":"product_cat","embeddable":true,"href":"https:\/\/urbex.direct\/pl\/wp-json\/wp\/v2\/product_cat?post=48862"},{"taxonomy":"product_tag","embeddable":true,"href":"https:\/\/urbex.direct\/pl\/wp-json\/wp\/v2\/product_tag?post=48862"}],"curies":[{"name":"wp","href":"https:\/\/api.w.org\/{rel}","templated":true}]}}