{"id":48861,"date":"2023-09-21T09:16:50","date_gmt":"2023-09-21T08:16:50","guid":{"rendered":"https:\/\/urbex.direct\/?post_type=product&#038;p=48861"},"modified":"2024-06-20T08:57:39","modified_gmt":"2024-06-20T07:57:39","slug":"location-map-loire-atlantique-44-france","status":"publish","type":"product","link":"https:\/\/urbex.direct\/pl\/product\/location-map-loire-atlantique-44-france\/","title":{"rendered":"Urbex Map France, Pays de la Loire: Loire-Atlantique (44) (roczny dost\u0119p)"},"content":{"rendered":"<p>Mapa zawiera nast\u0119puj\u0105ce lokalizacje:<\/p>\n<ul><li>Dzielnica opuszczona<\/li><li>Manoir Holzbang<\/li><li>Altantique Greenhouse<\/li><li>Usine Forging<\/li><li>Chateau British<\/li><li>Maison Dans le Loire<\/li><li>Entrepot du Belem<\/li><li>Usine Tere<\/li><li>Roz\u0142adowanie<\/li><li>Manoir BU<\/li><li>Ferme Oublier<\/li><li>Ferme Bang<\/li><li>Manoir du Maire<\/li><li>Maison Enorme Mysterieux<\/li><li>Manoir Des Jourrnaux<\/li><li>Maison du Dealer<\/li><li>Ferme Traction \/ Ferme Racines<\/li><li>Chateau Armin Meiwes<\/li><li>Fort du Guerre<\/li><li>Ch\u00e2teau de la Verrie<\/li><li>Coll\u00e8ge aux 4 vents<\/li><li>Ostatni etap<\/li><li>Maison Tetris en bord de mer<\/li><li>Maisonette de la Vieile<\/li><li>Usine du Don<\/li><\/ul>","protected":false},"excerpt":{"rendered":"<p>Ta mapa urbex zawiera wszystkie lokalizacje eksploracji miejskiej (urbex) w<strong> Francja, <\/strong><strong>Kraj Loary<\/strong><strong>: Loire-Atlantique (44).<\/strong> Ta mapa zagubionych miejsc b\u0119dzie aktualizowana i dost\u0119pna przez co najmniej 365 dni od zakupu.<\/p>\n<p>Ta mapa zawiera obecnie 25 najbardziej wyj\u0105tkowych miejsc do zwiedzania we Francji, Pays de la Loire: Loire-Atlantique (44) i jest dost\u0119pna z dowolnego miejsca dzi\u0119ki naszej \u0142atwej w u\u017cyciu mapie<strong>.<\/strong><\/p>\n<p><strong>Je\u015bli posiadasz ju\u017c ten pakiet, mo\u017cesz uzyska\u0107 do niego dost\u0119p poprzez <a href=\"\/pl\/moje-konto\/obszar-czlonkowski\/43905\/zawartosc-mojego-czlonkostwa\/\">Moje mapy &gt; Widok.<\/a><\/strong><\/p>\n<p><a href=\"#tab-description\">Lista wszystkich lokalizacji Urbex na tej mapie.<\/a><\/p>","protected":false},"featured_media":49064,"template":"","meta":[],"product_brand":[],"product_cat":[226,322,1026,1135,1347,237],"product_tag":[],"class_list":{"0":"post-48861","1":"product","2":"type-product","3":"status-publish","4":"has-post-thumbnail","6":"product_cat-france","7":"product_cat-location-packs","8":"product_cat-loire-atlantique-44","9":"product_cat-maps-france","10":"product_cat-maps-pays-de-la-loire","11":"product_cat-pays-de-la-loire","13":"first","14":"instock","15":"virtual","16":"taxable","17":"purchasable","18":"product-type-simple"},"jetpack_sharing_enabled":true,"_links":{"self":[{"href":"https:\/\/urbex.direct\/pl\/wp-json\/wp\/v2\/product\/48861","targetHints":{"allow":["GET"]}}],"collection":[{"href":"https:\/\/urbex.direct\/pl\/wp-json\/wp\/v2\/product"}],"about":[{"href":"https:\/\/urbex.direct\/pl\/wp-json\/wp\/v2\/types\/product"}],"wp:featuredmedia":[{"embeddable":true,"href":"https:\/\/urbex.direct\/pl\/wp-json\/wp\/v2\/media\/49064"}],"wp:attachment":[{"href":"https:\/\/urbex.direct\/pl\/wp-json\/wp\/v2\/media?parent=48861"}],"wp:term":[{"taxonomy":"product_brand","embeddable":true,"href":"https:\/\/urbex.direct\/pl\/wp-json\/wp\/v2\/product_brand?post=48861"},{"taxonomy":"product_cat","embeddable":true,"href":"https:\/\/urbex.direct\/pl\/wp-json\/wp\/v2\/product_cat?post=48861"},{"taxonomy":"product_tag","embeddable":true,"href":"https:\/\/urbex.direct\/pl\/wp-json\/wp\/v2\/product_tag?post=48861"}],"curies":[{"name":"wp","href":"https:\/\/api.w.org\/{rel}","templated":true}]}}