{"id":48860,"date":"2023-09-21T09:15:55","date_gmt":"2023-09-21T08:15:55","guid":{"rendered":"https:\/\/urbex.direct\/?post_type=product&#038;p=48860"},"modified":"2024-06-20T08:57:02","modified_gmt":"2024-06-20T07:57:02","slug":"location-map-tarn-81-france","status":"publish","type":"product","link":"https:\/\/urbex.direct\/pl\/product\/location-map-tarn-81-france\/","title":{"rendered":"Urbex Map France, Occitanie: Tarn (81) (roczny dost\u0119p)"},"content":{"rendered":"<p>Mapa zawiera nast\u0119puj\u0105ce lokalizacje:<\/p>\n<ul><li>Eglise P<\/li><li>Ch\u00e2teau de L\u00e9z<\/li><li>Chateau la B<\/li><li>Usine du Seigneur<\/li><li>Manoir de la Rivi\u00e8re<\/li><li>Usine Infierno<\/li><li>Usine Migro<\/li><li>Villa Cubac<\/li><li>Maison du Roucan<\/li><li>Le Lavoir a Charbon<\/li><li>\u017bandarmeria<\/li><li>Chapelle Arlequin<\/li><li>Maison Triangle<\/li><li>Restauracja Catalan<\/li><li>Ch\u00e2teau du V\u00e9t\u00e9rinaire<\/li><li>L'ancienne caserne<\/li><li>Mineurs d'entrep\u00f4ts<\/li><li>Usine Naudy<\/li><li>Maison Bug<\/li><li>Maison Alzheimer<\/li><li>Usine Chatlana \/ Usine PZM<\/li><li>Chateau De Montpinier<\/li><li>Moulin sur la berge<\/li><\/ul>","protected":false},"excerpt":{"rendered":"<p>Ta mapa urbex zawiera wszystkie lokalizacje eksploracji miejskiej (urbex) w<strong> Francja, <\/strong><strong>Oksytania<\/strong><strong>: Tarn (81).<\/strong> Ta mapa zagubionych miejsc b\u0119dzie aktualizowana i dost\u0119pna przez co najmniej 365 dni od zakupu.<\/p>\n<p>Ta mapa zawiera obecnie 23 najbardziej unikalne lokalizacje do zwiedzania we Francji, Occitanie: Tarn (81) i jest dost\u0119pna z dowolnego miejsca dzi\u0119ki naszej \u0142atwej w u\u017cyciu mapie<strong>.<\/strong><\/p>\n<p><strong>Je\u015bli posiadasz ju\u017c ten pakiet, mo\u017cesz uzyska\u0107 do niego dost\u0119p poprzez <a href=\"\/pl\/moje-konto\/obszar-czlonkowski\/43905\/zawartosc-mojego-czlonkostwa\/\">Moje mapy &gt; Widok.<\/a><\/strong><\/p>\n<p><a href=\"#tab-description\">Lista wszystkich lokalizacji Urbex na tej mapie.<\/a><\/p>","protected":false},"featured_media":49065,"template":"","meta":[],"product_brand":[],"product_cat":[226,322,1135,1346,236,1096],"product_tag":[],"class_list":{"0":"post-48860","1":"product","2":"type-product","3":"status-publish","4":"has-post-thumbnail","6":"product_cat-france","7":"product_cat-location-packs","8":"product_cat-maps-france","9":"product_cat-maps-occitanie","10":"product_cat-occitanie","11":"product_cat-tarn-81","13":"first","14":"instock","15":"virtual","16":"taxable","17":"purchasable","18":"product-type-simple"},"jetpack_sharing_enabled":true,"_links":{"self":[{"href":"https:\/\/urbex.direct\/pl\/wp-json\/wp\/v2\/product\/48860","targetHints":{"allow":["GET"]}}],"collection":[{"href":"https:\/\/urbex.direct\/pl\/wp-json\/wp\/v2\/product"}],"about":[{"href":"https:\/\/urbex.direct\/pl\/wp-json\/wp\/v2\/types\/product"}],"wp:featuredmedia":[{"embeddable":true,"href":"https:\/\/urbex.direct\/pl\/wp-json\/wp\/v2\/media\/49065"}],"wp:attachment":[{"href":"https:\/\/urbex.direct\/pl\/wp-json\/wp\/v2\/media?parent=48860"}],"wp:term":[{"taxonomy":"product_brand","embeddable":true,"href":"https:\/\/urbex.direct\/pl\/wp-json\/wp\/v2\/product_brand?post=48860"},{"taxonomy":"product_cat","embeddable":true,"href":"https:\/\/urbex.direct\/pl\/wp-json\/wp\/v2\/product_cat?post=48860"},{"taxonomy":"product_tag","embeddable":true,"href":"https:\/\/urbex.direct\/pl\/wp-json\/wp\/v2\/product_tag?post=48860"}],"curies":[{"name":"wp","href":"https:\/\/api.w.org\/{rel}","templated":true}]}}