{"id":48856,"date":"2023-09-21T09:13:26","date_gmt":"2023-09-21T08:13:26","guid":{"rendered":"https:\/\/urbex.direct\/?post_type=product&#038;p=48856"},"modified":"2024-06-20T08:59:26","modified_gmt":"2024-06-20T07:59:26","slug":"mapa-lokalizacji-gironde-33-francja","status":"publish","type":"product","link":"https:\/\/urbex.direct\/pl\/product\/location-map-gironde-33-france\/","title":{"rendered":"Urbex Map France, Nouvelle-Aquitaine: Gironde (33) (roczny dost\u0119p)"},"content":{"rendered":"<p>Mapa zawiera nast\u0119puj\u0105ce lokalizacje:<\/p>\n<ul><li>Ch\u00e2teau Corrida<\/li><li>Villa Bel Sito<\/li><li>Ch\u00e2teau JQ<\/li><li>Ch\u00e2teau Disney<\/li><li>Manoir jeu de Dames \/ Manoir Capsule<\/li><li>Maison Bernadette<\/li><li>Maison la Foret<\/li><li>Maison du Peintre<\/li><li>Pap\u00e8terie NA<\/li><li>Chateau Grand Cru<\/li><li>Hotel Luis Garavito<\/li><li>Manoir Antoinette Scieri<\/li><li>Villa La Roseraie<\/li><li>Rezydencja Le Signal<\/li><li>Ch\u00e2teau Edward Gein<\/li><li>Manoir John Christie<\/li><li>Ch\u00e2teau de l'Acteur \/ Guy Rampillon<\/li><li>Maison du Poltergeist<\/li><li>Villa Carte Blanche<\/li><li>Maison du Bachelier<\/li><li>Maison Ruche<\/li><li>Maison Villarbille<\/li><li>Ch\u00e2teau Babylon<\/li><li>Sanatorium des Mimosas<\/li><li>Maison Aquatique<\/li><li>Maison de l'otage<\/li><li>Chateau Helene Jegado<\/li><li>Hotel Jane Reth<\/li><li>Chateau le Scrill<\/li><li>Manoir Mystique<\/li><li>Ch\u00e2teau de l'hermitage \/ Chateau Trudeau<\/li><li>Maison d\u00e9tente<\/li><li>Maison de la bourgeoisie<\/li><li>Manoir Libert\u00e9<\/li><li>Petite maison aux roses<\/li><li>La ferme du vieil Albert<\/li><li>Sanatorium Wal<\/li><li>Ch\u00e2teau Bois-Fleuri<\/li><li>Chateau Bennet<\/li><li>Usine du Bois<\/li><li>Ballade du Bois<\/li><li>La Carri\u00e8re de C<\/li><li>Usine Renault<\/li><li>Baza Amiral<\/li><li>Maison Vignes<\/li><li>La Banque<\/li><li>Maison Popo<\/li><li>Manoir des viticulteurs<\/li><li>Maison des oisillons<\/li><li>L'ancien orphelinat<\/li><li>Maison du bon vieux temps<\/li><li>Piscine VT<\/li><li>Le stockage dans la for\u00eat<\/li><li>\u015alady wielkiej fermy<\/li><li>Maison Lilli<\/li><\/ul>","protected":false},"excerpt":{"rendered":"<p>Ta mapa urbex zawiera wszystkie lokalizacje eksploracji miejskiej (urbex) w<strong> Francja, Nouvelle-Aquitaine: Gironde (33).<\/strong> Ta mapa zagubionych miejsc b\u0119dzie aktualizowana i dost\u0119pna przez co najmniej 365 dni od zakupu.<\/p>\n<p>Ta mapa zawiera obecnie 55 najbardziej wyj\u0105tkowych miejsc do zwiedzania we Francji, Nouvelle-Aquitaine: Gironde (33) i jest dost\u0119pna z dowolnego miejsca dzi\u0119ki naszej \u0142atwej w u\u017cyciu mapie<strong>.<\/strong><\/p>\n<p><strong>Je\u015bli posiadasz ju\u017c ten pakiet, mo\u017cesz uzyska\u0107 do niego dost\u0119p poprzez <a href=\"\/pl\/moje-konto\/obszar-czlonkowski\/43905\/zawartosc-mojego-czlonkostwa\/\">Moje mapy &gt; Widok.<\/a><\/strong><\/p>\n<p><a href=\"#tab-description\">Lista wszystkich lokalizacji Urbex na tej mapie.<\/a><\/p>","protected":false},"featured_media":49143,"template":"","meta":[],"product_brand":[],"product_cat":[226,1074,322,1135,1349,235],"product_tag":[],"class_list":{"0":"post-48856","1":"product","2":"type-product","3":"status-publish","4":"has-post-thumbnail","6":"product_cat-france","7":"product_cat-gironde-33","8":"product_cat-location-packs","9":"product_cat-maps-france","10":"product_cat-maps-nouvelle-aquitaine","11":"product_cat-nouvelle-aquitaine","13":"first","14":"instock","15":"virtual","16":"taxable","17":"purchasable","18":"product-type-simple"},"jetpack_sharing_enabled":true,"_links":{"self":[{"href":"https:\/\/urbex.direct\/pl\/wp-json\/wp\/v2\/product\/48856","targetHints":{"allow":["GET"]}}],"collection":[{"href":"https:\/\/urbex.direct\/pl\/wp-json\/wp\/v2\/product"}],"about":[{"href":"https:\/\/urbex.direct\/pl\/wp-json\/wp\/v2\/types\/product"}],"wp:featuredmedia":[{"embeddable":true,"href":"https:\/\/urbex.direct\/pl\/wp-json\/wp\/v2\/media\/49143"}],"wp:attachment":[{"href":"https:\/\/urbex.direct\/pl\/wp-json\/wp\/v2\/media?parent=48856"}],"wp:term":[{"taxonomy":"product_brand","embeddable":true,"href":"https:\/\/urbex.direct\/pl\/wp-json\/wp\/v2\/product_brand?post=48856"},{"taxonomy":"product_cat","embeddable":true,"href":"https:\/\/urbex.direct\/pl\/wp-json\/wp\/v2\/product_cat?post=48856"},{"taxonomy":"product_tag","embeddable":true,"href":"https:\/\/urbex.direct\/pl\/wp-json\/wp\/v2\/product_tag?post=48856"}],"curies":[{"name":"wp","href":"https:\/\/api.w.org\/{rel}","templated":true}]}}