{"id":48853,"date":"2023-09-21T09:10:06","date_gmt":"2023-09-21T08:10:06","guid":{"rendered":"https:\/\/urbex.direct\/?post_type=product&#038;p=48853"},"modified":"2024-06-20T08:55:32","modified_gmt":"2024-06-20T07:55:32","slug":"location-map-eure-27-france","status":"publish","type":"product","link":"https:\/\/urbex.direct\/pl\/product\/location-map-eure-27-france\/","title":{"rendered":"Urbex Mapa Francja, Normandia: Eure (27) (roczny dost\u0119p)"},"content":{"rendered":"<p>Mapa zawiera nast\u0119puj\u0105ce lokalizacje:<\/p>\n<ul><li>Hidden Maison 4<\/li><li>Chateau PSP<\/li><li>Chateau Villa Dilme<\/li><li>Usine Magnifique<\/li><li>Chateau Anzeray<\/li><li>Chateau des Singes<\/li><li>Gara\u017c Jaguar<\/li><li>Maison Bernou<\/li><li>Manoir Jules<\/li><li>Manoir Christelle<\/li><li>Chateau des Bustes<\/li><li>Ch\u00e2teau Japonais<\/li><li>Manoir Crochet \/ Maison Broderie \/ Maison Autotunne \/ Maison Peluche<\/li><li>Manoir du Riche Physicien<\/li><li>Maison du Taxidermiste<\/li><li>Manoir du Chien Mort<\/li><li>Maison Sentier \/ Maison du Chasseur<\/li><li>Manoir Haringford \/ The Room 2.0<\/li><li>Manoir Simca<\/li><li>Maison Paulette \/ Maison Dames<\/li><li>Manoir des Lumieres<\/li><li>Maison vie Sauvage<\/li><li>Maison Synth\u00e9 \/ Villa Rose<\/li><li>Maison des fr\u00e8res jumeaux<\/li><li>Ch\u00e2teau des enfants perdus<\/li><li>Maison Tete de Chien<\/li><li>Cimentiere des Fous<\/li><li>Manoir Freya<\/li><li>Maison Peugeot<\/li><li>Villa T<\/li><li>Usine du D\u00e9sespoir<\/li><li>Maison Avre<\/li><li>Maison Firedamage<\/li><li>Maison Ginger<\/li><li>Stodo\u0142y przydomowe<\/li><li>Podpalone \u017celazne muzeum<\/li><li>Stockage du raisin<\/li><li>Grange de la brocanteuse<\/li><li>Maison Turret<\/li><li>Maison du m\u00e9canicien<\/li><li>Maison WE<\/li><li>Farma zbieraczy<\/li><\/ul>","protected":false},"excerpt":{"rendered":"<p>Ta mapa urbex zawiera wszystkie lokalizacje eksploracji miejskiej (urbex) w<strong> Francja, <\/strong><strong>Normandia<\/strong><strong>: Eure (27).<\/strong> Ta mapa zagubionych miejsc b\u0119dzie aktualizowana i dost\u0119pna przez co najmniej 365 dni od zakupu.<\/p>\n<p>This map has currently 42 of the most unique urban exploring locations in France, Normandy: Eure (27) and is accessible from anywhere with our easy to use map<strong>.<\/strong><\/p>\n<p><strong>Je\u015bli posiadasz ju\u017c ten pakiet, mo\u017cesz uzyska\u0107 do niego dost\u0119p poprzez <a href=\"\/pl\/moje-konto\/obszar-czlonkowski\/43905\/zawartosc-mojego-czlonkostwa\/\">Moje mapy &gt; Widok.<\/a><\/strong><\/p>\n<p><a href=\"#tab-description\">Lista wszystkich lokalizacji Urbex na tej mapie.<\/a><\/p>","protected":false},"featured_media":49090,"template":"","meta":[],"product_brand":[],"product_cat":[1071,226,322,1135,1344,234],"product_tag":[],"class_list":{"0":"post-48853","1":"product","2":"type-product","3":"status-publish","4":"has-post-thumbnail","6":"product_cat-eure-27","7":"product_cat-france","8":"product_cat-location-packs","9":"product_cat-maps-france","10":"product_cat-maps-normandie","11":"product_cat-normandie","13":"first","14":"instock","15":"virtual","16":"taxable","17":"purchasable","18":"product-type-simple"},"jetpack_sharing_enabled":true,"_links":{"self":[{"href":"https:\/\/urbex.direct\/pl\/wp-json\/wp\/v2\/product\/48853","targetHints":{"allow":["GET"]}}],"collection":[{"href":"https:\/\/urbex.direct\/pl\/wp-json\/wp\/v2\/product"}],"about":[{"href":"https:\/\/urbex.direct\/pl\/wp-json\/wp\/v2\/types\/product"}],"wp:featuredmedia":[{"embeddable":true,"href":"https:\/\/urbex.direct\/pl\/wp-json\/wp\/v2\/media\/49090"}],"wp:attachment":[{"href":"https:\/\/urbex.direct\/pl\/wp-json\/wp\/v2\/media?parent=48853"}],"wp:term":[{"taxonomy":"product_brand","embeddable":true,"href":"https:\/\/urbex.direct\/pl\/wp-json\/wp\/v2\/product_brand?post=48853"},{"taxonomy":"product_cat","embeddable":true,"href":"https:\/\/urbex.direct\/pl\/wp-json\/wp\/v2\/product_cat?post=48853"},{"taxonomy":"product_tag","embeddable":true,"href":"https:\/\/urbex.direct\/pl\/wp-json\/wp\/v2\/product_tag?post=48853"}],"curies":[{"name":"wp","href":"https:\/\/api.w.org\/{rel}","templated":true}]}}