{"id":48852,"date":"2023-09-21T09:09:39","date_gmt":"2023-09-21T08:09:39","guid":{"rendered":"https:\/\/urbex.direct\/?post_type=product&#038;p=48852"},"modified":"2024-06-20T08:53:54","modified_gmt":"2024-06-20T07:53:54","slug":"location-map-val-doise-95-france","status":"publish","type":"product","link":"https:\/\/urbex.direct\/pl\/product\/location-map-val-doise-95-france\/","title":{"rendered":"Urbex Mapa Francja, \u00cele-de-France: Val-d'Oise (95) (roczny dost\u0119p)"},"content":{"rendered":"<div class=\"ql-block\" data-block-id=\"block-a01928d9-6766-401c-b88c-53e7fc62ff67\">Mapa zawiera nast\u0119puj\u0105ce lokalizacje:<\/div>\n<div data-block-id=\"block-a01928d9-6766-401c-b88c-53e7fc62ff67\"><\/div>\n<div class=\"ql-block\" data-block-id=\"block-95c59a9f-caf1-489c-8f6a-b5d531e2b0fa\"><ul><li>Maison des Cardinaux<\/li><li>Ruine G<\/li><li>Sanatorium du Vexin 2<\/li><li>Usine De Tourteaux<\/li><li>Sanatorium Carnelle<\/li><li>Mirapolis<\/li><li>Destylarnia<\/li><li>5 Cin\u00e9ma<\/li><li>Maison de l'Estropi\u00e9<\/li><li>Villa Scarface<\/li><li>Manoir de l'institutrice<\/li><li>Manoir Salon Jaune<\/li><li>Manoir aux fleurs<\/li><li>H\u00f4pital Priv\u00e9<\/li><li>Maisons Twiny<\/li><li>Auberge Clos-Tourelle<\/li><li>Carri\u00e8re avec \u00e9paves<\/li><li>Carri\u00e8res V2<\/li><li>Usine Antoine<\/li><li>Maison Haravilliers<\/li><li>Ferme R2087 \/ Urbex ferme Go\u00e9lette<\/li><li>Maison Tuile bleue<\/li><li>Maison Rhus<\/li><li>Maison Autre<\/li><li>Piscine Hasard<\/li><li>Le manoir des enfants d'Oise<\/li><li>Maison twin bis<\/li><li>Premi\u00e8re Maison<\/li><li>2e Maison<\/li><li>Villa Chanterive<\/li><li>Maison Horloge<\/li><li>Cimeti\u00e8re de voitures<\/li><li>La grande maison de campagne oubli\u00e9e<\/li><li>Villa Coco<\/li><li>Castello di Tarzan<\/li><\/ul><\/div>","protected":false},"excerpt":{"rendered":"<p>Ta mapa urbex zawiera wszystkie lokalizacje eksploracji miejskiej (urbex) w<strong> Francja, <\/strong><strong>\u00cele-de-France<\/strong><strong>: Val-d&#8217;Oise (95).<\/strong> Ta mapa zagubionych miejsc b\u0119dzie aktualizowana i dost\u0119pna przez co najmniej 365 dni od zakupu.<\/p>\n<p>This map has currently 35 of the most unique urban exploring locations in France, \u00cele-de-France: Val-d&#8217;Oise (95) and is accessible from anywhere with our easy to use map<strong>.<\/strong><\/p>\n<p><strong>Je\u015bli posiadasz ju\u017c ten pakiet, mo\u017cesz uzyska\u0107 do niego dost\u0119p poprzez <a href=\"\/pl\/moje-konto\/obszar-czlonkowski\/43905\/zawartosc-mojego-czlonkostwa\/\">Moje mapy &gt; Widok.<\/a><\/strong><\/p>\n<p><a href=\"#tab-description\">Lista wszystkich lokalizacji Urbex na tej mapie.<\/a><\/p>","protected":false},"featured_media":49089,"template":"","meta":[],"product_brand":[],"product_cat":[226,233,322,1135,1343,1065],"product_tag":[],"class_list":{"0":"post-48852","1":"product","2":"type-product","3":"status-publish","4":"has-post-thumbnail","6":"product_cat-france","7":"product_cat-ile-de-france","8":"product_cat-location-packs","9":"product_cat-maps-france","10":"product_cat-maps-ile-de-france","11":"product_cat-val-doise-95","13":"first","14":"instock","15":"virtual","16":"taxable","17":"purchasable","18":"product-type-simple"},"jetpack_sharing_enabled":true,"_links":{"self":[{"href":"https:\/\/urbex.direct\/pl\/wp-json\/wp\/v2\/product\/48852","targetHints":{"allow":["GET"]}}],"collection":[{"href":"https:\/\/urbex.direct\/pl\/wp-json\/wp\/v2\/product"}],"about":[{"href":"https:\/\/urbex.direct\/pl\/wp-json\/wp\/v2\/types\/product"}],"wp:featuredmedia":[{"embeddable":true,"href":"https:\/\/urbex.direct\/pl\/wp-json\/wp\/v2\/media\/49089"}],"wp:attachment":[{"href":"https:\/\/urbex.direct\/pl\/wp-json\/wp\/v2\/media?parent=48852"}],"wp:term":[{"taxonomy":"product_brand","embeddable":true,"href":"https:\/\/urbex.direct\/pl\/wp-json\/wp\/v2\/product_brand?post=48852"},{"taxonomy":"product_cat","embeddable":true,"href":"https:\/\/urbex.direct\/pl\/wp-json\/wp\/v2\/product_cat?post=48852"},{"taxonomy":"product_tag","embeddable":true,"href":"https:\/\/urbex.direct\/pl\/wp-json\/wp\/v2\/product_tag?post=48852"}],"curies":[{"name":"wp","href":"https:\/\/api.w.org\/{rel}","templated":true}]}}