{"id":48851,"date":"2023-09-21T09:08:59","date_gmt":"2023-09-21T08:08:59","guid":{"rendered":"https:\/\/urbex.direct\/?post_type=product&#038;p=48851"},"modified":"2024-06-20T08:53:30","modified_gmt":"2024-06-20T07:53:30","slug":"location-map-seine-et-marne-77-france","status":"publish","type":"product","link":"https:\/\/urbex.direct\/pl\/product\/location-map-seine-et-marne-77-france\/","title":{"rendered":"Mapa Urbex Francja, \u00cele-de-France: Seine-et-Marne (77) (roczny dost\u0119p)"},"content":{"rendered":"<div class=\"ql-block\" data-block-id=\"block-a01928d9-6766-401c-b88c-53e7fc62ff67\">Mapa zawiera nast\u0119puj\u0105ce lokalizacje:<\/div>\n<div data-block-id=\"block-a01928d9-6766-401c-b88c-53e7fc62ff67\"><\/div>\n<div class=\"ql-block\" data-block-id=\"block-95c59a9f-caf1-489c-8f6a-b5d531e2b0fa\"><ul><li>Usine Meltingburg<\/li><li>Ch\u00e2teau Baia<\/li><li>Le Poisson Dore<\/li><li>Opuszczone ga\u0142\u0119zie przemys\u0142u<\/li><li>Piscine<\/li><li>Chateau Tennis<\/li><li>Manoir Colima\u00e7on<\/li><li>Szpital MJ<\/li><li>Maison de Clinique \/ Maison Cham<\/li><li>Batterie de Guerre<\/li><li>Ch\u00e2teau des Faisans<\/li><li>Ch\u00e2teau Popkov<\/li><li>Ch\u00e2teau Gryffondor \/ Ch\u00e2teau Social<\/li><li>Domaine de la Renaissance<\/li><li>Maison Jungle<\/li><li>La Soupe Aux Choux<\/li><li>Gara\u017c pittoresque \/ Garage Rolls<\/li><li>Cimeti\u00e8re de Bateaux Madelaine<\/li><li>Maison Skyzo<\/li><li>Sans toit<\/li><li>Ch\u00e2teau Mesrine<\/li><li>Stockage hospitalier<\/li><li>Cmentarz autobusowy<\/li><li>Eglise Indiana Jones<\/li><li>Ch\u00e2teau Bien-\u00eatre<\/li><li>Ferme avec grandes serres<\/li><li>Piscine la Plage<\/li><li>Usine d'usinage<\/li><li>Usine Judicial<\/li><\/ul><\/div>","protected":false},"excerpt":{"rendered":"<p>Ta mapa urbex zawiera wszystkie lokalizacje eksploracji miejskiej (urbex) w<strong> Francja, <\/strong><strong>\u00cele-de-France<\/strong><strong>: Seine-et-Marne (77).<\/strong> Ta mapa zagubionych miejsc b\u0119dzie aktualizowana i dost\u0119pna przez co najmniej 365 dni od zakupu.<\/p>\n<p>This map has currently 29 of the most unique urban exploring locations in France, \u00cele-de-France: Seine-et-Marne (77) and is accessible from anywhere with our easy to use map<strong>.<\/strong><\/p>\n<p><strong>Je\u015bli posiadasz ju\u017c ten pakiet, mo\u017cesz uzyska\u0107 do niego dost\u0119p poprzez <a href=\"\/pl\/moje-konto\/obszar-czlonkowski\/43905\/zawartosc-mojego-czlonkostwa\/\">Moje mapy &gt; Widok.<\/a><\/strong><\/p>\n<p><a href=\"#tab-description\">Lista wszystkich lokalizacji Urbex na tej mapie.<\/a><\/p>","protected":false},"featured_media":49145,"template":"","meta":[],"product_brand":[],"product_cat":[226,233,322,1135,1343,1059],"product_tag":[],"class_list":{"0":"post-48851","1":"product","2":"type-product","3":"status-publish","4":"has-post-thumbnail","6":"product_cat-france","7":"product_cat-ile-de-france","8":"product_cat-location-packs","9":"product_cat-maps-france","10":"product_cat-maps-ile-de-france","11":"product_cat-seine-et-marne-77","13":"first","14":"instock","15":"virtual","16":"taxable","17":"purchasable","18":"product-type-simple"},"jetpack_sharing_enabled":true,"_links":{"self":[{"href":"https:\/\/urbex.direct\/pl\/wp-json\/wp\/v2\/product\/48851","targetHints":{"allow":["GET"]}}],"collection":[{"href":"https:\/\/urbex.direct\/pl\/wp-json\/wp\/v2\/product"}],"about":[{"href":"https:\/\/urbex.direct\/pl\/wp-json\/wp\/v2\/types\/product"}],"wp:featuredmedia":[{"embeddable":true,"href":"https:\/\/urbex.direct\/pl\/wp-json\/wp\/v2\/media\/49145"}],"wp:attachment":[{"href":"https:\/\/urbex.direct\/pl\/wp-json\/wp\/v2\/media?parent=48851"}],"wp:term":[{"taxonomy":"product_brand","embeddable":true,"href":"https:\/\/urbex.direct\/pl\/wp-json\/wp\/v2\/product_brand?post=48851"},{"taxonomy":"product_cat","embeddable":true,"href":"https:\/\/urbex.direct\/pl\/wp-json\/wp\/v2\/product_cat?post=48851"},{"taxonomy":"product_tag","embeddable":true,"href":"https:\/\/urbex.direct\/pl\/wp-json\/wp\/v2\/product_tag?post=48851"}],"curies":[{"name":"wp","href":"https:\/\/api.w.org\/{rel}","templated":true}]}}