{"id":48850,"date":"2023-09-21T09:08:13","date_gmt":"2023-09-21T08:08:13","guid":{"rendered":"https:\/\/urbex.direct\/?post_type=product&#038;p=48850"},"modified":"2024-06-20T08:53:18","modified_gmt":"2024-06-20T07:53:18","slug":"mapa-lokalizacji-essonne-91-francja","status":"publish","type":"product","link":"https:\/\/urbex.direct\/pl\/product\/location-map-essonne-91-france\/","title":{"rendered":"Urbex Mapa Francja, \u00cele-de-France: Essonne (91) (roczny dost\u0119p)"},"content":{"rendered":"<div class=\"ql-block\" data-block-id=\"block-a01928d9-6766-401c-b88c-53e7fc62ff67\">Mapa zawiera nast\u0119puj\u0105ce lokalizacje:<\/div>\n<div data-block-id=\"block-a01928d9-6766-401c-b88c-53e7fc62ff67\"><\/div>\n<div class=\"ql-block\" data-block-id=\"block-95c59a9f-caf1-489c-8f6a-b5d531e2b0fa\"><ul><li>Maison Norman<\/li><li>Station de Pompage<\/li><li>Bureaux Libert\u00e9s<\/li><li>Usine JK<\/li><li>Hopital CB<\/li><li>Maxi kostnica<\/li><li>HippoDr\u00f4me<\/li><li>Maison Alphonse Daudet<\/li><li>Manoir H\u00e9l\u00e8ne<\/li><li>Chateau Barbusse<\/li><li>Ch\u00e2teau du Chat Mort<\/li><li>Gare Atrigo \/ Gare Wissous<\/li><li>Piscine Abandonn\u00e9e<\/li><li>Rze\u017ania<\/li><li>Lost Grill<\/li><li>Centre d'artiste<\/li><li>Cyrk V \/ Szko\u0142a cyrkowa<\/li><li>Manoir Trois Colonnes<\/li><li>Ch\u00e2teau Foss\u00e9<\/li><li>Chateau \u00e0 L'horloge<\/li><li>Ch\u00e2teau Hitler<\/li><li>Zoo du G\u00e9n\u00e9ral<\/li><li>Przysz\u0142o\u015b\u0107 Orphelinat<\/li><li>Villa Barby<\/li><li>Franc etoupes<\/li><li>Chateau \u00e9toupes<\/li><li>Villa voisine<\/li><li>Usine System X<\/li><li>Villa Ongaria<\/li><li>Monast\u00e8re au Moine<\/li><li>Morgue Dead \/ Morgue Braindead \/ Morgue mort c\u00e9r\u00e9brale<\/li><li>Ch\u00e2teau Malfrat \/ Ch\u00e2teau au buste rouge<\/li><li>Centrum a\u00e9r\u00e9<\/li><li>Villa tour de contr\u00f4le<\/li><li>Enfance de GIF<\/li><li>Maison des marais<\/li><li>Manoir Casanova<\/li><li>Petit Pavillon<\/li><li>Maison Champion<\/li><li>\u00c9paves de bateaux fluviaux<\/li><li>Gare Perdue ES<\/li><\/ul><\/div>","protected":false},"excerpt":{"rendered":"<p>Ta mapa urbex zawiera wszystkie lokalizacje eksploracji miejskiej (urbex) w<strong> Francja, <\/strong><strong>\u00cele-de-France<\/strong><strong>: Essonne (91).<\/strong> Ta mapa zagubionych miejsc b\u0119dzie aktualizowana i dost\u0119pna przez co najmniej 365 dni od zakupu.<\/p>\n<p>Ta mapa zawiera obecnie 41 najbardziej wyj\u0105tkowych miejsc do zwiedzania we Francji, \u00cele-de-France: Essonne (91) i jest dost\u0119pna z dowolnego miejsca dzi\u0119ki naszej \u0142atwej w u\u017cyciu mapie<strong>.<\/strong><\/p>\n<p><strong>Je\u015bli posiadasz ju\u017c ten pakiet, mo\u017cesz uzyska\u0107 do niego dost\u0119p poprzez <a href=\"\/pl\/moje-konto\/obszar-czlonkowski\/43905\/zawartosc-mojego-czlonkostwa\/\">Moje mapy &gt; Widok.<\/a><\/strong><\/p>\n<p><a href=\"#tab-description\">Lista wszystkich lokalizacji Urbex na tej mapie.<\/a><\/p>","protected":false},"featured_media":49147,"template":"","meta":[],"product_brand":[],"product_cat":[1061,226,233,322,1135,1343],"product_tag":[],"class_list":{"0":"post-48850","1":"product","2":"type-product","3":"status-publish","4":"has-post-thumbnail","6":"product_cat-essonne-91","7":"product_cat-france","8":"product_cat-ile-de-france","9":"product_cat-location-packs","10":"product_cat-maps-france","11":"product_cat-maps-ile-de-france","13":"first","14":"instock","15":"virtual","16":"taxable","17":"purchasable","18":"product-type-simple"},"jetpack_sharing_enabled":true,"_links":{"self":[{"href":"https:\/\/urbex.direct\/pl\/wp-json\/wp\/v2\/product\/48850","targetHints":{"allow":["GET"]}}],"collection":[{"href":"https:\/\/urbex.direct\/pl\/wp-json\/wp\/v2\/product"}],"about":[{"href":"https:\/\/urbex.direct\/pl\/wp-json\/wp\/v2\/types\/product"}],"wp:featuredmedia":[{"embeddable":true,"href":"https:\/\/urbex.direct\/pl\/wp-json\/wp\/v2\/media\/49147"}],"wp:attachment":[{"href":"https:\/\/urbex.direct\/pl\/wp-json\/wp\/v2\/media?parent=48850"}],"wp:term":[{"taxonomy":"product_brand","embeddable":true,"href":"https:\/\/urbex.direct\/pl\/wp-json\/wp\/v2\/product_brand?post=48850"},{"taxonomy":"product_cat","embeddable":true,"href":"https:\/\/urbex.direct\/pl\/wp-json\/wp\/v2\/product_cat?post=48850"},{"taxonomy":"product_tag","embeddable":true,"href":"https:\/\/urbex.direct\/pl\/wp-json\/wp\/v2\/product_tag?post=48850"}],"curies":[{"name":"wp","href":"https:\/\/api.w.org\/{rel}","templated":true}]}}