{"id":48849,"date":"2023-09-21T09:07:34","date_gmt":"2023-09-21T08:07:34","guid":{"rendered":"https:\/\/urbex.direct\/?post_type=product&#038;p=48849"},"modified":"2024-06-20T08:52:27","modified_gmt":"2024-06-20T07:52:27","slug":"mapa-lokalizacji-somme-80-francja","status":"publish","type":"product","link":"https:\/\/urbex.direct\/pl\/product\/location-map-somme-80-france\/","title":{"rendered":"Urbex Mapa Francja, Hauts-de-France: Somme (80) (roczny dost\u0119p)"},"content":{"rendered":"<p>Mapa zawiera nast\u0119puj\u0105ce lokalizacje:<\/p>\n<ul><li>Usine Amay<\/li><li>Maison Arlette \/ Chez Artlette<\/li><li>Ferme Montiers<\/li><li>Manoir Malediction<\/li><li>Ferme Philo<\/li><li>Villa de la Plage<\/li><li>Ch\u00e2teau Sanglier \/ Zamek dzik\u00f3w<\/li><li>Ch\u00e2teau de la Biche<\/li><li>Manoir Orland<\/li><li>Ch\u00e2teau Martin P\u00eacheur<\/li><li>Chateau Colo<\/li><li>Usine Coop<\/li><li>Sucrerie B<\/li><li>Usine Feuille de Trefle<\/li><li>Ecole B<\/li><li>Usine DP<\/li><li>La Maison Effeuillage \/ Pok\u00f3j<\/li><li>Koncesja SAAB<\/li><li>Eglise de l'Alien (tylko za pozwoleniem)<\/li><li>Maison Damier<\/li><li>La Maison du Renard<\/li><li>Manoir Scolaire \/ Manoir Fire<\/li><li>Maison Valines<\/li><li>Piscine Tournesol 8<\/li><li>Pla\u017ca Usine<\/li><\/ul>","protected":false},"excerpt":{"rendered":"<p>Ta mapa urbex zawiera wszystkie lokalizacje eksploracji miejskiej (urbex) w<strong> Francja, <\/strong><strong>Hauts-de-France<\/strong><strong>: Somme (80).<\/strong> Ta mapa zagubionych miejsc b\u0119dzie aktualizowana i dost\u0119pna przez co najmniej 365 dni od zakupu.<\/p>\n<p>Ta mapa zawiera obecnie 25 najbardziej wyj\u0105tkowych miejsc do zwiedzania we Francji, Hauts-de-France: Somme (80) i jest dost\u0119pna z dowolnego miejsca dzi\u0119ki naszej \u0142atwej w u\u017cyciu mapie<strong>.<\/strong><\/p>\n<p><strong>Je\u015bli posiadasz ju\u017c ten pakiet, mo\u017cesz uzyska\u0107 do niego dost\u0119p poprzez <a href=\"\/pl\/moje-konto\/obszar-czlonkowski\/43905\/zawartosc-mojego-czlonkostwa\/\">Moje mapy &gt; Widok.<\/a><\/strong><\/p>\n<p><a href=\"#tab-description\">Lista wszystkich lokalizacji Urbex na tej mapie.<\/a><\/p>","protected":false},"featured_media":49113,"template":"","meta":[],"product_brand":[],"product_cat":[226,232,322,1135,1342,1057],"product_tag":[],"class_list":{"0":"post-48849","1":"product","2":"type-product","3":"status-publish","4":"has-post-thumbnail","6":"product_cat-france","7":"product_cat-hauts-de-france","8":"product_cat-location-packs","9":"product_cat-maps-france","10":"product_cat-maps-hauts-de-france","11":"product_cat-somme-80","13":"first","14":"instock","15":"virtual","16":"taxable","17":"purchasable","18":"product-type-simple"},"jetpack_sharing_enabled":true,"_links":{"self":[{"href":"https:\/\/urbex.direct\/pl\/wp-json\/wp\/v2\/product\/48849","targetHints":{"allow":["GET"]}}],"collection":[{"href":"https:\/\/urbex.direct\/pl\/wp-json\/wp\/v2\/product"}],"about":[{"href":"https:\/\/urbex.direct\/pl\/wp-json\/wp\/v2\/types\/product"}],"wp:featuredmedia":[{"embeddable":true,"href":"https:\/\/urbex.direct\/pl\/wp-json\/wp\/v2\/media\/49113"}],"wp:attachment":[{"href":"https:\/\/urbex.direct\/pl\/wp-json\/wp\/v2\/media?parent=48849"}],"wp:term":[{"taxonomy":"product_brand","embeddable":true,"href":"https:\/\/urbex.direct\/pl\/wp-json\/wp\/v2\/product_brand?post=48849"},{"taxonomy":"product_cat","embeddable":true,"href":"https:\/\/urbex.direct\/pl\/wp-json\/wp\/v2\/product_cat?post=48849"},{"taxonomy":"product_tag","embeddable":true,"href":"https:\/\/urbex.direct\/pl\/wp-json\/wp\/v2\/product_tag?post=48849"}],"curies":[{"name":"wp","href":"https:\/\/api.w.org\/{rel}","templated":true}]}}