{"id":48848,"date":"2023-09-21T09:06:45","date_gmt":"2023-09-21T08:06:45","guid":{"rendered":"https:\/\/urbex.direct\/?post_type=product&#038;p=48848"},"modified":"2024-06-20T08:52:19","modified_gmt":"2024-06-20T07:52:19","slug":"mapa-lokalizacji-pas-de-calais-62-francja","status":"publish","type":"product","link":"https:\/\/urbex.direct\/pl\/product\/location-map-pas-de-calais-62-france\/","title":{"rendered":"Urbex Mapa Francja, Hauts-de-France: Pas-de-Calais (62) (roczny dost\u0119p)"},"content":{"rendered":"<p>Mapa zawiera nast\u0119puj\u0105ce lokalizacje:<\/p>\n<ul><li>Car-Tune<\/li><li>Chateau de l&#039; Elan<\/li><li>Fiber Fever<\/li><li>Lord Grey<\/li><li>Maison aux Plantes<\/li><li>Manoir Grano<\/li><li>Wujek Donald<\/li><li>Kurtka Maison<\/li><li>Ferme Leclerc<\/li><li>H\u00f4pital du B\u00e9b\u00e9 qui Pleure<\/li><li>Ferme Lam<\/li><li>Chapelle du Roy<\/li><li>Maison du d\u00e9pressif<\/li><li>Gare Maritime \/ dworzec promowy<\/li><li>Manoir Pendulum<\/li><li>Maison Marionenettes<\/li><li>Villa Anglais<\/li><li>Maison Papillon Blue<\/li><li>Manoir de l&#039;Aristocrate \/ Ferme d&#039;Agatha<\/li><li>Manoir de Gotna<\/li><li>Ferme Paradise<\/li><li>Chateau Jonquille<\/li><li>Mine du Grimpeur<\/li><li>Maison Tacot<\/li><li>La Morgue de Dieu<\/li><li>La Ferme Paradis<\/li><li>Maison Gepetto<\/li><li>Manoir Resurrection<\/li><li>Voiture Tetris \/ Samochody Tetris<\/li><li>Ferme Merlier<\/li><li>Maison Seimreh<\/li><li>Maison du Table<\/li><li>Restauracja Tipi<\/li><li>Usine Verte<\/li><li>Garde \u00e0 vue<\/li><li>Stare budynki g\u00f3rnicze<\/li><li>Maison Bies<\/li><li>Maison Tartar<\/li><li>Zimowy dom<\/li><li>Manoir Jeu de Dames<\/li><li>Nature House<\/li><li>Maison Groundkeeper<\/li><li>The Bunker Fields<\/li><li>Ferme Cornet \/ Van Farm<\/li><li>Club Osmose<\/li><li>Ferme de l'oncle Joe<\/li><li>Klinika po\u0142o\u017cnicza<\/li><li>La Vache Folle<\/li><\/ul>","protected":false},"excerpt":{"rendered":"<p>Ta mapa urbex zawiera wszystkie lokalizacje eksploracji miejskiej (urbex) w<strong> Francja, <\/strong><strong>Hauts-de-France<\/strong><strong>: Pas-de-Calais (62).<\/strong>\u00a0Ta mapa zagubionych miejsc b\u0119dzie aktualizowana i dost\u0119pna przez co najmniej 365 dni od zakupu.<\/p>\n<p>Ta mapa zawiera obecnie 48 najbardziej unikalnych lokalizacji do zwiedzania miast we Francji, Hauts-de-France: Pas-de-Calais (62) i jest dost\u0119pna z dowolnego miejsca dzi\u0119ki naszej \u0142atwej w u\u017cyciu mapie<strong>.<\/strong><\/p>\n<p><strong>Je\u015bli posiadasz ju\u017c ten pakiet, mo\u017cesz uzyska\u0107 do niego dost\u0119p poprzez <a href=\"\/pl\/moje-konto\/obszar-czlonkowski\/43905\/zawartosc-mojego-czlonkostwa\/\">Moje mapy &gt; Widok.<\/a><\/strong><\/p>\n<p><a href=\"#tab-description\">Lista wszystkich lokalizacji Urbex na tej mapie.<\/a><\/p>","protected":false},"featured_media":49116,"template":"","meta":[],"product_brand":[],"product_cat":[226,232,322,1135,1342,1054],"product_tag":[],"class_list":{"0":"post-48848","1":"product","2":"type-product","3":"status-publish","4":"has-post-thumbnail","6":"product_cat-france","7":"product_cat-hauts-de-france","8":"product_cat-location-packs","9":"product_cat-maps-france","10":"product_cat-maps-hauts-de-france","11":"product_cat-pas-de-calais-62","13":"first","14":"instock","15":"virtual","16":"taxable","17":"purchasable","18":"product-type-simple"},"jetpack_sharing_enabled":true,"_links":{"self":[{"href":"https:\/\/urbex.direct\/pl\/wp-json\/wp\/v2\/product\/48848","targetHints":{"allow":["GET"]}}],"collection":[{"href":"https:\/\/urbex.direct\/pl\/wp-json\/wp\/v2\/product"}],"about":[{"href":"https:\/\/urbex.direct\/pl\/wp-json\/wp\/v2\/types\/product"}],"wp:featuredmedia":[{"embeddable":true,"href":"https:\/\/urbex.direct\/pl\/wp-json\/wp\/v2\/media\/49116"}],"wp:attachment":[{"href":"https:\/\/urbex.direct\/pl\/wp-json\/wp\/v2\/media?parent=48848"}],"wp:term":[{"taxonomy":"product_brand","embeddable":true,"href":"https:\/\/urbex.direct\/pl\/wp-json\/wp\/v2\/product_brand?post=48848"},{"taxonomy":"product_cat","embeddable":true,"href":"https:\/\/urbex.direct\/pl\/wp-json\/wp\/v2\/product_cat?post=48848"},{"taxonomy":"product_tag","embeddable":true,"href":"https:\/\/urbex.direct\/pl\/wp-json\/wp\/v2\/product_tag?post=48848"}],"curies":[{"name":"wp","href":"https:\/\/api.w.org\/{rel}","templated":true}]}}