{"id":48846,"date":"2023-09-21T08:57:50","date_gmt":"2023-09-21T07:57:50","guid":{"rendered":"https:\/\/urbex.direct\/?post_type=product&#038;p=48846"},"modified":"2024-06-20T08:51:51","modified_gmt":"2024-06-20T07:51:51","slug":"mapa-lokalizacji-nord-59-francja","status":"publish","type":"product","link":"https:\/\/urbex.direct\/pl\/product\/location-map-nord-59-france\/","title":{"rendered":"Urbex Map France, Hauts-de-France: Nord (59) (roczny dost\u0119p)"},"content":{"rendered":"<p>Mapa zawiera nast\u0119puj\u0105ce lokalizacje:<\/p>\n<ul><li>Manoir 1800<\/li><li>Maison Queue de Faisan<\/li><li>Usine Tropica<\/li><li>Duck Factory<\/li><li>Villa Alphonse<\/li><li>Usine de Bi\u00e8res<\/li><li>Maison Leko<\/li><li>Usine de 1932<\/li><li>El\u00e9phant de la m\u00e9moire \/ Zagubiony s\u0142o\u0144<\/li><li>Usine Standart S A<\/li><li>Clinique du Maternite<\/li><li>Kaplica La Barbe \/ Kaplica Brodacza<\/li><li>W\u0119dzona cegielnia<\/li><li>Chateau de l'Empire \/ Zamek genera\u0142a Vandamme'a<\/li><li>Manoir Porsche<\/li><li>Ferme Aux Obus \/ Ferme Quality Street<\/li><li>Szpital G<\/li><li>Krucyfiks Ferme<\/li><li>Browar C<\/li><li>Blue Plane 2.0<\/li><li>Disco Silo<\/li><li>Usine Camus<\/li><li>Maison Horizon<\/li><li>Maison Meunier<\/li><li>Ch\u00e2teau Frakacet<\/li><li>Maison Calmette<\/li><li>Cmentarz poci\u0105g\u00f3w \/ Trains d'un autre monde<\/li><li>Eglise de la d\u00e9solation<\/li><li>Antyczna dyskoteka<\/li><li>Maison Mickey<\/li><li>Maison FlipFlop<\/li><li>Maison disparue<\/li><li>Entrep\u00f4t dans la for\u00eat<\/li><li>Maison Fleury<\/li><li>Maison Gestapo<\/li><li>Maison Volt<\/li><li>Stara fabryka poci\u0105g\u00f3w<\/li><li>Manoir Bourgeois<\/li><li>Ferme Nationale<\/li><li>Maison Salva<\/li><li>Dom kolejowy<\/li><li>Dom z problemem budowlanym<\/li><li>Ch\u00e2teau des Douaniers<\/li><li>Fort M<\/li><li>Fort M 2<\/li><li>Fort M 3<\/li><li>Fort M 4<\/li><li>Centrum Cultura<\/li><li>Gara\u017c Fina<\/li><li>Maison du P\u00eacheur<\/li><li>Piscine Tournesol 4<\/li><li>Centrale H<\/li><li>Maison des chatons<\/li><li>Maison w \u015brodku<\/li><li>Kr\u0119gle w kosmosie<\/li><li>Maison Cloch<\/li><li>Maison de fer<\/li><li>Entrepot d\u00e9labr\u00e9<\/li><li>Bia\u0142y Dom Marze\u0144<\/li><li>Maison Watchtower<\/li><li>Crooked Maisons<\/li><li>Atak tytan\u00f3w<\/li><li>Maison fig\u00e9e dans le temps<\/li><\/ul>","protected":false},"excerpt":{"rendered":"<p>Ta mapa urbex zawiera wszystkie lokalizacje eksploracji miejskiej (urbex) w<strong> Francja, <\/strong><strong>Hauts-de-France<\/strong><strong>: Nord (59).<\/strong> Ta mapa zagubionych miejsc b\u0119dzie aktualizowana i dost\u0119pna przez co najmniej 365 dni od zakupu.<\/p>\n<p>This map has currently 63 of the most unique urban exploring locations in France, Hauts-de-France: Nord (59) and is accessible from anywhere with our easy to use map<strong>.<\/strong><\/p>\n<p><strong>Je\u015bli posiadasz ju\u017c ten pakiet, mo\u017cesz uzyska\u0107 do niego dost\u0119p poprzez <a href=\"\/pl\/moje-konto\/obszar-czlonkowski\/43905\/zawartosc-mojego-czlonkostwa\/\">Moje mapy &gt; Widok.<\/a><\/strong><\/p>\n<p><a href=\"#tab-description\">Lista wszystkich lokalizacji Urbex na tej mapie.<\/a><\/p>","protected":false},"featured_media":49067,"template":"","meta":[],"product_brand":[],"product_cat":[226,232,322,1135,1342,1053],"product_tag":[],"class_list":{"0":"post-48846","1":"product","2":"type-product","3":"status-publish","4":"has-post-thumbnail","6":"product_cat-france","7":"product_cat-hauts-de-france","8":"product_cat-location-packs","9":"product_cat-maps-france","10":"product_cat-maps-hauts-de-france","11":"product_cat-nord-59","13":"first","14":"instock","15":"virtual","16":"taxable","17":"purchasable","18":"product-type-simple"},"jetpack_sharing_enabled":true,"_links":{"self":[{"href":"https:\/\/urbex.direct\/pl\/wp-json\/wp\/v2\/product\/48846","targetHints":{"allow":["GET"]}}],"collection":[{"href":"https:\/\/urbex.direct\/pl\/wp-json\/wp\/v2\/product"}],"about":[{"href":"https:\/\/urbex.direct\/pl\/wp-json\/wp\/v2\/types\/product"}],"wp:featuredmedia":[{"embeddable":true,"href":"https:\/\/urbex.direct\/pl\/wp-json\/wp\/v2\/media\/49067"}],"wp:attachment":[{"href":"https:\/\/urbex.direct\/pl\/wp-json\/wp\/v2\/media?parent=48846"}],"wp:term":[{"taxonomy":"product_brand","embeddable":true,"href":"https:\/\/urbex.direct\/pl\/wp-json\/wp\/v2\/product_brand?post=48846"},{"taxonomy":"product_cat","embeddable":true,"href":"https:\/\/urbex.direct\/pl\/wp-json\/wp\/v2\/product_cat?post=48846"},{"taxonomy":"product_tag","embeddable":true,"href":"https:\/\/urbex.direct\/pl\/wp-json\/wp\/v2\/product_tag?post=48846"}],"curies":[{"name":"wp","href":"https:\/\/api.w.org\/{rel}","templated":true}]}}