{"id":48844,"date":"2023-09-21T08:56:25","date_gmt":"2023-09-21T07:56:25","guid":{"rendered":"https:\/\/urbex.direct\/?post_type=product&#038;p=48844"},"modified":"2024-06-20T08:48:30","modified_gmt":"2024-06-20T07:48:30","slug":"mapa-lokalizacji-vosges-88-francja","status":"publish","type":"product","link":"https:\/\/urbex.direct\/pl\/product\/location-map-vosges-88-france\/","title":{"rendered":"Urbex Mapa Francja, Grand Est: Wogezy (88) (roczny dost\u0119p)"},"content":{"rendered":"<p>Mapa zawiera nast\u0119puj\u0105ce lokalizacje:<\/p>\n<ul><li>Villa Larue<\/li><li>Maison Durand<\/li><li>Ch\u00e2teau du D\u00e9m\u00e9nageur<\/li><li>Ch\u00e2teau des Fraises<\/li><li>Maison Jean-Marie<\/li><li>Maison Satanique<\/li><li>Rze\u017anie<\/li><li>Villa Am\u00e9lie<\/li><li>Usine Blanchiment<\/li><li>Ch\u00e2teau de la Marquise de Brinvilliers<\/li><li>Wagon House<\/li><li>Maison 72<\/li><li>H\u00f4tel Weidman<\/li><li>Ch\u00e2teau Muet<\/li><li>Filature D\u00e9meusur\u00e9e<\/li><li>H\u00f4tel William Bonin<\/li><li>Hotel Vasili Komaroff<\/li><li>Manoir La Vache<\/li><li>Chapelle B \/ Chapelle des Loups<\/li><li>Scierie Abandonn\u00e9e<\/li><li>Maison Intacte<\/li><li>Maison Vroom<\/li><li>Maison du Gutty<\/li><li>Maison Tisseuse<\/li><li>Le caf\u00e9 73 \/ Bistrot 1973<\/li><li>Santa House<\/li><\/ul>","protected":false},"excerpt":{"rendered":"<p>Ta mapa urbex zawiera wszystkie lokalizacje eksploracji miejskiej (urbex) w<strong> Francja, <\/strong><strong>Grand Est<\/strong><strong>: Wogezy (88).<\/strong> Ta mapa zagubionych miejsc b\u0119dzie aktualizowana i dost\u0119pna przez co najmniej 365 dni od zakupu.<\/p>\n<p>This map has currently 26 of the most unique urban exploring locations in France, Grand Est: Vosges (88) and is accessible from anywhere with our easy to use map<strong>.<\/strong><\/p>\n<p><strong>Je\u015bli posiadasz ju\u017c ten pakiet, mo\u017cesz uzyska\u0107 do niego dost\u0119p poprzez <a href=\"\/pl\/moje-konto\/obszar-czlonkowski\/43905\/zawartosc-mojego-czlonkostwa\/\">Moje mapy &gt; Widok.<\/a><\/strong><\/p>","protected":false},"featured_media":49151,"template":"","meta":[],"product_brand":[],"product_cat":[226,231,322,1135,1341,1052],"product_tag":[],"class_list":{"0":"post-48844","1":"product","2":"type-product","3":"status-publish","4":"has-post-thumbnail","6":"product_cat-france","7":"product_cat-grand-est","8":"product_cat-location-packs","9":"product_cat-maps-france","10":"product_cat-maps-grand-est","11":"product_cat-vosges-88","13":"first","14":"instock","15":"virtual","16":"taxable","17":"purchasable","18":"product-type-simple"},"jetpack_sharing_enabled":true,"_links":{"self":[{"href":"https:\/\/urbex.direct\/pl\/wp-json\/wp\/v2\/product\/48844","targetHints":{"allow":["GET"]}}],"collection":[{"href":"https:\/\/urbex.direct\/pl\/wp-json\/wp\/v2\/product"}],"about":[{"href":"https:\/\/urbex.direct\/pl\/wp-json\/wp\/v2\/types\/product"}],"wp:featuredmedia":[{"embeddable":true,"href":"https:\/\/urbex.direct\/pl\/wp-json\/wp\/v2\/media\/49151"}],"wp:attachment":[{"href":"https:\/\/urbex.direct\/pl\/wp-json\/wp\/v2\/media?parent=48844"}],"wp:term":[{"taxonomy":"product_brand","embeddable":true,"href":"https:\/\/urbex.direct\/pl\/wp-json\/wp\/v2\/product_brand?post=48844"},{"taxonomy":"product_cat","embeddable":true,"href":"https:\/\/urbex.direct\/pl\/wp-json\/wp\/v2\/product_cat?post=48844"},{"taxonomy":"product_tag","embeddable":true,"href":"https:\/\/urbex.direct\/pl\/wp-json\/wp\/v2\/product_tag?post=48844"}],"curies":[{"name":"wp","href":"https:\/\/api.w.org\/{rel}","templated":true}]}}