{"id":48843,"date":"2023-09-21T08:53:22","date_gmt":"2023-09-21T07:53:22","guid":{"rendered":"https:\/\/urbex.direct\/?post_type=product&#038;p=48843"},"modified":"2024-06-20T08:48:10","modified_gmt":"2024-06-20T07:48:10","slug":"location-map-moselle-57-france","status":"publish","type":"product","link":"https:\/\/urbex.direct\/pl\/product\/location-map-moselle-57-france\/","title":{"rendered":"Urbex Mapa Francja, Grand Est: Moselle (57) (roczny dost\u0119p)"},"content":{"rendered":"<p>Mapa zawiera nast\u0119puj\u0105ce lokalizacje:<\/p>\n<ul><li>Bunkier V<\/li><li>Bunkier K<\/li><li>Travaux Electriques<\/li><li>Travaux d'Aliens<\/li><li>Caserne d&#039; Ange<\/li><li>Maginotbunker Gros Ouvrage de Rochonvillers<\/li><li>HFX<\/li><li>Forteresse de Guerre<\/li><li>Camp de la Mort<\/li><li>U Verlagerung Saar<\/li><li>Puits Simon<\/li><li>Ferme Edouard<\/li><li>Maison du Passionn\u00e9<\/li><li>Mine des Grimpeurs<\/li><li>Casino Royale<\/li><li>Gare de Stroff<\/li><li>Base Militaire des Engins de Guerre<\/li><li>La piscine d'herbe<\/li><li>Maison Kaltbach<\/li><li>Hangar z pojazdami<\/li><li>The Vinyll Chalet<\/li><li>Porzucone centrum mobilne<\/li><li>Gare HB<\/li><li>Domek my\u015bliwego<\/li><li>Maison pl\u00e2trage<\/li><li>Maison du Maquetiste<\/li><li>Manoir du lyc\u00e9e<\/li><li>Piscine Fronti\u00e8re<\/li><\/ul>","protected":false},"excerpt":{"rendered":"<p>Ta mapa urbex zawiera wszystkie lokalizacje eksploracji miejskiej (urbex) w<strong> Francja, <\/strong><strong>Grand Est<\/strong><strong>: Moselle (57).<\/strong> Ta mapa zagubionych miejsc b\u0119dzie aktualizowana i dost\u0119pna przez co najmniej 365 dni od zakupu.<\/p>\n<p>This map has currently 28 of the most unique urban exploring locations in France, Grand Est: Moselle (57) and is accessible from anywhere with our easy to use map<strong>.<\/strong><\/p>\n<p><strong>Je\u015bli posiadasz ju\u017c ten pakiet, mo\u017cesz uzyska\u0107 do niego dost\u0119p poprzez <a href=\"\/pl\/moje-konto\/obszar-czlonkowski\/43905\/zawartosc-mojego-czlonkostwa\/\">Moje mapy &gt; Widok.<\/a><\/strong><\/p>","protected":false},"featured_media":49149,"template":"","meta":[],"product_brand":[],"product_cat":[226,231,322,1135,1341,1051],"product_tag":[],"class_list":{"0":"post-48843","1":"product","2":"type-product","3":"status-publish","4":"has-post-thumbnail","6":"product_cat-france","7":"product_cat-grand-est","8":"product_cat-location-packs","9":"product_cat-maps-france","10":"product_cat-maps-grand-est","11":"product_cat-moselle-57","13":"first","14":"instock","15":"virtual","16":"taxable","17":"purchasable","18":"product-type-simple"},"jetpack_sharing_enabled":true,"_links":{"self":[{"href":"https:\/\/urbex.direct\/pl\/wp-json\/wp\/v2\/product\/48843","targetHints":{"allow":["GET"]}}],"collection":[{"href":"https:\/\/urbex.direct\/pl\/wp-json\/wp\/v2\/product"}],"about":[{"href":"https:\/\/urbex.direct\/pl\/wp-json\/wp\/v2\/types\/product"}],"wp:featuredmedia":[{"embeddable":true,"href":"https:\/\/urbex.direct\/pl\/wp-json\/wp\/v2\/media\/49149"}],"wp:attachment":[{"href":"https:\/\/urbex.direct\/pl\/wp-json\/wp\/v2\/media?parent=48843"}],"wp:term":[{"taxonomy":"product_brand","embeddable":true,"href":"https:\/\/urbex.direct\/pl\/wp-json\/wp\/v2\/product_brand?post=48843"},{"taxonomy":"product_cat","embeddable":true,"href":"https:\/\/urbex.direct\/pl\/wp-json\/wp\/v2\/product_cat?post=48843"},{"taxonomy":"product_tag","embeddable":true,"href":"https:\/\/urbex.direct\/pl\/wp-json\/wp\/v2\/product_tag?post=48843"}],"curies":[{"name":"wp","href":"https:\/\/api.w.org\/{rel}","templated":true}]}}