{"id":48830,"date":"2023-09-20T09:58:58","date_gmt":"2023-09-20T08:58:58","guid":{"rendered":"https:\/\/urbex.direct\/?post_type=product&#038;p=48830"},"modified":"2024-06-20T08:46:14","modified_gmt":"2024-06-20T07:46:14","slug":"mapa-lokalizacji-aube-10-francja","status":"publish","type":"product","link":"https:\/\/urbex.direct\/pl\/product\/location-map-aube-10-france\/","title":{"rendered":"Urbex Mapa Francja, Grand Est: Aube (10) (roczny dost\u0119p)"},"content":{"rendered":"<p>Mapa zawiera nast\u0119puj\u0105ce lokalizacje:<\/p>\n<ul><li>Cmentarz samolot\u00f3w<\/li><li>Ch\u00e2teau Bourgeois<\/li><li>Ch\u00e2teau de la chaise<\/li><li>Tr\u00e9sor de Guerre<\/li><li>Usine Saint-Julien<\/li><li>Foot Factory<\/li><li>Villa Tarcas<\/li><li>Vehicules Perdus<\/li><li>Ancien Aerodrome<\/li><li>Usine Malfoy \/ Wielka opuszczona fabryka<\/li><li>Kaplica zmar\u0142ych \/ Chapelle des Morts<\/li><li>Chateau Hector \/ Zamek Prezydenta&#039;s Castle<\/li><li>Maisons Fiesta \/ Maison Jumelles<\/li><li>La collection de bagnoles<\/li><li>Maison d'Alekse\u00ef \/ Kolekcja samochod\u00f3w<\/li><li>Manoir Petroucka \/ Maison Russia \/ Maison Poudine<\/li><li>Dom z lat 90-tych \/ kapsu\u0142a czasu z lat 90-tych<\/li><li>Dyskoteka Tipi<\/li><li>Maison PapiPapi<\/li><li>Le rep\u00e8re des Pirates \/ Cmentarz \u0142odzi<\/li><li>Restaurant de Castor<\/li><li>Maison moineaux<\/li><li>Teinturerie des Moines<\/li><li>Ecole 1934<\/li><li>Maison Alcohol Addict<\/li><\/ul>","protected":false},"excerpt":{"rendered":"<p>Ta mapa urbex zawiera wszystkie lokalizacje eksploracji miejskiej (urbex) w<strong> Francja, <\/strong><strong>Grand Est<\/strong><strong>: Aube (10).<\/strong> Ta mapa zagubionych miejsc b\u0119dzie aktualizowana i dost\u0119pna przez co najmniej 365 dni od zakupu.<\/p>\n<p>Ta mapa zawiera obecnie 25 najbardziej wyj\u0105tkowych miejsc do zwiedzania we Francji, Grand Est: Aube (10) i jest dost\u0119pna z dowolnego miejsca dzi\u0119ki naszej \u0142atwej w u\u017cyciu mapie<strong>.<\/strong><\/p>\n<p><strong>Je\u015bli posiadasz ju\u017c ten pakiet, mo\u017cesz uzyska\u0107 do niego dost\u0119p poprzez <a href=\"\/pl\/moje-konto\/obszar-czlonkowski\/43905\/zawartosc-mojego-czlonkostwa\/\">Moje mapy &gt; Widok.<\/a><\/strong><\/p>","protected":false},"featured_media":49133,"template":"","meta":[],"product_brand":[],"product_cat":[1046,226,231,322,1135,1341],"product_tag":[],"class_list":{"0":"post-48830","1":"product","2":"type-product","3":"status-publish","4":"has-post-thumbnail","6":"product_cat-aube-10","7":"product_cat-france","8":"product_cat-grand-est","9":"product_cat-location-packs","10":"product_cat-maps-france","11":"product_cat-maps-grand-est","13":"first","14":"instock","15":"virtual","16":"taxable","17":"purchasable","18":"product-type-simple"},"jetpack_sharing_enabled":true,"_links":{"self":[{"href":"https:\/\/urbex.direct\/pl\/wp-json\/wp\/v2\/product\/48830","targetHints":{"allow":["GET"]}}],"collection":[{"href":"https:\/\/urbex.direct\/pl\/wp-json\/wp\/v2\/product"}],"about":[{"href":"https:\/\/urbex.direct\/pl\/wp-json\/wp\/v2\/types\/product"}],"wp:featuredmedia":[{"embeddable":true,"href":"https:\/\/urbex.direct\/pl\/wp-json\/wp\/v2\/media\/49133"}],"wp:attachment":[{"href":"https:\/\/urbex.direct\/pl\/wp-json\/wp\/v2\/media?parent=48830"}],"wp:term":[{"taxonomy":"product_brand","embeddable":true,"href":"https:\/\/urbex.direct\/pl\/wp-json\/wp\/v2\/product_brand?post=48830"},{"taxonomy":"product_cat","embeddable":true,"href":"https:\/\/urbex.direct\/pl\/wp-json\/wp\/v2\/product_cat?post=48830"},{"taxonomy":"product_tag","embeddable":true,"href":"https:\/\/urbex.direct\/pl\/wp-json\/wp\/v2\/product_tag?post=48830"}],"curies":[{"name":"wp","href":"https:\/\/api.w.org\/{rel}","templated":true}]}}