{"id":48828,"date":"2023-09-20T09:56:25","date_gmt":"2023-09-20T08:56:25","guid":{"rendered":"https:\/\/urbex.direct\/?post_type=product&#038;p=48828"},"modified":"2024-06-20T08:42:09","modified_gmt":"2024-06-20T07:42:09","slug":"location-map-finistere-29-france","status":"publish","type":"product","link":"https:\/\/urbex.direct\/pl\/product\/location-map-finistere-29-france\/","title":{"rendered":"Urbex Mapa Francja, Bretania: Finist\u00e8re (29) (roczny dost\u0119p)"},"content":{"rendered":"<p>Mapa zawiera nast\u0119puj\u0105ce lokalizacje:<\/p>\n\n\n\n<ul><li>Sanatorium Dangih \/ Huelgoat<\/li><li>R\u00e9parateur Automobile<\/li><li>Chateau Gargouilles<\/li><li>Jurastel Park<\/li><li>Wi\u0119zienie de Pontaniou Francja<\/li><li>Maison de l'Architecte<\/li><li>Hotel Beausejour<\/li><li>Statki widma<\/li><li>Le Cimetiere de Bateaux<\/li><li>Gite Roz Trefeux<\/li><li>Ch\u00e2teau Jaycee Dugard \/ Zamek Jaycee Dugard<\/li><li>Ecole Papa Denke<\/li><li>Couvent des n\u00e9cessiteux<\/li><li>Maison Folles<\/li><li>Sanatoria na powietrzu<\/li><li>Maison du d\u00e9molisseur<\/li><li>Chateau des Druides<\/li><li>Z\u0142o rezydencji<\/li><li>Maison Derniere Danse<\/li><li>Fabryka na pla\u017cy<\/li><li>Maison de l'anglais en for\u00eat<\/li><li>Maison vide pontla<\/li><li>Zielony wrak<\/li><li>Wiele fort\u00f3w z czo\u0142giem 1<\/li><li>Wiele fort\u00f3w z czo\u0142giem 2<\/li><li>Wiele fort\u00f3w z czo\u0142giem 3 - Czo\u0142g<\/li><li>Wiele fort\u00f3w z czo\u0142giem 4<\/li><li>Wiele fort\u00f3w z czo\u0142giem 5<\/li><li>Wiele fort\u00f3w z czo\u0142giem 6<\/li><li>Wiele fort\u00f3w z czo\u0142giem 7<\/li><li>20 lat wrak\u00f3w<\/li><li>Maison Palm<\/li><li>Bateaux oubli\u00e9s<\/li><li>Czerwone wraki \/ Dwoje ocala\u0142ych \/ Les deux survivants<\/li><\/ul>","protected":false},"excerpt":{"rendered":"<p>Ta mapa urbex zawiera wszystkie lokalizacje eksploracji miejskiej (urbex) w<strong> France, Bretagne: Finist\u00e8re (29).<\/strong> Ta mapa zagubionych miejsc b\u0119dzie aktualizowana i dost\u0119pna przez co najmniej 365 dni od zakupu.<\/p>\n<p>This map has currently 34 of the most unique urban exploring locations in France, Bretagne: Finist\u00e8re (29) and is accessible from anywhere with our easy to use map<strong>.<\/p>\n<p><\/strong><strong>Je\u015bli posiadasz ju\u017c ten pakiet, mo\u017cesz uzyska\u0107 do niego dost\u0119p poprzez <a href=\"\/pl\/moje-konto\/obszar-czlonkowski\/43905\/zawartosc-mojego-czlonkostwa\/\">Moje mapy &gt; Widok.<\/a><\/strong><strong><\/p>\n<p><\/strong><a href=\"#tab-description\">Lista wszystkich lokalizacji Urbex na tej mapie.<\/a><\/p>","protected":false},"featured_media":49060,"template":"","meta":[],"product_brand":[],"product_cat":[229,1040,226,322,1339,1135],"product_tag":[],"class_list":{"0":"post-48828","1":"product","2":"type-product","3":"status-publish","4":"has-post-thumbnail","6":"product_cat-bretagne","7":"product_cat-finistere-29","8":"product_cat-france","9":"product_cat-location-packs","10":"product_cat-maps-bretagne","11":"product_cat-maps-france","13":"first","14":"instock","15":"virtual","16":"taxable","17":"purchasable","18":"product-type-simple"},"jetpack_sharing_enabled":true,"_links":{"self":[{"href":"https:\/\/urbex.direct\/pl\/wp-json\/wp\/v2\/product\/48828","targetHints":{"allow":["GET"]}}],"collection":[{"href":"https:\/\/urbex.direct\/pl\/wp-json\/wp\/v2\/product"}],"about":[{"href":"https:\/\/urbex.direct\/pl\/wp-json\/wp\/v2\/types\/product"}],"wp:featuredmedia":[{"embeddable":true,"href":"https:\/\/urbex.direct\/pl\/wp-json\/wp\/v2\/media\/49060"}],"wp:attachment":[{"href":"https:\/\/urbex.direct\/pl\/wp-json\/wp\/v2\/media?parent=48828"}],"wp:term":[{"taxonomy":"product_brand","embeddable":true,"href":"https:\/\/urbex.direct\/pl\/wp-json\/wp\/v2\/product_brand?post=48828"},{"taxonomy":"product_cat","embeddable":true,"href":"https:\/\/urbex.direct\/pl\/wp-json\/wp\/v2\/product_cat?post=48828"},{"taxonomy":"product_tag","embeddable":true,"href":"https:\/\/urbex.direct\/pl\/wp-json\/wp\/v2\/product_tag?post=48828"}],"curies":[{"name":"wp","href":"https:\/\/api.w.org\/{rel}","templated":true}]}}