{"id":48826,"date":"2023-09-20T09:55:21","date_gmt":"2023-09-20T08:55:21","guid":{"rendered":"https:\/\/urbex.direct\/?post_type=product&#038;p=48826"},"modified":"2024-06-20T08:40:10","modified_gmt":"2024-06-20T07:40:10","slug":"mapa-lokalizacji-rhone-69-francja","status":"publish","type":"product","link":"https:\/\/urbex.direct\/pl\/product\/location-map-rhone-69-france\/","title":{"rendered":"Mapa Urbex Francja, Owernia-Rodan-Alpy: Rodan (69) (1 rok dost\u0119pu)"},"content":{"rendered":"<p>Mapa zawiera nast\u0119puj\u0105ce lokalizacje:<\/p>\n<ul><li>Eglise Demi-Lune<\/li><li>Usine du Lion<\/li><li>Maison Belleroche<\/li><li>Ch\u00e2teau du Saoudien \/ Zamek Saoudien<\/li><li>Petit de zone Industrielle<\/li><li>Utracony Lidl<\/li><li>Manoir Immense<\/li><li>Grand Ancienne Maison de Retraite<\/li><li>H\u00f4tel du Monarque<\/li><li>Grand Usine<\/li><li>Opu\u015bci\u0107 szko\u0142\u0119<\/li><li>V\u00e9randa de V\u00e9g\u00e9tation<\/li><li>Ancienne Maison de Retraite<\/li><li>Restauracja LR<\/li><li>Mini Maison<\/li><li>Maison D\u00e9pottiore<\/li><li>Vieille Petite Gare Abandonn\u00e9e<\/li><li>Grande Gare Abandonn\u00e9e<\/li><li>Maison Super Maman<\/li><li>Chateau Acide<\/li><li>Fabryka samochod\u00f3w<\/li><li>Grand garage sans toit<\/li><li>Ostatnia walka \/ Le Dernier Combat<\/li><li>Villa Mourir<\/li><li>Maison de la R\u00e9publique<\/li><li>Maison Ouadjet<\/li><li>Stacja Radio DD<\/li><li>Maison Brouette<\/li><li>Eb\u00e9nisterie de Marcel<\/li><li>Poci\u0105gi de Rhone<\/li><\/ul>","protected":false},"excerpt":{"rendered":"<p>Ta mapa urbex zawiera wszystkie lokalizacje eksploracji miejskiej (urbex) w<strong> Francja, Owernia-Rodan-Alpy, Rodan (69).<\/strong> Ta mapa zagubionych miejsc b\u0119dzie aktualizowana i dost\u0119pna przez co najmniej 365 dni od zakupu.<\/p>\n<p>Ta mapa zawiera obecnie 30 najbardziej wyj\u0105tkowych miejsc do zwiedzania miast we Francji, Owernia-Rodan-Alpy: Rodan (69) i jest dost\u0119pna z dowolnego miejsca dzi\u0119ki naszej \u0142atwej w u\u017cyciu mapie<strong>.<\/strong><\/p>\n<p><strong>Je\u015bli posiadasz ju\u017c ten pakiet, mo\u017cesz uzyska\u0107 do niego dost\u0119p poprzez <a href=\"\/pl\/moje-konto\/obszar-czlonkowski\/43905\/zawartosc-mojego-czlonkostwa\/\">Moje mapy &gt; Widok.<\/a><\/strong><\/p>\n<p><a href=\"#tab-description\">Lista wszystkich lokalizacji Urbex na tej mapie.<\/a><\/p>","protected":false},"featured_media":49129,"template":"","meta":[],"product_brand":[],"product_cat":[227,226,322,1336,1135,1009],"product_tag":[],"class_list":{"0":"post-48826","1":"product","2":"type-product","3":"status-publish","4":"has-post-thumbnail","6":"product_cat-auvergne-rhone-alps","7":"product_cat-france","8":"product_cat-location-packs","9":"product_cat-maps-auvergne-rhone-alps","10":"product_cat-maps-france","11":"product_cat-rhone-69","13":"first","14":"instock","15":"virtual","16":"taxable","17":"purchasable","18":"product-type-simple"},"jetpack_sharing_enabled":true,"_links":{"self":[{"href":"https:\/\/urbex.direct\/pl\/wp-json\/wp\/v2\/product\/48826","targetHints":{"allow":["GET"]}}],"collection":[{"href":"https:\/\/urbex.direct\/pl\/wp-json\/wp\/v2\/product"}],"about":[{"href":"https:\/\/urbex.direct\/pl\/wp-json\/wp\/v2\/types\/product"}],"wp:featuredmedia":[{"embeddable":true,"href":"https:\/\/urbex.direct\/pl\/wp-json\/wp\/v2\/media\/49129"}],"wp:attachment":[{"href":"https:\/\/urbex.direct\/pl\/wp-json\/wp\/v2\/media?parent=48826"}],"wp:term":[{"taxonomy":"product_brand","embeddable":true,"href":"https:\/\/urbex.direct\/pl\/wp-json\/wp\/v2\/product_brand?post=48826"},{"taxonomy":"product_cat","embeddable":true,"href":"https:\/\/urbex.direct\/pl\/wp-json\/wp\/v2\/product_cat?post=48826"},{"taxonomy":"product_tag","embeddable":true,"href":"https:\/\/urbex.direct\/pl\/wp-json\/wp\/v2\/product_tag?post=48826"}],"curies":[{"name":"wp","href":"https:\/\/api.w.org\/{rel}","templated":true}]}}