{"id":48825,"date":"2023-09-20T09:54:27","date_gmt":"2023-09-20T08:54:27","guid":{"rendered":"https:\/\/urbex.direct\/?post_type=product&#038;p=48825"},"modified":"2024-06-20T08:39:40","modified_gmt":"2024-06-20T07:39:40","slug":"mapa-lokalizacji-puy-de-dome-63-francja","status":"publish","type":"product","link":"https:\/\/urbex.direct\/pl\/product\/location-map-puy-de-dome-63-france\/","title":{"rendered":"Urbex Mapa Francja, Owernia-Rodan-Alpy: Puy-de-D\u00f4me (63) (roczny dost\u0119p)"},"content":{"rendered":"<p>Mapa zawiera nast\u0119puj\u0105ce lokalizacje:<\/p>\n<ul><li>Les Thermes Verts \/ Zielone Spa<\/li><li>Maison Martre<\/li><li>Les Thermes Rose<\/li><li>Dyskoteka The Lem<\/li><li>Chateau Exodus<\/li><li>Manoir Julie \/ Chateau Dennis Rader<\/li><li>Ch\u00e2teau Contorsionniste \/ Ch\u00e2teau Heracles \/ Ch\u00e2teau Cordiste<\/li><li>H\u00f4tel Capitole<\/li><li>Camp de Vacance La Roche<\/li><li>Les Bains Romains<\/li><li>H\u00f4tel Voiture Rouge \/ Hotel Rouge<\/li><li>Maison de repos Montagnarde<\/li><li>Piscine Percer<\/li><li>Ecole des Couteaux<\/li><li>Usine sur la montagne<\/li><li>Coutellerie et Papeterie<\/li><li>La ruine Industrie<\/li><\/ul>","protected":false},"excerpt":{"rendered":"<p>Ta mapa urbex zawiera wszystkie lokalizacje eksploracji miejskiej (urbex) w<strong> Francja, Owernia-Rodan-Alpy, Puy-de-D\u00f4me (63).<\/strong> Ta mapa zagubionych miejsc b\u0119dzie aktualizowana i dost\u0119pna przez co najmniej 365 dni od zakupu.<\/p>\n<p>Ta mapa zawiera obecnie 17 najbardziej wyj\u0105tkowych miejsc do zwiedzania we Francji, Owernia-Rodan-Alpy: Puy-de-D\u00f4me (63) i jest dost\u0119pna z dowolnego miejsca dzi\u0119ki naszej \u0142atwej w u\u017cyciu mapie<strong>.<\/strong><\/p>\n<p><strong>Je\u015bli posiadasz ju\u017c ten pakiet, mo\u017cesz uzyska\u0107 do niego dost\u0119p poprzez <a href=\"\/pl\/moje-konto\/obszar-czlonkowski\/43905\/zawartosc-mojego-czlonkostwa\/\">Moje mapy &gt; Widok.<\/a><\/strong><\/p>\n<p><a href=\"#tab-description\">Lista wszystkich lokalizacji Urbex na tej mapie.<\/a><\/p>","protected":false},"featured_media":49056,"template":"","meta":[],"product_brand":[],"product_cat":[227,226,322,1336,1135,1003],"product_tag":[],"class_list":{"0":"post-48825","1":"product","2":"type-product","3":"status-publish","4":"has-post-thumbnail","6":"product_cat-auvergne-rhone-alps","7":"product_cat-france","8":"product_cat-location-packs","9":"product_cat-maps-auvergne-rhone-alps","10":"product_cat-maps-france","11":"product_cat-puy-de-dome-63","13":"first","14":"instock","15":"virtual","16":"taxable","17":"purchasable","18":"product-type-simple"},"jetpack_sharing_enabled":true,"_links":{"self":[{"href":"https:\/\/urbex.direct\/pl\/wp-json\/wp\/v2\/product\/48825","targetHints":{"allow":["GET"]}}],"collection":[{"href":"https:\/\/urbex.direct\/pl\/wp-json\/wp\/v2\/product"}],"about":[{"href":"https:\/\/urbex.direct\/pl\/wp-json\/wp\/v2\/types\/product"}],"wp:featuredmedia":[{"embeddable":true,"href":"https:\/\/urbex.direct\/pl\/wp-json\/wp\/v2\/media\/49056"}],"wp:attachment":[{"href":"https:\/\/urbex.direct\/pl\/wp-json\/wp\/v2\/media?parent=48825"}],"wp:term":[{"taxonomy":"product_brand","embeddable":true,"href":"https:\/\/urbex.direct\/pl\/wp-json\/wp\/v2\/product_brand?post=48825"},{"taxonomy":"product_cat","embeddable":true,"href":"https:\/\/urbex.direct\/pl\/wp-json\/wp\/v2\/product_cat?post=48825"},{"taxonomy":"product_tag","embeddable":true,"href":"https:\/\/urbex.direct\/pl\/wp-json\/wp\/v2\/product_tag?post=48825"}],"curies":[{"name":"wp","href":"https:\/\/api.w.org\/{rel}","templated":true}]}}