{"id":48824,"date":"2023-09-20T09:53:22","date_gmt":"2023-09-20T08:53:22","guid":{"rendered":"https:\/\/urbex.direct\/?post_type=product&#038;p=48824"},"modified":"2024-06-20T08:39:51","modified_gmt":"2024-06-20T07:39:51","slug":"location-map-isere-38-france","status":"publish","type":"product","link":"https:\/\/urbex.direct\/pl\/product\/location-map-isere-38-france\/","title":{"rendered":"Mapa Urbex Francja, Owernia-Rodan-Alpy: Puy-de-Is\u00e8re (38) (roczny dost\u0119p)"},"content":{"rendered":"<p>Mapa zawiera nast\u0119puj\u0105ce lokalizacje:<\/p>\n<ul><li>Ancienne usine d'\u00e9l\u00e9ctro-chimie<\/li><li>Opuszczona olimpijska skocznia narciarska \/ Grand Saut<\/li><li>Maison Angus<\/li><li>Klasztor Pierre Dufour<\/li><li>Cimenterie Hulk<\/li><li>Villa Hestia<\/li><li>Institut G\u00e9ographique Instytut Geograficzny<\/li><li>Maison Le Port<\/li><li>Chateau Helix<\/li><li>Usine Siner<\/li><li>La parfumerie<\/li><li>Chateau Carre<\/li><li>For\u00eat \u00e9nerg\u00e9tique<\/li><li>Maison Coeur<\/li><li>Hotel Perlinpinpin<\/li><li>Usine Belle Croix<\/li><li>Usine Ruby<\/li><li>Usine Hock<\/li><li>Villa Bob's Legs<\/li><li>Chateau des Allem<\/li><li>Usine 38<\/li><li>Usine Thief<\/li><li>La brasserie dans les bois<\/li><li>Centrale Vintage<\/li><li>Tunel duch\u00f3w<\/li><\/ul>","protected":false},"excerpt":{"rendered":"<p>Ta mapa urbex zawiera wszystkie lokalizacje eksploracji miejskiej (urbex) w<strong> France, Auvergne-Rh\u00f4ne-Alps, Puy-de-Is\u00e8re (38).<\/strong> Ta mapa zagubionych miejsc b\u0119dzie aktualizowana i dost\u0119pna przez co najmniej 365 dni od zakupu.<\/p>\n<p>This map has currently 25 of the most unique urban exploring locations in France, Auvergne-Rh\u00f4ne-Alps: Is\u00e8re (38) and is accessible from anywhere with our easy to use map<strong>.<\/strong><\/p>\n<p><strong>Je\u015bli posiadasz ju\u017c ten pakiet, mo\u017cesz uzyska\u0107 do niego dost\u0119p poprzez <a href=\"\/pl\/moje-konto\/obszar-czlonkowski\/43905\/zawartosc-mojego-czlonkostwa\/\">Moje mapy &gt; Widok.<\/a><\/strong><\/p>\n<p><a href=\"#tab-description\">Lista wszystkich lokalizacji Urbex na tej mapie.<\/a><\/p>","protected":false},"featured_media":49126,"template":"","meta":[],"product_brand":[],"product_cat":[227,226,1007,322,1336,1135],"product_tag":[],"class_list":{"0":"post-48824","1":"product","2":"type-product","3":"status-publish","4":"has-post-thumbnail","6":"product_cat-auvergne-rhone-alps","7":"product_cat-france","8":"product_cat-isere-38","9":"product_cat-location-packs","10":"product_cat-maps-auvergne-rhone-alps","11":"product_cat-maps-france","13":"first","14":"instock","15":"virtual","16":"taxable","17":"purchasable","18":"product-type-simple"},"jetpack_sharing_enabled":true,"_links":{"self":[{"href":"https:\/\/urbex.direct\/pl\/wp-json\/wp\/v2\/product\/48824","targetHints":{"allow":["GET"]}}],"collection":[{"href":"https:\/\/urbex.direct\/pl\/wp-json\/wp\/v2\/product"}],"about":[{"href":"https:\/\/urbex.direct\/pl\/wp-json\/wp\/v2\/types\/product"}],"wp:featuredmedia":[{"embeddable":true,"href":"https:\/\/urbex.direct\/pl\/wp-json\/wp\/v2\/media\/49126"}],"wp:attachment":[{"href":"https:\/\/urbex.direct\/pl\/wp-json\/wp\/v2\/media?parent=48824"}],"wp:term":[{"taxonomy":"product_brand","embeddable":true,"href":"https:\/\/urbex.direct\/pl\/wp-json\/wp\/v2\/product_brand?post=48824"},{"taxonomy":"product_cat","embeddable":true,"href":"https:\/\/urbex.direct\/pl\/wp-json\/wp\/v2\/product_cat?post=48824"},{"taxonomy":"product_tag","embeddable":true,"href":"https:\/\/urbex.direct\/pl\/wp-json\/wp\/v2\/product_tag?post=48824"}],"curies":[{"name":"wp","href":"https:\/\/api.w.org\/{rel}","templated":true}]}}