{"id":48813,"date":"2023-09-19T19:10:16","date_gmt":"2023-09-19T18:10:16","guid":{"rendered":"https:\/\/urbex.direct\/?post_type=product&#038;p=48813"},"modified":"2024-06-20T08:39:04","modified_gmt":"2024-06-20T07:39:04","slug":"mapa-lokalizacji-allier-3-francja","status":"publish","type":"product","link":"https:\/\/urbex.direct\/pl\/product\/location-map-allier-3-france\/","title":{"rendered":"Mapa Urbex Francja, Owernia-Rodan-Alpy: Allier (3) (roczny dost\u0119p)"},"content":{"rendered":"<p>Mapa zawiera nast\u0119puj\u0105ce lokalizacje:<\/p>\n\n\n\n<ul><li>Les voitures du Kraken<\/li><li>Ch\u00e2teau Versanne<\/li><li>Ch\u00e2teau Bayrou \/ Ch\u00e2teau Formica<\/li><li>Ch\u00e2teau 1000 Miroirs<\/li><li>Chateau Symphonie<\/li><li>Le Ch\u00e2teau de l'escargot \/ Zamek \u015blimaka<\/li><li>Manoir Mercedes<\/li><li>Chateau Portrait<\/li><li>Ch\u00e2teau Minuit<\/li><li>Piscine Tropical<\/li><li>Hopitools<\/li><li>Usine Meldrague<\/li><li>Lotissement du D\u00e9sert \/ AB House<\/li><li>Chateau Paysan \/ Zamek Roffcho<\/li><li>Ecole La Vache \/ Ecole Napoleon<\/li><li>Konwent ekspert\u00f3w Couvent Des Experts<\/li><li>Ch\u00e2teau Cafards \/ Zamek karaluch\u00f3w<\/li><li>Manoir Bobo<\/li><li>Ch\u00e2teau Chrysantheme \/ Manoir Archie<\/li><li>Ch\u00e2teau de Valtan<\/li><li>Hotel Arrondi<\/li><li>2 Fermes Pluvieuses<\/li><li>H\u00f4pital de guerre<\/li><li>Usine La Pas Lisse<\/li><li>Manoir Sainte Th\u00e9r\u00e8se<\/li><li>Maison Orange<\/li><li>Ferme de l'illettr\u00e9<\/li><li>La ferme contre tout<\/li><li>Maison Martine<\/li><li>Petit Chapelle des voyageurs<\/li><li>Farma Allemande<\/li><li>Usine The Last of Us<\/li><\/ul>","protected":false},"excerpt":{"rendered":"<p>Ta mapa urbex zawiera wszystkie lokalizacje eksploracji miejskiej (urbex) w<strong> Francja, Owernia-Rodan-Alpy, Allier (3).<\/strong> Ta mapa zagubionych miejsc b\u0119dzie aktualizowana i dost\u0119pna przez co najmniej 365 dni od zakupu.<\/p>\n<p>Ta mapa zawiera obecnie 32 najbardziej unikalne lokalizacje do zwiedzania miast we Francji, Owernia-Rodan-Alpy: Allier (3) i jest dost\u0119pna z dowolnego miejsca dzi\u0119ki naszej \u0142atwej w u\u017cyciu mapie<strong>.<\/p>\n<p><\/strong><strong>Je\u015bli posiadasz ju\u017c ten pakiet, mo\u017cesz uzyska\u0107 do niego dost\u0119p poprzez <a href=\"\/pl\/moje-konto\/obszar-czlonkowski\/43905\/zawartosc-mojego-czlonkostwa\/\">Moje mapy &gt; Widok.<\/a><\/strong><strong><\/p>\n<p><\/strong><a href=\"#tab-description\">Lista wszystkich lokalizacji Urbex na tej mapie.<\/a><\/p>","protected":false},"featured_media":49053,"template":"","meta":[],"product_brand":[],"product_cat":[1000,227,226,322,1336,1135],"product_tag":[],"class_list":{"0":"post-48813","1":"product","2":"type-product","3":"status-publish","4":"has-post-thumbnail","6":"product_cat-allier-03","7":"product_cat-auvergne-rhone-alps","8":"product_cat-france","9":"product_cat-location-packs","10":"product_cat-maps-auvergne-rhone-alps","11":"product_cat-maps-france","13":"first","14":"instock","15":"virtual","16":"taxable","17":"purchasable","18":"product-type-simple"},"jetpack_sharing_enabled":true,"_links":{"self":[{"href":"https:\/\/urbex.direct\/pl\/wp-json\/wp\/v2\/product\/48813","targetHints":{"allow":["GET"]}}],"collection":[{"href":"https:\/\/urbex.direct\/pl\/wp-json\/wp\/v2\/product"}],"about":[{"href":"https:\/\/urbex.direct\/pl\/wp-json\/wp\/v2\/types\/product"}],"wp:featuredmedia":[{"embeddable":true,"href":"https:\/\/urbex.direct\/pl\/wp-json\/wp\/v2\/media\/49053"}],"wp:attachment":[{"href":"https:\/\/urbex.direct\/pl\/wp-json\/wp\/v2\/media?parent=48813"}],"wp:term":[{"taxonomy":"product_brand","embeddable":true,"href":"https:\/\/urbex.direct\/pl\/wp-json\/wp\/v2\/product_brand?post=48813"},{"taxonomy":"product_cat","embeddable":true,"href":"https:\/\/urbex.direct\/pl\/wp-json\/wp\/v2\/product_cat?post=48813"},{"taxonomy":"product_tag","embeddable":true,"href":"https:\/\/urbex.direct\/pl\/wp-json\/wp\/v2\/product_tag?post=48813"}],"curies":[{"name":"wp","href":"https:\/\/api.w.org\/{rel}","templated":true}]}}