{"id":4814,"date":"2021-03-02T22:08:20","date_gmt":"2021-03-02T22:08:20","guid":{"rendered":"https:\/\/urbex.direct\/product\/discarded-yellow-crane\/"},"modified":"2022-04-16T17:50:33","modified_gmt":"2022-04-16T16:50:33","slug":"odrzucony-zolty-zuraw","status":"publish","type":"product","link":"https:\/\/urbex.direct\/pl\/product\/discarded-yellow-crane\/","title":{"rendered":"Odrzucony \u017c\u00f3\u0142ty \u017curaw"},"content":{"rendered":"","protected":false},"excerpt":{"rendered":"<p>Usuni\u0119to<\/p>","protected":false},"featured_media":4811,"template":"","meta":[],"product_brand":[],"product_cat":[197,201],"product_tag":[41,44],"class_list":{"0":"post-4814","1":"product","2":"type-product","3":"status-publish","4":"has-post-thumbnail","6":"product_cat-belgium","7":"product_cat-liege","8":"product_tag-coordinaten","9":"product_tag-geenurbex","11":"first","12":"outofstock","13":"downloadable","14":"taxable","15":"shipping-taxable","16":"purchasable","17":"product-type-simple"},"jetpack_sharing_enabled":true,"_links":{"self":[{"href":"https:\/\/urbex.direct\/pl\/wp-json\/wp\/v2\/product\/4814","targetHints":{"allow":["GET"]}}],"collection":[{"href":"https:\/\/urbex.direct\/pl\/wp-json\/wp\/v2\/product"}],"about":[{"href":"https:\/\/urbex.direct\/pl\/wp-json\/wp\/v2\/types\/product"}],"wp:featuredmedia":[{"embeddable":true,"href":"https:\/\/urbex.direct\/pl\/wp-json\/wp\/v2\/media\/4811"}],"wp:attachment":[{"href":"https:\/\/urbex.direct\/pl\/wp-json\/wp\/v2\/media?parent=4814"}],"wp:term":[{"taxonomy":"product_brand","embeddable":true,"href":"https:\/\/urbex.direct\/pl\/wp-json\/wp\/v2\/product_brand?post=4814"},{"taxonomy":"product_cat","embeddable":true,"href":"https:\/\/urbex.direct\/pl\/wp-json\/wp\/v2\/product_cat?post=4814"},{"taxonomy":"product_tag","embeddable":true,"href":"https:\/\/urbex.direct\/pl\/wp-json\/wp\/v2\/product_tag?post=4814"}],"curies":[{"name":"wp","href":"https:\/\/api.w.org\/{rel}","templated":true}]}}