{"id":48074,"date":"2023-07-18T19:20:37","date_gmt":"2023-07-18T18:20:37","guid":{"rendered":"https:\/\/urbex.direct\/?post_type=product&#038;p=48074"},"modified":"2025-05-27T20:07:51","modified_gmt":"2025-05-27T19:07:51","slug":"location-map-fr-provence-alpes-cote-dazur-2023","status":"publish","type":"product","link":"https:\/\/urbex.direct\/pl\/product\/location-map-fr-provence-alpes-cote-dazur\/","title":{"rendered":"Urbex Map France, Provence-Alpes-C\u00f4te d'Azur (dost\u0119p na 1 lub 2 lata)"},"content":{"rendered":"<p>Mapa zawiera nast\u0119puj\u0105ce lokalizacje:<\/p>\n<ul><li>Boite de Nuit 04<\/li><li>Ruine Ham<\/li><li>Parc de construction<\/li><li>Piscine Olympique<\/li><li>Porzucony bufet<\/li><li>Maison Plage<\/li><li>Fort du Serre<\/li><li>Maison de l&#039;Assassin<\/li><li>Chapelle G<\/li><li>H\u00f4pital Felix Zehetner<\/li><li>Villa Sharon<\/li><li>Hotel z prywatnym basenem<\/li><li>Villa Valor<\/li><li>Manoir Cuba<\/li><li>Maison Pharaon<\/li><li>Hopital des Vents<\/li><li>Villa du Dictateur<\/li><li>Villa August Sangret<\/li><li>Hotel de l&#039;Anneau<\/li><li>Chateau Robert Hansen<\/li><li>Obserwatorium nad morzem<\/li><li>Usine Hydro-Agri<\/li><li>Piscine Luminy<\/li><li>Factory 23 \/ Usine 23<\/li><li>Eglise du Sud<\/li><li>Le Kube \/ The Cube<\/li><li>Chateau Desideria<\/li><li>Domaine Game Over<\/li><li>Ranczo<\/li><li>Maison Gustavo<\/li><li>Village EDF<\/li><li>Manoir Honorine<\/li><li>Ferme des Plaines<\/li><li>Maison de l&#039;horreur<\/li><li>Maison des Ronces<\/li><li>Ruine de falaise<\/li><li>Maison de Retraite du Chat<\/li><li>Usine Arles<\/li><li>Piscine Bulot<\/li><li>Le domaine des Esprits<\/li><li>Maison des Jumelles<\/li><li>Ferme de Fos<\/li><li>Le domaine du Relais<\/li><li>Maison Eva Peaur\u00e9<\/li><li>La cave Berliet<\/li><li>Maison de retraite du Peintre<\/li><li>Bo\u00eete de Nuit Relax<\/li><li>H\u00f4pital des Anges<\/li><li>Maison Stone<\/li><li>Clinique Rouge<\/li><li>Hotel Louis<\/li><li>Terminal ubojni<\/li><li>Restauracja Panorama<\/li><li>Coll\u00e8ge Amour<\/li><li>Base Militaire de la Vall\u00e9e<\/li><li>Maison Edouard<\/li><li>Th\u00e9atre Ath\u00e9na<\/li><li>For\u00eat de B\u00e9ton<\/li><li>La Bergerie<\/li><li>Maison Naick<\/li><li>Maison Vella<\/li><li>Maison du Renard<\/li><li>Usine de C\u00e9r\u00e9ales<\/li><li>Usine Duclos<\/li><li>Usine Remains<\/li><li>Ch\u00e2teau Batarney<\/li><li>Ch\u00e2teau du Peintre<\/li><li>Villa du fauteuil<\/li><li>Willa nad morzem<\/li><li>Clinique RMT<\/li><li>Maison du Golf<\/li><li>Manoir Grime<\/li><li>Villa de la Plage<\/li><li>Centre d'\u00e9coute Militaire<\/li><li>CFA Militaire<\/li><li>Maison Foresti\u00e8re<\/li><li>Maxi Barrage<\/li><li>Ghost Village 2<\/li><li>Hotel California<\/li><li>Villa du fauteuil<\/li><li>Ghost Town Barry<\/li><li>Zoom Hotel<\/li><li>Ecole de l'Olivier<\/li><li>Utracone hale magazynowe<\/li><li>Kryj\u00f3wka<\/li><li>Wykorzystanie papieru w lesie<\/li><li>Gara\u017c w ruinie<\/li><li>Piscine CED<\/li><li>Hotel des Pins<\/li><\/ul>","protected":false},"excerpt":{"rendered":"<p>Ta mapa urbex zawiera wszystkie lokalizacje eksploracji miejskiej (urbex) w<strong> Francja, <\/strong><strong>Prowansja-Alpy-Lazurowe Wybrze\u017ce<\/strong><strong>.<\/strong> Ta mapa zagubionych miejsc b\u0119dzie aktualizowana i dost\u0119pna przez co najmniej 365 dni od zakupu.<\/p>\n<p>Ta mapa zawiera obecnie 89 najbardziej wyj\u0105tkowych miejsc do zwiedzania we Francji, Prowansja-Alpy-Lazurowe Wybrze\u017ce i jest dost\u0119pna z dowolnego miejsca dzi\u0119ki naszej \u0142atwej w u\u017cyciu mapie<strong>.<\/strong><\/p>\n<p><strong>Je\u015bli posiadasz ju\u017c ten pakiet, mo\u017cesz uzyska\u0107 do niego dost\u0119p poprzez <a href=\"\/pl\/moje-konto\/obszar-czlonkowski\/43905\/zawartosc-mojego-czlonkostwa\/\">Moje mapy &gt; Widok.<\/a><\/strong><\/p>\n<p><a href=\"#tab-description\">Lista wszystkich lokalizacji Urbex na tej mapie.<\/a><\/p>","protected":false},"featured_media":48081,"template":"","meta":[],"product_brand":[],"product_cat":[226,322,1135,1348,317],"product_tag":[],"class_list":{"0":"post-48074","1":"product","2":"type-product","3":"status-publish","4":"has-post-thumbnail","6":"product_cat-france","7":"product_cat-location-packs","8":"product_cat-maps-france","9":"product_cat-maps-provence-alpes-cote-dazur","10":"product_cat-provence-alpes-cote-dazur","12":"first","13":"instock","14":"taxable","15":"shipping-taxable","16":"purchasable","17":"product-type-variable"},"jetpack_sharing_enabled":true,"_links":{"self":[{"href":"https:\/\/urbex.direct\/pl\/wp-json\/wp\/v2\/product\/48074","targetHints":{"allow":["GET"]}}],"collection":[{"href":"https:\/\/urbex.direct\/pl\/wp-json\/wp\/v2\/product"}],"about":[{"href":"https:\/\/urbex.direct\/pl\/wp-json\/wp\/v2\/types\/product"}],"wp:featuredmedia":[{"embeddable":true,"href":"https:\/\/urbex.direct\/pl\/wp-json\/wp\/v2\/media\/48081"}],"wp:attachment":[{"href":"https:\/\/urbex.direct\/pl\/wp-json\/wp\/v2\/media?parent=48074"}],"wp:term":[{"taxonomy":"product_brand","embeddable":true,"href":"https:\/\/urbex.direct\/pl\/wp-json\/wp\/v2\/product_brand?post=48074"},{"taxonomy":"product_cat","embeddable":true,"href":"https:\/\/urbex.direct\/pl\/wp-json\/wp\/v2\/product_cat?post=48074"},{"taxonomy":"product_tag","embeddable":true,"href":"https:\/\/urbex.direct\/pl\/wp-json\/wp\/v2\/product_tag?post=48074"}],"curies":[{"name":"wp","href":"https:\/\/api.w.org\/{rel}","templated":true}]}}