{"id":47643,"date":"2023-05-25T09:36:18","date_gmt":"2023-05-25T08:36:18","guid":{"rendered":"https:\/\/urbex.direct\/product\/clear-the-water\/"},"modified":"2024-10-13T11:32:32","modified_gmt":"2024-10-13T10:32:32","slug":"czysta-woda","status":"publish","type":"product","link":"https:\/\/urbex.direct\/pl\/product\/clear-the-water\/","title":{"rendered":"Oczy\u015b\u0107 wod\u0119"},"content":{"rendered":"","protected":false},"excerpt":{"rendered":"<p>Zburzony<\/p>","protected":false},"featured_media":47640,"template":"","meta":[],"product_brand":[],"product_cat":[197,204],"product_tag":[44],"class_list":{"0":"post-47643","1":"product","2":"type-product","3":"status-publish","4":"has-post-thumbnail","6":"product_cat-belgium","7":"product_cat-east-flanders","8":"product_tag-geenurbex","10":"first","11":"outofstock","12":"downloadable","13":"taxable","14":"shipping-taxable","15":"purchasable","16":"product-type-simple"},"jetpack_sharing_enabled":true,"_links":{"self":[{"href":"https:\/\/urbex.direct\/pl\/wp-json\/wp\/v2\/product\/47643","targetHints":{"allow":["GET"]}}],"collection":[{"href":"https:\/\/urbex.direct\/pl\/wp-json\/wp\/v2\/product"}],"about":[{"href":"https:\/\/urbex.direct\/pl\/wp-json\/wp\/v2\/types\/product"}],"wp:featuredmedia":[{"embeddable":true,"href":"https:\/\/urbex.direct\/pl\/wp-json\/wp\/v2\/media\/47640"}],"wp:attachment":[{"href":"https:\/\/urbex.direct\/pl\/wp-json\/wp\/v2\/media?parent=47643"}],"wp:term":[{"taxonomy":"product_brand","embeddable":true,"href":"https:\/\/urbex.direct\/pl\/wp-json\/wp\/v2\/product_brand?post=47643"},{"taxonomy":"product_cat","embeddable":true,"href":"https:\/\/urbex.direct\/pl\/wp-json\/wp\/v2\/product_cat?post=47643"},{"taxonomy":"product_tag","embeddable":true,"href":"https:\/\/urbex.direct\/pl\/wp-json\/wp\/v2\/product_tag?post=47643"}],"curies":[{"name":"wp","href":"https:\/\/api.w.org\/{rel}","templated":true}]}}