{"id":45858,"date":"2022-12-07T17:03:40","date_gmt":"2022-12-07T17:03:40","guid":{"rendered":"https:\/\/urbex.direct\/?post_type=product&#038;p=45858"},"modified":"2025-05-27T20:12:57","modified_gmt":"2025-05-27T19:12:57","slug":"location-map-de-north-rhine-westphalia","status":"publish","type":"product","link":"https:\/\/urbex.direct\/pl\/product\/location-map-de-north-rhine-westphalia\/","title":{"rendered":"Urbex Mapa Niemcy: Nadrenia P\u00f3\u0142nocna-Westfalia (dost\u0119p na 1 lub 2 lata)"},"content":{"rendered":"<p>Mapa zawiera nast\u0119puj\u0105ce lokalizacje: <ul><li>Baza lotnicza B<\/li><li>BM Hotel<\/li><li>Cafe Eisenbahn<\/li><li>Ob\u00f3z Hitfeld<\/li><li>Chiny Imbiss<\/li><li>Restauracja Eichhof<\/li><li>Flower Valley Bar<\/li><li>Fontanna House<\/li><li>Haus-Rhenus<\/li><li>Institut Mollenkotten<\/li><li>W\u0142adca Pier\u015bcieni<\/li><li>Zagubione zbiorniki<\/li><li>Schwimmbad B<\/li><li>Sunshine Factory<\/li><li>Villa Bogata<\/li><li>Villa Muhr<\/li><li>Wollseifen<\/li><li>Zeche Rudolf<\/li><li>Szklarnie<\/li><li>Fabrik Feuerfest<\/li><li>Sanatorium p\u0142ucne<\/li><li>Farma JRT<\/li><li>Kaserene ENG<\/li><li>Verlassen Schule<\/li><li>Cookie Factory<\/li><li>Hotel Kino \/ Weser Lichtspiele<\/li><li>Armaturenfabrik<\/li><li>Haus des Jagers<\/li><li>Freibad<\/li><li>Norton<\/li><li>St. A Krankenhaus<\/li><li>Tuchfabrik<\/li><li>Zeche N<\/li><li>Most kolejowy W<\/li><li>Verbrannter Boden<\/li><li>Bauernhof Heu<\/li><li>Sauerei H\u00fctte<\/li><li>Hexenhaus<\/li><li>Szko\u0142a artystyczna<\/li><li>Drahtfabrik<\/li><li>Zeche DB<\/li><li>Das Alte Krankenhaus<\/li><li>Schwarze Kirche<\/li><li>Das Ehemalige Suchtklinik<\/li><li>Kazerne Herongen<\/li><li>Flugzeughangar<\/li><li>Haus des Sch\u00e4nders<\/li><li>Maison FOS<\/li><li>Das WW2 Bunker<\/li><li>Tunel Eisenbahntunnel<\/li><li>Das Totenhaus<\/li><li>Unifinished Hotel H<\/li><li>Maison Markus<\/li><li>Leere Tankstelle<\/li><li>Bunkry Muna<\/li><li>Steinbruch M<\/li><li>Bush Plane<\/li><li>Das Hallenbad<\/li><li>Das Alte Strandhotel<\/li><li>Bunkier amunicyjny<\/li><li>Dom zaginionych dzieci<\/li><li>Ob\u00f3z dobieg\u0142 ko\u0144ca<\/li><li>Maison Chinapalace<\/li><li>Hipisowska kawiarnia<\/li><li>Das Einkaufszentrum<\/li><li>Biker Fabrik<\/li><li>Die Musikbar<\/li><li>Spielhaus der Pferde<\/li><li>Friedhof der wandelnden<\/li><li>Ziegelei an der Villa<\/li><li>Das blaue Kino<\/li><li>Atak z Marsa<\/li><li>NAVO Pipeline<\/li><li>Strzelnica WW2<\/li><li>Bunkier Klein<\/li><li>Stary most kolejowy w Niemczech<\/li><li>Kino XXX<\/li><li>Beim Zahnarzt \/ Bij de Tandarts<\/li><li>Wrak \u0142odzi<\/li><li>Snackplane<\/li><li>Barracks S<\/li><li>Upiorne groby<\/li><li>House des Anglers<\/li><li>Nieu\u017cywany basen<\/li><li>Bunkier w Walii<\/li><li>Der alte Kalkofen<\/li><li>Farma Europa<\/li><li>Krankenhaus B<\/li><li>Bergbauschule<\/li><li>Bunkier w \u015brodku lasu<\/li><li>Zapomniany ko\u015bci\u00f3\u0142 w lesie<\/li><li>Kalkfabrik<\/li><li>Haus der Lehrerin<\/li><li>Basen i restauracja<\/li><li>Ob\u00f3z wojskowy SS<\/li><li>G\u0119ste sk\u0142adowanie amunicji<\/li><li>Hotel am See<\/li><li>Das Kalkoven<\/li><li>Die blaue Fabrik<\/li><li>Die Kasse des Chefs<\/li><\/ul><\/p>","protected":false},"excerpt":{"rendered":"<p>Ta mapa urbex zawiera wszystkie lokalizacje eksploracji miejskiej (urbex) w<strong> Niemcy, Nadrenia P\u00f3\u0142nocna-Westfalia.<\/strong> Ta mapa zagubionych miejsc b\u0119dzie aktualizowana i dost\u0119pna przez co najmniej 365 dni od zakupu. <\/p>\n<p>Ta mapa zawiera obecnie 100 najbardziej unikalnych lokalizacji do zwiedzania w Niemczech: Nadrenia P\u00f3\u0142nocna-Westfalia i jest dost\u0119pna z dowolnego miejsca dzi\u0119ki naszej \u0142atwej w u\u017cyciu mapie<strong>. <\/p>\n<p><\/strong><strong>Je\u015bli posiadasz ju\u017c ten pakiet, mo\u017cesz uzyska\u0107 do niego dost\u0119p poprzez <a href=\"\/pl\/moje-konto\/obszar-czlonkowski\/43905\/zawartosc-mojego-czlonkostwa\/\">Moje mapy &gt; Widok.<\/a><\/strong> <a href=\"#tab-description\">Lista wszystkich lokalizacji Urbex na tej mapie.<\/a><\/p>","protected":false},"featured_media":48118,"template":"","meta":[],"product_brand":[],"product_cat":[210,322,1229,218],"product_tag":[],"class_list":{"0":"post-45858","1":"product","2":"type-product","3":"status-publish","4":"has-post-thumbnail","6":"product_cat-germany","7":"product_cat-location-packs","8":"product_cat-maps-germany","9":"product_cat-north-rhine-westphalia","11":"first","12":"instock","13":"taxable","14":"shipping-taxable","15":"purchasable","16":"product-type-variable"},"jetpack_sharing_enabled":true,"_links":{"self":[{"href":"https:\/\/urbex.direct\/pl\/wp-json\/wp\/v2\/product\/45858","targetHints":{"allow":["GET"]}}],"collection":[{"href":"https:\/\/urbex.direct\/pl\/wp-json\/wp\/v2\/product"}],"about":[{"href":"https:\/\/urbex.direct\/pl\/wp-json\/wp\/v2\/types\/product"}],"wp:featuredmedia":[{"embeddable":true,"href":"https:\/\/urbex.direct\/pl\/wp-json\/wp\/v2\/media\/48118"}],"wp:attachment":[{"href":"https:\/\/urbex.direct\/pl\/wp-json\/wp\/v2\/media?parent=45858"}],"wp:term":[{"taxonomy":"product_brand","embeddable":true,"href":"https:\/\/urbex.direct\/pl\/wp-json\/wp\/v2\/product_brand?post=45858"},{"taxonomy":"product_cat","embeddable":true,"href":"https:\/\/urbex.direct\/pl\/wp-json\/wp\/v2\/product_cat?post=45858"},{"taxonomy":"product_tag","embeddable":true,"href":"https:\/\/urbex.direct\/pl\/wp-json\/wp\/v2\/product_tag?post=45858"}],"curies":[{"name":"wp","href":"https:\/\/api.w.org\/{rel}","templated":true}]}}