{"id":45851,"date":"2022-12-07T16:47:24","date_gmt":"2022-12-07T16:47:24","guid":{"rendered":"https:\/\/urbex.direct\/?post_type=product&#038;p=45851"},"modified":"2025-05-22T17:50:53","modified_gmt":"2025-05-22T16:50:53","slug":"location-map-it-lombardy-2023","status":"publish","type":"product","link":"https:\/\/urbex.direct\/pl\/product\/location-map-it-lombardy\/","title":{"rendered":"Urbex Mapa W\u0142ochy: Lombardia (dost\u0119p na 1 lub 2 lata)"},"content":{"rendered":"<p>Mapa zawiera nast\u0119puj\u0105ce lokalizacje:<\/p>\n<ul><li>Chiesa Dimentica<\/li><li>Grenlandia<\/li><li>Labo del Male<\/li><li>Manicomio di Mombello<\/li><li>Sierociniec Mono<\/li><li>Villa Camilla<\/li><li>Villa Mira<\/li><li>Republica Park<\/li><li>Centrum handlowe Milano<\/li><li>Fantasma City<\/li><li>Grand Hotel P \/ Campo Estivo<\/li><li>Villa Di Vecchi<\/li><li>Discoteca Xo<\/li><li>Villa R Spazio<\/li><li>Impianto Idroelettrico<\/li><li>Sanatorio Divo Carolo Dicatum<\/li><li>Palazzo D'Oro \/ Villa Gold<\/li><li>Castello Sorpresa<\/li><li>Teatro Politeama<\/li><li>Villa Delle Cennere<\/li><li>Chiesa Delle Galline<\/li><li>Villa di Vetro<\/li><li>Palazzo dell Alchimista<\/li><li>Palazzo Piccione \/ Villa Pittore \/ Villa Madame Bovary<\/li><li>Centrum handlowe Pyramid<\/li><li>Villa Micia<\/li><li>Dosta\u0107 si\u0119 do helikoptera<\/li><li>Vecchi autobus e vecchie auto<\/li><li>Villa Redentore \/ Palazzo Conte V<\/li><li>Willa Targaryen<\/li><li>Castello del Pittore<\/li><li>Villa Fattore<\/li><li>Miniera T \/ Fluorietmijn<\/li><li>Villa Weiss<\/li><li>Maison Grifiando<\/li><li>Ferme Rosto<\/li><li>Villa Exelia<\/li><li>Usine Nozo<\/li><li>Cinema Rose<\/li><li>La Villa dell'amore con la fabbrica<\/li><li>Casa Bionda<\/li><li>Casa dell'usura<\/li><li>Fabbrica autosufficiente<\/li><li>Piatto Architettura Brutalista<\/li><li>Villa Glicine<\/li><li>Villa Monticel<\/li><li>Villa Giovanni<\/li><li>La casa Bambini<\/li><li>Fabricca 27<\/li><li>La Villa della Notte<\/li><li>Castello Del Oasi<\/li><li>La Scuola della Paura<\/li><li>Pub w g\u00f3r\u0119 i w d\u00f3\u0142<\/li><li>Chiesa con cortile giardino<\/li><li>Villa Verderio<\/li><li>La grande fabbrica di carta<\/li><\/ul>","protected":false},"excerpt":{"rendered":"<p>Ta mapa urbex zawiera wszystkie lokalizacje eksploracji miejskiej (urbex) w<strong> W\u0142ochy, Lombardia.<\/strong> Ta mapa zagubionych miejsc b\u0119dzie aktualizowana i dost\u0119pna przez co najmniej 365 dni od zakupu.<\/p>\n<p>Ta mapa zawiera obecnie 56 najbardziej unikalnych lokalizacji do zwiedzania we W\u0142oszech: Lombardia i jest dost\u0119pna z dowolnego miejsca dzi\u0119ki naszej \u0142atwej w u\u017cyciu mapie<strong>.<\/strong><\/p>\n<p><strong>Je\u015bli posiadasz ju\u017c ten pakiet, mo\u017cesz uzyska\u0107 do niego dost\u0119p poprzez <a href=\"\/pl\/moje-konto\/obszar-czlonkowski\/43905\/zawartosc-mojego-czlonkostwa\/\">Moje mapy &gt; Widok.<\/a><\/strong><\/p>\n<p><a href=\"#tab-description\">Lista wszystkich lokalizacji Urbex na tej mapie.<\/a><\/p>","protected":false},"featured_media":48122,"template":"","meta":[],"product_brand":[],"product_cat":[243,322,246,1137],"product_tag":[],"class_list":{"0":"post-45851","1":"product","2":"type-product","3":"status-publish","4":"has-post-thumbnail","6":"product_cat-italy","7":"product_cat-location-packs","8":"product_cat-lombardy","9":"product_cat-maps-italy","11":"first","12":"instock","13":"taxable","14":"shipping-taxable","15":"purchasable","16":"product-type-variable"},"jetpack_sharing_enabled":true,"_links":{"self":[{"href":"https:\/\/urbex.direct\/pl\/wp-json\/wp\/v2\/product\/45851","targetHints":{"allow":["GET"]}}],"collection":[{"href":"https:\/\/urbex.direct\/pl\/wp-json\/wp\/v2\/product"}],"about":[{"href":"https:\/\/urbex.direct\/pl\/wp-json\/wp\/v2\/types\/product"}],"wp:featuredmedia":[{"embeddable":true,"href":"https:\/\/urbex.direct\/pl\/wp-json\/wp\/v2\/media\/48122"}],"wp:attachment":[{"href":"https:\/\/urbex.direct\/pl\/wp-json\/wp\/v2\/media?parent=45851"}],"wp:term":[{"taxonomy":"product_brand","embeddable":true,"href":"https:\/\/urbex.direct\/pl\/wp-json\/wp\/v2\/product_brand?post=45851"},{"taxonomy":"product_cat","embeddable":true,"href":"https:\/\/urbex.direct\/pl\/wp-json\/wp\/v2\/product_cat?post=45851"},{"taxonomy":"product_tag","embeddable":true,"href":"https:\/\/urbex.direct\/pl\/wp-json\/wp\/v2\/product_tag?post=45851"}],"curies":[{"name":"wp","href":"https:\/\/api.w.org\/{rel}","templated":true}]}}