{"id":45839,"date":"2022-12-07T16:29:55","date_gmt":"2022-12-07T16:29:55","guid":{"rendered":"https:\/\/urbex.direct\/?post_type=product&#038;p=45839"},"modified":"2025-05-22T18:00:55","modified_gmt":"2025-05-22T17:00:55","slug":"mapa-lokalizacji-toskania","status":"publish","type":"product","link":"https:\/\/urbex.direct\/pl\/product\/location-map-it-tuscany\/","title":{"rendered":"Urbex Mapa W\u0142ochy: Toskania (dost\u0119p na 1 lub 2 lata)"},"content":{"rendered":"<p>Mapa zawiera nast\u0119puj\u0105ce lokalizacje:<\/p>\n<ul><li>Manicomio di Volterra<\/li><li>Terme Del Corallo<\/li><li>Sanatorio Lucia<\/li><li>Villa Viale<\/li><li>Ice Station Zebra<\/li><li>Villa EB<\/li><li>Hotel Zano<\/li><li>Annesso di Zano<\/li><li>Villa GM<\/li><li>Klub nocny Ozgur Dengiz<\/li><li>Villa Sbertoli<\/li><li>Sanatorio Bellavista<\/li><li>Borgo di Villa S Lost Village<\/li><li>Jungle Pool<\/li><li>Villa Delle Virtu<\/li><li>Casa Della Nonna<\/li><li>Villa Condom<\/li><li>Steampunkowa szklarnia<\/li><li>Villa Del Dottore LG<\/li><li>Villa Canneto<\/li><li>Villa del Farmacista<\/li><li>Residenza signorile<\/li><li>Villa delle statue<\/li><li>Casa Solitario<\/li><li>Convento delle monache felice<\/li><li>Istituto Salesiano<\/li><li>Green Hospital \/ Colosso Grigio<\/li><li>La Serra Thermale \/ Bagno Thermale<\/li><li>Capella M<\/li><li>Il bagno sulfureo abbandonato<\/li><li>GP Spa<\/li><li>Castello Zano \/ Non Plus Ultra<\/li><li>Klasztor Tassa<\/li><li>Villa Pappagaio<\/li><li>Villa Carduci<\/li><li>Scuola Giovanni<\/li><li>Chateau de Montepescini<\/li><li>Usine D&#039; outils<\/li><li>Villa della carrozzina \/ Villa della Resistenza<\/li><li>Il castello senza Re nel borgo di Nessuno<\/li><li>Therme BG<\/li><li>Casas Gialla Infestata<\/li><li>Villa Mirabella<\/li><li>Al Trotto Ippodromo<\/li><li>Incubo in cucina<\/li><li>Villa Hansel &amp; Gretel<\/li><li>Gwiezdny py\u0142<\/li><li>Zak\u0142ad ceramiczny<\/li><li>Hotel Madonna<\/li><li>Hotel Eagle<\/li><li>Casa di Rosa<\/li><li>Vecchio e ruggine<\/li><li>Rosso Chimico<\/li><li>Casa della ferrovia<\/li><li>Fornace nella foresta<\/li><li>Jungle Market<\/li><li>Factory Shine<\/li><li>Forte PR<\/li><li>Fattoria Didi<\/li><\/ul>","protected":false},"excerpt":{"rendered":"<p>Ta mapa urbex zawiera wszystkie lokalizacje eksploracji miejskiej (urbex) w<strong> W\u0142ochy, Toskania.<\/strong> Ta mapa zagubionych miejsc b\u0119dzie aktualizowana i dost\u0119pna przez co najmniej 365 dni od zakupu.<\/p>\n<p>Ta mapa zawiera obecnie 59 najbardziej wyj\u0105tkowych miejsc do zwiedzania we W\u0142oszech: Toskania i jest dost\u0119pna z dowolnego miejsca dzi\u0119ki naszej \u0142atwej w u\u017cyciu mapie<strong>.<\/strong><\/p>\n<p><strong>Je\u015bli posiadasz ju\u017c ten pakiet, mo\u017cesz uzyska\u0107 do niego dost\u0119p poprzez <a href=\"\/pl\/moje-konto\/obszar-czlonkowski\/43905\/zawartosc-mojego-czlonkostwa\/\">Moje mapy &gt; Widok.<\/a><\/strong><\/p>\n<p><a href=\"#tab-description\">Lista wszystkich lokalizacji Urbex na tej mapie.<\/a><\/p>","protected":false},"featured_media":48124,"template":"","meta":[],"product_brand":[],"product_cat":[243,322,1137,250],"product_tag":[],"class_list":{"0":"post-45839","1":"product","2":"type-product","3":"status-publish","4":"has-post-thumbnail","6":"product_cat-italy","7":"product_cat-location-packs","8":"product_cat-maps-italy","9":"product_cat-tuscany","11":"first","12":"instock","13":"taxable","14":"shipping-taxable","15":"purchasable","16":"product-type-variable"},"jetpack_sharing_enabled":true,"_links":{"self":[{"href":"https:\/\/urbex.direct\/pl\/wp-json\/wp\/v2\/product\/45839","targetHints":{"allow":["GET"]}}],"collection":[{"href":"https:\/\/urbex.direct\/pl\/wp-json\/wp\/v2\/product"}],"about":[{"href":"https:\/\/urbex.direct\/pl\/wp-json\/wp\/v2\/types\/product"}],"wp:featuredmedia":[{"embeddable":true,"href":"https:\/\/urbex.direct\/pl\/wp-json\/wp\/v2\/media\/48124"}],"wp:attachment":[{"href":"https:\/\/urbex.direct\/pl\/wp-json\/wp\/v2\/media?parent=45839"}],"wp:term":[{"taxonomy":"product_brand","embeddable":true,"href":"https:\/\/urbex.direct\/pl\/wp-json\/wp\/v2\/product_brand?post=45839"},{"taxonomy":"product_cat","embeddable":true,"href":"https:\/\/urbex.direct\/pl\/wp-json\/wp\/v2\/product_cat?post=45839"},{"taxonomy":"product_tag","embeddable":true,"href":"https:\/\/urbex.direct\/pl\/wp-json\/wp\/v2\/product_tag?post=45839"}],"curies":[{"name":"wp","href":"https:\/\/api.w.org\/{rel}","templated":true}]}}