{"id":45249,"date":"2022-10-11T09:30:19","date_gmt":"2022-10-11T08:30:19","guid":{"rendered":"https:\/\/urbex.direct\/?post_type=product&#038;p=45249"},"modified":"2025-05-22T17:49:08","modified_gmt":"2025-05-22T16:49:08","slug":"location-map-it-emilia-romagna","status":"publish","type":"product","link":"https:\/\/urbex.direct\/pl\/product\/location-map-it-emilia-romagna\/","title":{"rendered":"Urbex Map Italy: Emilia-Romania (dost\u0119p na 1 lub 2 lata)"},"content":{"rendered":"<p>Mapa zawiera nast\u0119puj\u0105ce lokalizacje:<\/p>\n<ul><li>Rezydencja Conte di Cavour<\/li><li>Fabbrica d'argento<\/li><li>Casa sforzo finale<\/li><li>Niebieska kaplica<\/li><li>Grand Hotel et de Milan<\/li><li>Preventorio di R<\/li><li>Oculus Tower<\/li><li>Villa L<\/li><li>Villa V<\/li><li>Acquazzurra Parco<\/li><li>Villa Prati<\/li><li>Discoteca Topkapi<\/li><li>Villa Buenos Airos<\/li><li>Discoteca Quaresimo<\/li><li>Carcere Maria<\/li><li>Fabbrica Zincata<\/li><li>Villa Infestato<\/li><li>Asilo Aguscello<\/li><li>Parco industriale<\/li><li>Scuola Mezzo<\/li><li>Kino Ambasada<\/li><li>Sanatorio Catone<\/li><li>Klinika Bereta<\/li><li>Funivia<\/li><li>Fabbrica gigante<\/li><li>Fabbrica Gezani<\/li><li>Universit\u00e0 Casalec<\/li><li>Hotel Olmatello<\/li><li>Cartiera ER<\/li><li>Woodpecker Discoteca<\/li><li>Villa Ferri<\/li><li>Statua Villa Delle<\/li><li>Villa Alessia<\/li><li>Capella Novi<\/li><li>Villa Voleno<\/li><li>Hotel Gabriele<\/li><li>Hotel a 5 Stelle<\/li><li>Teatro C<\/li><li>La scuola di Frankenstein \/ Scoula de Manequies<\/li><li>Villa Zodiaco<\/li><li>Palazzo dei dieci pianoforti \/ Willa 10 fortepian\u00f3w (tylko za zgod\u0105)<\/li><li>Ex Manicomio Di Colorno<\/li><li>Disco Diana<\/li><li>Scuola Dimenticata<\/li><li>La Casa Gialla<\/li><li>Villa del Cavallo<\/li><li>Fabbrica Gorizia<\/li><li>Casale del artista<\/li><li>Chiesa Giuseppe e Maria<\/li><li>Villa Arcobaleno<\/li><li>La villa della Volpe \/ Casa Della Volpe<\/li><li>Chiesa di Rigo<\/li><li>Villa Catini<\/li><li>Nouveau Cinema<\/li><li>Chiesa Monte Cavalloro<\/li><li>Villa del cavaliere \/ Villa Vorkona<\/li><li>Villa Jumanji<\/li><li>Rosyjskie wraki statk\u00f3w<\/li><li>Batiment Z<\/li><li>Silos Cereali<\/li><li>Maxio Fridgeria<\/li><li>Casa Santa Claus<\/li><li>Casa del relitto<\/li><li>Casa rosso edera<\/li><li>La Casa alla stazione<\/li><li>Cukrownia E<\/li><li>Casa Maria<\/li><li>La comunit\u00e0 abbandonata \/ Opuszczona spo\u0142eczno\u015b\u0107<\/li><li>Baza wojskowa w mie\u015bcie \/ Baza wojskowa w mie\u015bcie<\/li><li>La casa stregata \/ Nawiedzony dom<\/li><li>Casa con fienile pianeggiante \/ Dom z p\u0142ask\u0105 stodo\u0142\u0105<\/li><li>La possente Villa \/ Pot\u0119\u017cna willa<\/li><li>La fattoria e la cappella \/ Gospodarstwo i kaplica<\/li><li>Fattoria Storica \/ Historyczna farma<\/li><li>Kolejna rozpadaj\u0105ca si\u0119 farma \/ Un'altra fattoria fatiscente<\/li><li>Vecchia purificazione dell'acqua \/ Stare oczyszczanie wody<\/li><li>La piccola stazione \/ Ma\u0142a stacja<\/li><li>La ristrutturazione fallita \/ Nieudana renowacja<\/li><li>Il rifugio per cani abbandonati \/ Schronisko dla porzuconych ps\u00f3w<\/li><li>Kasyno Palacia<\/li><li>Hotel Thermale<\/li><li>Fattoria in pista \/ Farma na linii kolejowej<\/li><li>Piscina sulla spiaggia \/ Basen na pla\u017cy<\/li><li>Fabbrica dell'aviazione \/ Fabryka lotnicza<\/li><li>La casa fantasma \/ Dom duch\u00f3w<\/li><li>Villa Animali \/ Willa Zwierz\u0119ta<\/li><li>La casa dei dimenticati<\/li><li>Ulisse Mansion<\/li><li>Casa in rovina<\/li><li>Piccolo casale abbandonato<\/li><\/ul>","protected":false},"excerpt":{"rendered":"<p>Ta mapa urbex zawiera wszystkie lokalizacje eksploracji miejskiej (urbex) w<strong> W\u0142ochy, Emilia-Romania.<\/strong> Ta mapa zagubionych miejsc b\u0119dzie aktualizowana i dost\u0119pna przez co najmniej 365 dni od zakupu.<\/p>\n<p>Ta mapa zawiera obecnie 90 najbardziej unikalnych lokalizacji do zwiedzania we W\u0142oszech: Emilia-Romania i jest dost\u0119pna z dowolnego miejsca dzi\u0119ki naszej \u0142atwej w u\u017cyciu mapie<strong>.<\/strong><\/p>\n<p><strong>Je\u015bli posiadasz ju\u017c ten pakiet, mo\u017cesz uzyska\u0107 do niego dost\u0119p poprzez <a href=\"\/pl\/moje-konto\/obszar-czlonkowski\/43905\/zawartosc-mojego-czlonkostwa\/\">Moje mapy &gt; Widok.<\/a><\/strong><\/p>\n<p><a href=\"#tab-description\">Lista wszystkich lokalizacji Urbex na tej mapie.<\/a><\/p>","protected":false},"featured_media":48121,"template":"","meta":[],"product_brand":[],"product_cat":[244,243,322,1137],"product_tag":[],"class_list":{"0":"post-45249","1":"product","2":"type-product","3":"status-publish","4":"has-post-thumbnail","6":"product_cat-emilia-romagna-2","7":"product_cat-italy","8":"product_cat-location-packs","9":"product_cat-maps-italy","11":"first","12":"instock","13":"taxable","14":"shipping-taxable","15":"purchasable","16":"product-type-variable"},"jetpack_sharing_enabled":true,"_links":{"self":[{"href":"https:\/\/urbex.direct\/pl\/wp-json\/wp\/v2\/product\/45249","targetHints":{"allow":["GET"]}}],"collection":[{"href":"https:\/\/urbex.direct\/pl\/wp-json\/wp\/v2\/product"}],"about":[{"href":"https:\/\/urbex.direct\/pl\/wp-json\/wp\/v2\/types\/product"}],"wp:featuredmedia":[{"embeddable":true,"href":"https:\/\/urbex.direct\/pl\/wp-json\/wp\/v2\/media\/48121"}],"wp:attachment":[{"href":"https:\/\/urbex.direct\/pl\/wp-json\/wp\/v2\/media?parent=45249"}],"wp:term":[{"taxonomy":"product_brand","embeddable":true,"href":"https:\/\/urbex.direct\/pl\/wp-json\/wp\/v2\/product_brand?post=45249"},{"taxonomy":"product_cat","embeddable":true,"href":"https:\/\/urbex.direct\/pl\/wp-json\/wp\/v2\/product_cat?post=45249"},{"taxonomy":"product_tag","embeddable":true,"href":"https:\/\/urbex.direct\/pl\/wp-json\/wp\/v2\/product_tag?post=45249"}],"curies":[{"name":"wp","href":"https:\/\/api.w.org\/{rel}","templated":true}]}}