{"id":43725,"date":"2022-08-12T19:50:50","date_gmt":"2022-08-12T18:50:50","guid":{"rendered":"https:\/\/urbex.direct\/?post_type=product&#038;p=43725"},"modified":"2025-05-22T17:57:00","modified_gmt":"2025-05-22T16:57:00","slug":"mapa-lokalizacji-na-sardynii","status":"publish","type":"product","link":"https:\/\/urbex.direct\/pl\/product\/location-map-it-sardinia\/","title":{"rendered":"Urbex Mapa W\u0142ochy: Sardynia (dost\u0119p na 1 lub 2 lata)"},"content":{"rendered":"<p>Mapa zawiera nast\u0119puj\u0105ce lokalizacje: <ul><li>Villa Stefani<\/li><li>Ristorante viola<\/li><li>Kopalnia Argentiera<\/li><li>Eden Beach Hotel<\/li><li>Palazzo Palm<\/li><li>Casa di Direttore<\/li><li>Cappella AU<\/li><li>Prigione H29<\/li><li>Casa Cedrino<\/li><li>Sardocalce<\/li><li>Fabbrica PT<\/li><li>Casa Angello<\/li><li>Green Park Hotel<\/li><li>Fornace di calce<\/li><li>Hotel C<\/li><li>Villa della contessa<\/li><li>Il villaggio delle miniere<\/li><li>Villaggio Abbandonato A<\/li><li>Complesso turistico<\/li><li>Albergo di mare<\/li><li>Disco Kiss<\/li><li>Cementownia Felice<\/li><li>Szpital w Abergo<\/li><li>Hotel Velico<\/li><li>Cementi Alba<\/li><li>Albergo Ferroviario<\/li><li>Disco Energy<\/li><li>Miniera di Frodo<\/li><li>Cartaria Atax<\/li><li>Discoteca dei sacerdoti<\/li><li>Seggiovia Abbandonata \/ Zagubiony wyci\u0105g krzese\u0142kowy<\/li><li>Opu\u015bci\u0142em moj\u0105 wiosk\u0119<\/li><li>Stacja radiowa z czas\u00f3w zimnej wojny<\/li><li>Villa Skeleton<\/li><li>Hotel Exit<\/li><li>Sanatorium Nove<\/li><li>Zapomniane lokomotywy<\/li><li>Obudowa kopu\u0142y<\/li><li>Villa Stangoni<\/li><li>Villa Mug<\/li><li>Grande Club<\/li><li>Hotel Benve<\/li><li>Centrale Electrica Caterina<\/li><li>Fabbrica di calce<\/li><li>Villa Ginestra \/ Villa Idina<\/li><li>G\u00f3rnicze miasto duch\u00f3w<\/li><li>Mensa mineraria<\/li><li>Villa Weber<\/li><li>Fabryka telefon\u00f3w kom\u00f3rkowych<\/li><li>Fabbrica del gigante di ferro<\/li><li>Robien Centro Commerciale<\/li><li>Fabbrica di Sapone<\/li><li>La Diga Dimenticata<\/li><li>Ob\u00f3z wojskowy Legends \/ radar Sardina<\/li><li>G\u00f3rski Klub Sportowy<\/li><li>Osservatorio astronomico<\/li><li>Disco Tsunami<\/li><li>Ospedale M<\/li><li>Albergo dei birilli<\/li><li>Hotel Capo Taleuda<\/li><li>La miniera del tecnico<\/li><li>Fabbrica Kork<\/li><li>Instytut ENAP<\/li><li>La Colonia nuda<\/li><li>Wariant leczenia uszkodze\u0144 sk\u00f3ry<\/li><li>Stazione di Molinas<\/li><li>Casa Capo<\/li><li>Villa M<\/li><li>Il dormitorio della centrale elettrica<\/li><li>Villaggio del sesso abbandonato<\/li><li>L'ultimo piatto<\/li><li>Campo di minzione<\/li><li>Villa Pietri<\/li><li>Capella Pietri<\/li><li>Latticini U<\/li><li>Village Tropica<\/li><li>Colonia dei bambini perduti<\/li><li>Kamienio\u0142om B<\/li><li>Il villaggio sulla diga<\/li><li>La Casa Fantasma Diga<\/li><li>Caserma L<\/li><li>Le case della centrale elettrica<\/li><li>Il vecchio villaggio militare<\/li><li>Kolonia koni kr\u00f3lewskich<\/li><li>Stara pizzeria<\/li><li>Opuszczony obszar g\u00f3rniczy<\/li><li>Ob\u00f3z Polv<\/li><li>Usine Picci<\/li><li>Miniera Sed<\/li><li>Ruiny ma\u0142ego miasteczka<\/li><li>Missing Roof Village<\/li><li>Emerytowany stadion \/ Stadio in pensione<\/li><li>Sanatorium Fantasmo<\/li><li>5 z rz\u0119du \/ 5 di fila<\/li><li>Most trz\u0119sienia ziemi \/ Ponte del terremoto<\/li><li>Villa Falcone<\/li><li>Klub nocny Otto<\/li><li>Scuola invasa SL<\/li><li>Three Pillar House<\/li><li>Stary bar na polach<\/li><li>Piece rzymskie<\/li><li>Tree Farm Oreda<\/li><li>Solo le bellissime pareti<\/li><li>Sala delle Macchine<\/li><li>All'incrocio<\/li><li>Le rovine sulla collina<\/li><\/ul><\/p>","protected":false},"excerpt":{"rendered":"<p>Ta mapa urbex zawiera wszystkie lokalizacje eksploracji miejskiej (urbex) w<strong> W\u0142ochy, Sardynia. <\/strong>Ta mapa zagubionych miejsc b\u0119dzie aktualizowana i dost\u0119pna przez co najmniej 365 dni od zakupu. <\/p>\n<p>Ta mapa zawiera obecnie 106 najbardziej unikalnych lokalizacji do zwiedzania we W\u0142oszech: Sardynia i jest dost\u0119pna z dowolnego miejsca dzi\u0119ki naszej \u0142atwej w u\u017cyciu mapie<strong>. <\/p>\n<p><\/strong><strong>Je\u015bli posiadasz ju\u017c ten pakiet, mo\u017cesz uzyska\u0107 do niego dost\u0119p poprzez <a href=\"\/pl\/moje-konto\/obszar-czlonkowski\/43905\/zawartosc-mojego-czlonkostwa\/\">Moje mapy &gt; Widok.<\/a><\/strong> <\/p>\n<p><a href=\"#tab-description\">Lista wszystkich lokalizacji Urbex na tej mapie.<\/a><\/p>","protected":false},"featured_media":48123,"template":"","meta":[],"product_brand":[],"product_cat":[243,322,1137,249],"product_tag":[323],"class_list":{"0":"post-43725","1":"product","2":"type-product","3":"status-publish","4":"has-post-thumbnail","6":"product_cat-italy","7":"product_cat-location-packs","8":"product_cat-maps-italy","9":"product_cat-sardinia","10":"product_tag-locationpack","12":"first","13":"instock","14":"taxable","15":"shipping-taxable","16":"purchasable","17":"product-type-variable"},"jetpack_sharing_enabled":true,"_links":{"self":[{"href":"https:\/\/urbex.direct\/pl\/wp-json\/wp\/v2\/product\/43725","targetHints":{"allow":["GET"]}}],"collection":[{"href":"https:\/\/urbex.direct\/pl\/wp-json\/wp\/v2\/product"}],"about":[{"href":"https:\/\/urbex.direct\/pl\/wp-json\/wp\/v2\/types\/product"}],"wp:featuredmedia":[{"embeddable":true,"href":"https:\/\/urbex.direct\/pl\/wp-json\/wp\/v2\/media\/48123"}],"wp:attachment":[{"href":"https:\/\/urbex.direct\/pl\/wp-json\/wp\/v2\/media?parent=43725"}],"wp:term":[{"taxonomy":"product_brand","embeddable":true,"href":"https:\/\/urbex.direct\/pl\/wp-json\/wp\/v2\/product_brand?post=43725"},{"taxonomy":"product_cat","embeddable":true,"href":"https:\/\/urbex.direct\/pl\/wp-json\/wp\/v2\/product_cat?post=43725"},{"taxonomy":"product_tag","embeddable":true,"href":"https:\/\/urbex.direct\/pl\/wp-json\/wp\/v2\/product_tag?post=43725"}],"curies":[{"name":"wp","href":"https:\/\/api.w.org\/{rel}","templated":true}]}}