{"id":43718,"date":"2022-08-12T19:24:34","date_gmt":"2022-08-12T18:24:34","guid":{"rendered":"https:\/\/urbex.direct\/?post_type=product&#038;p=43718"},"modified":"2025-05-16T23:53:13","modified_gmt":"2025-05-16T22:53:13","slug":"mapa-lokalizacji-holandia-wszystkie-regiony","status":"publish","type":"product","link":"https:\/\/urbex.direct\/pl\/product\/location-map-netherlands-all-regions\/","title":{"rendered":"Urbex Mapa Holandii: Wszystkie regiony (dost\u0119p na 1 lub 2 lata)"},"content":{"rendered":"<p>Mapa zawiera nast\u0119puj\u0105ce lokalizacje: <ul><li>Biuro Bia\u0142ego Tronu<\/li><li>Zamek Czarownic \/ Chateau Moderna<\/li><li>Tronics Buildings<\/li><li>Fire Villa<\/li><li>Zardzewia\u0142e \u0142odzie<\/li><li>Dom zabawek<\/li><li>Opuszczony dom opieki<\/li><li>Riverstone<\/li><li>Ruine LS<\/li><li>Bunkier M<\/li><li>Zagubione poci\u0105gi<\/li><li>Restauracja Ruine<\/li><li>Zagubiona autostrada<\/li><li>Du\u017cy kompleks biurowy<\/li><li>Fort W \/ Bunkier W<\/li><li>Hotel Decay<\/li><li>Wodoci\u0105gi B<\/li><li>Wewn\u0119trzny las<\/li><li>Red Fire Jets<\/li><li>The Stone Factory \/ Rave Factory<\/li><li>Stone Factory K<\/li><li>Fabryka z biurem<\/li><li>Pozosta\u0142o\u015bci basenu<\/li><li>Blue Stone Factory<\/li><li>Zaro\u015bni\u0119te hale<\/li><li>Gasolina<\/li><li>Zwembad WM<\/li><li>Indian Camping<\/li><li>Farma Cascos<\/li><li>Farma Citroen<\/li><li>De tank is leeg<\/li><li>Bunkier S<\/li><li>De Kruidenier<\/li><li>Zaginiona armia<\/li><li>Maison B<\/li><li>Ob\u00f3z wojskowy W<\/li><li>Lost Midgetgolf<\/li><li>Rusthuis V<\/li><li>Ob\u00f3z zakupowy<\/li><li>The Dutch Beast \/ De Nederlandse Graafinstallatie<\/li><li>Maison Volle Melk<\/li><li>Park rozrywki N<\/li><li>Trash School M<\/li><li>Cmentarz ob\u0142\u0105kanych 2<\/li><li>Bird Office<\/li><li>Tropica Ambla<\/li><li>Pusty zbiornik, pusty dom<\/li><li>The Gathering<\/li><li>Cmentarz autobus\u00f3w i ci\u0119\u017car\u00f3wek<\/li><li>Polder Farm<\/li><li>Half Farm<\/li><li>Maison Wold<\/li><li>Het Tuincentrum \/ Centrum ogrodnicze<\/li><li>Farm Fliet<\/li><li>Usine W<\/li><li>Forest Stone<\/li><li>Usine Carton<\/li><li>Aardappelmeelfabriek<\/li><li>Bunkry z czas\u00f3w wojny \u015bwiatowej<\/li><li>Pistolet Fiemel \/ WW2<\/li><li>Jansen House<\/li><li>Drewniane okna<\/li><li>Fabryka DZ \/ Fabryka 1865<\/li><li>Fabryka Papieru \/ Papier Fabriek<\/li><li>Pancake Boat<\/li><li>Maison Harm<\/li><li>Stone Factory RH<\/li><li>The TV Factory<\/li><li>Kino M<\/li><li>Casa Piastrella<\/li><li>Huize Vesela<\/li><li>Dom samob\u00f3jc\u00f3w<\/li><li>Farma \u015bwi\u0144<\/li><li>Hoeve P<\/li><li>Casino V<\/li><li>Sex Club V<\/li><li>Kostnica \u017cydowska<\/li><li>Spookhuizen M \/ Nawiedzone domy M<\/li><li>Usine Joost<\/li><li>Dom duch\u00f3w \/ Geestenhuis<\/li><li>Roman Farm<\/li><li>De Jungle Garage<\/li><li>Bia\u0142a Fabryka \/ De Witte Fabriek<\/li><li>Kamienio\u0142om wapienia<\/li><li>The remains of the Falcon<\/li><li>Peter\u2019s crumbled pool<\/li><li>Decayed metalfoundry H<\/li><li>Maison 1945<\/li><li>Maison Demi<\/li><li>Ferme 1950<\/li><li>Het Trash Huisje \/ Dom \u015bmieci<\/li><li>Poci\u0105g B\u0142\u0119kitny Anio\u0142<\/li><li>Double Farm<\/li><li>Jungle Pool<\/li><li>Maison ECS \/ Huize ECS<\/li><li>Samochody podw\u00f3rkowe<\/li><li>Dom z akwarium<\/li><li>Uczniowie odeszli<\/li><li>Biuro ds. chwast\u00f3w<\/li><li>Zaginiona farma<\/li><li>Maison Trash<\/li><li>Gara\u017c Citro\u00ebn<\/li><li>Spalony w\u00f3z stra\u017cacki<\/li><li>Lazy Farm<\/li><li>Biuro CC<\/li><li>Wiejskie ruiny<\/li><li>Na wp\u00f3\u0142 zburzona fabryka<\/li><li>Pieter Farmhouse<\/li><li>Farma Oliebommel<\/li><li>Maison Edera<\/li><li>'t Hoompje<\/li><li>Usine Bloccare<\/li><li>Ruine Villa Ridder<\/li><li>Ogr\u00f3d przysz\u0142o\u015bci<\/li><li>Lockheed F-104<\/li><li>Maison Lonely<\/li><li>Usine Bee<\/li><li>Maison Safe<\/li><li>Farma bez dachu<\/li><li>Bunkier H<\/li><li>Szpital Bunker L<\/li><li>House Koe<\/li><li>Opuszczony kurnik<\/li><li>Ghost Zoo<\/li><li>Watertoren<\/li><li>Zagubiony szlak wodny<\/li><li>Maasstaal<\/li><li>Szklarnie dla winogron<\/li><li>Kabel Usine<\/li><li>Domy Bunkrowe<\/li><li>\u015aciana bunkra<\/li><li>Basen P<\/li><li>The Forgotten Bridge<\/li><li>Dom Timberland \/ Ma\u0142y domek za drog\u0105<\/li><li>Housemade<\/li><li>Orange Farm<\/li><li>Bunkier<\/li><li>Bunkier<\/li><li>Bunkier<\/li><li>Bunkier<\/li><li>Bunkier<\/li><li>Bunkier<\/li><li>Bunkier<\/li><li>Bunkier<\/li><li>Bunkier<\/li><li>Bunkier<\/li><li>Bunkier<\/li><li>Bunkier<\/li><li>Bunkier<\/li><li>Bunkier<\/li><li>Bunkier<\/li><li>Bunkier<\/li><li>Bunkier<\/li><li>Bunkier<\/li><li>Bunkier<\/li><li>Bunkier<\/li><li>Bunkier<\/li><li>Bunkier<\/li><li>Bunkier<\/li><li>Fort Ellewoud<\/li><li>Fort Rammekens<\/li><li>Bunkier<\/li><li>Bunkier<\/li><li>Fort Penserdijk<\/li><li>Fort Noorddijk<\/li><li>Bunkier<\/li><li>Fort benoorden Spaarndam<\/li><li>Bunkier<\/li><li>Bunkier<\/li><li>Bunkier<\/li><li>Bunkier<\/li><li>Bunkier<\/li><li>Bunkier<\/li><li>Fort Ijmuiden<\/li><li>Bunkier<\/li><li>Bunkier<\/li><li>Bunkier<\/li><\/ul><\/p>","protected":false},"excerpt":{"rendered":"<p>Ta mapa urbex zawiera wszystkie lokalizacje eksploracji miejskiej (urbex) w<strong> Holandia, Wszystkie regiony.<\/strong> <\/p>\n<p>This lost places map will remain updated and accessible for at least 365 days after purchase. This map has currently 177 of the most unique urban exploring locations in The Netherlands: All Regions and is accessible from anywhere with our easy to use map<strong>. <\/p>\n<p><\/strong><strong>Je\u015bli posiadasz ju\u017c ten pakiet, mo\u017cesz uzyska\u0107 do niego dost\u0119p poprzez <a href=\"\/pl\/moje-konto\/obszar-czlonkowski\/43905\/zawartosc-mojego-czlonkostwa\/\">Moje mapy &gt; Widok.<\/a><\/strong> <a href=\"#tab-description\">Lista wszystkich lokalizacji Urbex na tej mapie.<\/a><\/p>","protected":false},"featured_media":48150,"template":"","meta":[],"product_brand":[],"product_cat":[322,1136,259],"product_tag":[323],"class_list":{"0":"post-43718","1":"product","2":"type-product","3":"status-publish","4":"has-post-thumbnail","6":"product_cat-location-packs","7":"product_cat-maps-the-netherlands","8":"product_cat-the-netherlands","9":"product_tag-locationpack","11":"first","12":"instock","13":"taxable","14":"shipping-taxable","15":"purchasable","16":"product-type-variable"},"jetpack_sharing_enabled":true,"_links":{"self":[{"href":"https:\/\/urbex.direct\/pl\/wp-json\/wp\/v2\/product\/43718","targetHints":{"allow":["GET"]}}],"collection":[{"href":"https:\/\/urbex.direct\/pl\/wp-json\/wp\/v2\/product"}],"about":[{"href":"https:\/\/urbex.direct\/pl\/wp-json\/wp\/v2\/types\/product"}],"wp:featuredmedia":[{"embeddable":true,"href":"https:\/\/urbex.direct\/pl\/wp-json\/wp\/v2\/media\/48150"}],"wp:attachment":[{"href":"https:\/\/urbex.direct\/pl\/wp-json\/wp\/v2\/media?parent=43718"}],"wp:term":[{"taxonomy":"product_brand","embeddable":true,"href":"https:\/\/urbex.direct\/pl\/wp-json\/wp\/v2\/product_brand?post=43718"},{"taxonomy":"product_cat","embeddable":true,"href":"https:\/\/urbex.direct\/pl\/wp-json\/wp\/v2\/product_cat?post=43718"},{"taxonomy":"product_tag","embeddable":true,"href":"https:\/\/urbex.direct\/pl\/wp-json\/wp\/v2\/product_tag?post=43718"}],"curies":[{"name":"wp","href":"https:\/\/api.w.org\/{rel}","templated":true}]}}