{"id":43519,"date":"2022-07-20T21:00:03","date_gmt":"2022-07-20T20:00:03","guid":{"rendered":"https:\/\/urbex.direct\/?post_type=product&#038;p=43519"},"modified":"2025-05-22T17:37:59","modified_gmt":"2025-05-22T16:37:59","slug":"location-map-italy-all-regions","status":"publish","type":"product","link":"https:\/\/urbex.direct\/pl\/product\/location-map-italy-all-regions\/","title":{"rendered":"Urbex Mapa W\u0142ochy: Wszystkie regiony (dost\u0119p na 1 lub 2 lata)"},"content":{"rendered":"<p>Mapa zawiera nast\u0119puj\u0105ce lokalizacje: <ul><li>Casa Mysteria<\/li><li>Convento SM<\/li><li>Szpital CS \/ Ospedale CS<\/li><li>Centro Termale<\/li><li>Villa Ranalli<\/li><li>Vilaaggio Perduto Fara<\/li><li>Notte del villaggio abbandonato<\/li><li>Villa Atelier Della Scultrice<\/li><li>Palazzo del Cardinale<\/li><li>Ex Istituto Geso Devino Operaio<\/li><li>Convento B<\/li><li>Monastero Di Fara<\/li><li>Villa Ponam<\/li><li>Pista D'oro<\/li><li>Orfanotrofio Marcigliana<\/li><li>Villa Mario<\/li><li>Manicomio Psichiatrico<\/li><li>Eliksir Zaginionej Wioski<\/li><li>Ma\u0142e Zoo \/ Piccolo Zoo<\/li><li>Scuola di giganti<\/li><li>Villa Status Quo<\/li><li>Ippodromo di Lafuente<\/li><li>Casa Sperimentale<\/li><li>Kino z pos\u0105gami<\/li><li>Fabricca SIA<\/li><li>Hotel Bonifacev<\/li><li>Cimenterie Cerrano<\/li><li>Raffineria di zucchero<\/li><li>Fabbrica di abbigliamento<\/li><li>Casa Scarpa<\/li><li>Castello dei Ciclopi<\/li><li>Capannone invaso dalla vegetazione<\/li><li>Serre Aurelia 1<\/li><li>Serre Aurelia 2<\/li><li>Kolonia Pyrgi<\/li><li>Octogonus<\/li><li>Mercati Centrali con gru<\/li><li>Moulin \u00c0 Huile<\/li><li>Grand Hotel Primus<\/li><li>Central Hydro Electricity<\/li><li>Fabbrica di medicinali<\/li><li>Usine Cecconi<\/li><li>Villa su Strada<\/li><li>Piscina bianco<\/li><li>Saponificio<\/li><li>Campo Interno<\/li><li>Colonia Firenza<\/li><li>Fabbrica di Teschi<\/li><li>Hotel Nico<\/li><li>Castello nella foresta<\/li><li>Fabbrica Mistral<\/li><li>Ferme Aux Pigeons<\/li><li>Fabricca di Mira<\/li><li>Ex Cartiera AP<\/li><li>Alloggi dei lavoratori<\/li><li>Il monastero abbandonato sull'acqua<\/li><li>Fabbrica Vita<\/li><li>Cartiera e centro congressi<\/li><li>Aquapark G<\/li><li>Casa Romano<\/li><li>Ruina Ko\u015bcio\u0142a Szatana<\/li><li>Doppia Fabbrica<\/li><li>Villa non finita<\/li><li>Le vecchie terme<\/li><li>Villa Pasa<\/li><li>Villa Vina<\/li><li>Villa Botticelli<\/li><li>Chiesa del Parocco<\/li><li>Convento Corridonia<\/li><li>Aquaparc Adriatico<\/li><li>Villa Vespa<\/li><li>Villa Dei Volatili<\/li><li>Villa Milanov<\/li><li>Villa Dei Poeti<\/li><li>Chiesa degli Angeli<\/li><li>Disco Sophistica<\/li><li>Allenamento di calcio<\/li><li>Chiesa Verde \/ Chiesa del cane pazzo<\/li><li>La chiesa a casa<\/li><li>La chiesa rimane<\/li><li>Monastero nella nebbia<\/li><li>Disco Frank<\/li><li>Convento di F<\/li><li>Ospedale Gallo<\/li><li>Ristorante Della Nave<\/li><li>L'hotel con 2 torri<\/li><li>Powerplant V<\/li><li>Centrale elettrica ENEL<\/li><li>Chiesa di A<\/li><li>Villa Palma<\/li><li>La Casa Della Nonna<\/li><li>Villa Compresso<\/li><li>Magazzini stazione<\/li><li>La vecchia scuola di aviazione<\/li><li>Hotel Torre<\/li><li>Convento Verde<\/li><li>Abbaye Angelo<\/li><li>Fabbrica di polveri<\/li><li>Chiesa rosa verde<\/li><li>Fortezza Ginevra<\/li><li>Villaggio della doppia chiesa<\/li><li>Rze\u017ania go\u0142\u0119bi<\/li><li>Zaginiony Burgage<\/li><li>Scuola di Biologica<\/li><li>Fabbrica Olio d' Oliva<\/li><li>Villa Agora<\/li><li>Fabbrica la Biancheria Sporca<\/li><li>Fabbrica CPT<\/li><li>Villa Coni<\/li><li>Villa Uva<\/li><li>Opuszczona farma<\/li><li>Distilleria Nuova<\/li><li>Tetanic<\/li><li>Grecki Acquapark<\/li><li>Istituto Psicopedagogico<\/li><li>Villa Ferrero<\/li><li>O sole mio<\/li><li>Opuszczona wioska wiejska<\/li><li>Miragica<\/li><li>Collegio Navale<\/li><li>Villa Cerulli Bozzi Corso<\/li><li>Chiesa San Giorgio Degli Armeni<\/li><li>Sacar<\/li><li>Casa Di Molla<\/li><li>Hotel M<\/li><li>Hotel A<\/li><li>Golden Hotel<\/li><li>Villaggio Normanna<\/li><li>Villagio Iverna<\/li><li>Piscina crollata<\/li><li>Couvent Episcopal<\/li><li>Impianto Chimico<\/li><li>Hotel Piana<\/li><li>Abbandono del terreno<\/li><li>Casa senza finestre<\/li><li>L'oliveto<\/li><li>Fabbrica di cemento C<\/li><li>Wielka strona fabryki<\/li><li>Gli appartamenti non finiti<\/li><li>L'albergo dei rifiuti \/ The Waste Hotel<\/li><li>Casa Avati<\/li><li>Fabbrica Scarsa visibilit\u00e0<\/li><li>La fabbrica delle arance<\/li><li>L'appartamento vuoto<\/li><li>Villa Pazza<\/li><li>Fabbrica tra le strade<\/li><li>Villaggio Tocco<\/li><li>Chiessa C<\/li><li>Guardare Attraverso<\/li><li>Fabbrica Tetto Ruggine<\/li><li>Villa Inaspettato<\/li><li>Casa Mo<\/li><li>Ruderi C<\/li><li>Fabbrica A<\/li><li>Dolina M\u0142yn\u00f3w<\/li><li>Casa di Cal<\/li><li>Casa Viti<\/li><li>Villaggio Provinciale<\/li><li>H\u00f4tel de la V\u00e9suve<\/li><li>Baza NATO<\/li><li>Ghost Town AV<\/li><li>Chiesseta Agreste<\/li><li>Chiesa Sant Antuono<\/li><li>Chiessa Madonna dil Ponte<\/li><li>Chiesa Largo Capuccini<\/li><li>La citt\u00e0 abbandonata, nella citt\u00e0 abbandonata<\/li><li>Wille zielony raj<\/li><li>Undead Asylum Campania<\/li><li>Prison Break Campania<\/li><li>Basen Lost Paradise<\/li><li>Convento medievale<\/li><li>Palazzo Ducal<\/li><li>Ancienne Fabrique NSS<\/li><li>Hotel Eremo<\/li><li>Casa Di Spinola<\/li><li>Lost Village Pog<\/li><li>Miniera di solfiti<\/li><li>Fabryka Coso<\/li><li>Zamek Catarina<\/li><li>The Sea Club<\/li><li>Ospedale Clearblue<\/li><li>La fattoria dimenticata<\/li><li>Casa Kasko<\/li><li>Fabbrica nella fattoria<\/li><li>Rovina della fattoria<\/li><li>Rovina della fattoria 2<\/li><li>La rovina sulla montagna<\/li><li>Ponte e tunnel di Potter abbandonati<\/li><li>Casa Lofaro<\/li><li>La spa in crescita<\/li><li>Casa dell'autostrada<\/li><li>Chiesa Baro<\/li><li>Caserma Ruin Strand<\/li><li>Grand Hotel Templi<\/li><li>Castello di Somersault<\/li><li>Fabbrica Xi&#039;an<\/li><li>Dark School of Music<\/li><li>Discoteca Divina<\/li><li>Manicomio di Racconigi<\/li><li>Ospedale Bargnetta \/ La Bertagnetta<\/li><li>Azyl V<\/li><li>Villa Trendy<\/li><li>Villa Luciano<\/li><li>Ultimo Impero<\/li><li>Istituto Giuseppini<\/li><li>Ospedale della Croce Rossa<\/li><li>Monastry MG<\/li><li>Villa Sottos<\/li><li>Castello Novi<\/li><li>Villa Dante<\/li><li>Chiesa CM<\/li><li>Villa Margherita<\/li><li>Castello di Savi<\/li><li>Villa Corinna<\/li><li>Villa Melano<\/li><li>Fabbrica Fantasia<\/li><li>Villa Martiri<\/li><li>Orfanotrofio S<\/li><li>Camillio Lost Village<\/li><li>Castello Di V<\/li><li>Rovina Nella Foresta<\/li><li>Villa Albero delle Scimmie<\/li><li>Villa Abbettere<\/li><li>Fabbrica Grande e Vuoto<\/li><li>Casa Frazione<\/li><li>Villa Lm<\/li><li>Distributore di benzina abbandonato<\/li><li>Fabbrica T<\/li><li>Fabbrica Angolo<\/li><li>Chiesa Madrina<\/li><li>Colours Factory<\/li><li>Chiesa SC<\/li><li>La Furnasetta<\/li><li>Palazzo L<\/li><li>Passo Dopo Passo<\/li><li>Oriental Gem Palace<\/li><li>Castello di L<\/li><li>Ektoplazma<\/li><li>Villa Becker<\/li><li>Castello Di Re Claudio<\/li><li>Ospedale Pronto Scorsso<\/li><li>Villa Conchiglia<\/li><li>Cinema Enal<\/li><li>Santuario Bertha Gifford<\/li><li>Villa Donato Bilancia<\/li><li>Castello Mirafiori \/ Castello del Drosso<\/li><li>Villa Grazia<\/li><li>Globe School<\/li><li>Preventorio Infantile<\/li><li>Disco Cesar Palace<\/li><li>Villa Artom<\/li><li>Szko\u0142a Tofana<\/li><li>Chiesa Bosco<\/li><li>Villa Solita<\/li><li>Villa Flavia<\/li><li>Dw\u00f3r Duchessa<\/li><li>Casa Nella Foresta<\/li><li>Segreti di Cotone \/ La Filature effiloch\u00e9e \/ La filature arlequine<\/li><li>Palazzo Sciure \/ Il Sanatorio Maledetto Di Bioglio<\/li><li>Villa Ron<\/li><li>Villa Rice<\/li><li>Casa di Bambola<\/li><li>Casa Baobicala<\/li><li>Villa B<\/li><li>Albergo S<\/li><li>Villa del cacciatore<\/li><li>Casa Vara<\/li><li>Ferme Scina<\/li><li>Usine Produtiva<\/li><li>Chiesa Rhogama<\/li><li>Fattoria Gazzurlo<\/li><li>The Globe Club<\/li><li>The 8K Manor<\/li><li>Discoteca Aphro<\/li><li>La fattoria in montagna<\/li><li>Casa Ast<\/li><li>Wie\u017ca ko\u015bcio\u0142a w Pizie<\/li><li>Azienda agricola ASL<\/li><li>Kluczowa farma \/ La fattoria chiave<\/li><li>Villa Mandela<\/li><li>Farma j\u0105drowa \/ La fattoria nucleare<\/li><li>Dobrze ukryty ko\u015bci\u00f3\u0142 \/ La chiesa ben nascosta<\/li><li>Wielkie sale szkielet\u00f3w \/ Le grandi sale degli scheletri<\/li><li>Casa colonica sulla strada \/ Casa colonica sulla strada<\/li><li>Fabryka saksofon\u00f3w \/ La fabbrica di sassofoni<\/li><li>Manicomio psichiatrico<\/li><li>Dom wilka morskiego<\/li><li>Castle Kippy<\/li><li>Villaggio fantasma<\/li><li>Hotel Alberghetti<\/li><li>Capella di Villa Durazzo<\/li><li>Chiesa Edio<\/li><li>Colonia Antonia Devoto<\/li><li>Colonia Fara<\/li><li>Manicomio di Quarto<\/li><li>Palazzo Bordoni<\/li><li>Villa Caelum<\/li><li>Villa Sultana<\/li><li>Villa Zan<\/li><li>Hotel Pigna<\/li><li>Centralna energia elektryczna<\/li><li>Hotel Coloniale<\/li><li>Mauzoleum Crespi<\/li><li>Villa Ardesia<\/li><li>Chiesa delle origini<\/li><li>Ospedale Mediterraneo<\/li><li>Manicomio di Cogoleto<\/li><li>Strefa eksploracji Ksi\u0119\u017cyca<\/li><li>Villa Puma<\/li><li>Forte C<\/li><li>Forte T<\/li><li>Chiesa Bianca<\/li><li>Chiesa Verde<\/li><li>Fabbrica Sub<\/li><li>Villa Romano<\/li><li>Termy Battaglione<\/li><li>Antenato di F1<\/li><li>Ristorante dell'aereo<\/li><li>Villa Miari<\/li><li>Isola del Veneto<\/li><li>Discoteca Miro<\/li><li>Villa della Contessa Impazzita<\/li><li>Stara Lancia<\/li><li>Discoteca Madruga<\/li><li>Villa Cabia<\/li><li>Chiessetta Nobiliare<\/li><li>Hotel Spa<\/li><li>Chiesa O<\/li><li>Dom Alice \/ Dom Diane<\/li><li>Centro commerciale Esso<\/li><li>Villa Alfred Ogwang<\/li><li>Teatro Evoluzione<\/li><li>Palazzo a Sorpresa<\/li><li>Albergo Simpson<\/li><li>Ob\u00f3z hipisowski<\/li><li>Asylum Granzette<\/li><li>Fabbrica Forti<\/li><li>Stoccaggio Alibaba<\/li><li>Fabbrica-citt\u00e0<\/li><li>Base missilistica<\/li><li>Il grande albergo ricco<\/li><li>Hotel Cristallo<\/li><li>Villa Astronomica<\/li><li>Casa con balcone<\/li><li>Il Monastero Solare<\/li><li>Automatyczna kopu\u0142a<\/li><li>Vita di un monaco<\/li><li>Maison De L'Impagliatore<\/li><li>Base del ladro<\/li><li>La fabbrica dei treni<\/li><li>Fabbrica s<\/li><li>Villa Nebbiosa<\/li><li>Antica Chiesa Di San Marziala<\/li><li>Casa Malcazine<\/li><li>Villa Reliquia<\/li><li>Cappella nella foresta \/ Cappella Bianchi<\/li><li>Fabbrica Branco<\/li><li>Ospedale Al Mare<\/li><li>La regina della seta<\/li><li>Il campo proibito<\/li><li>Case Nosedo<\/li><li>Villa Castelnuovo<\/li><li>Fabryka sto\u0142\u00f3wek socjalnych<\/li><li>Porzucona prochownia<\/li><li>Castle Ghostories<\/li><li>Kinderheim<\/li><li>Monastero Di Santa Croce<\/li><li>Stabilimento Alluminio<\/li><li>Albergo Montano<\/li><li>Albergo scomunicato<\/li><li>Bagni a tre Cime<\/li><li>Il gigante dei boschi<\/li><li>La casa divina<\/li><li>La fabbrica di salsicce<\/li><li>Casa Petrol<\/li><li>Hotel Maria Auxi<\/li><li>3 Case sulla roccia<\/li><li>Kompleks akumulator\u00f3w<\/li><li>Stacja kolejki linowej NATO<\/li><li>Villa Gemona<\/li><li>Cacciatori delle Alpi<\/li><li>Sorelle in Miseria<\/li><li>Dom Ikonik<\/li><li>Bellezza industriale<\/li><li>Chiesa mani di Dio<\/li><li>Villa Stefani<\/li><li>Ristorante viola<\/li><li>Kopalnia Argentiera<\/li><li>Eden Beach Hotel<\/li><li>Palazzo Palm<\/li><li>Casa di Direttore<\/li><li>Cappella AU<\/li><li>Prigione H29<\/li><li>Casa Cedrino<\/li><li>Sardocalce<\/li><li>Fabbrica PT<\/li><li>Casa Angello<\/li><li>Green Park Hotel<\/li><li>Fornace di calce<\/li><li>Hotel C<\/li><li>Villa della contessa<\/li><li>Il villaggio delle miniere<\/li><li>Villaggio Abbandonato A<\/li><li>Complesso turistico<\/li><li>Albergo di mare<\/li><li>Disco Kiss<\/li><li>Cementownia Felice<\/li><li>Szpital w Abergo<\/li><li>Hotel Velico<\/li><li>Cementi Alba<\/li><li>Albergo Ferroviario<\/li><li>Disco Energy<\/li><li>Miniera di Frodo<\/li><li>Cartaria Atax<\/li><li>Discoteca dei sacerdoti<\/li><li>Seggiovia Abbandonata \/ Zagubiony wyci\u0105g krzese\u0142kowy<\/li><li>Opu\u015bci\u0142em moj\u0105 wiosk\u0119<\/li><li>Stacja radiowa z czas\u00f3w zimnej wojny<\/li><li>Villa Skeleton<\/li><li>Hotel Exit<\/li><li>Sanatorium Nove<\/li><li>Zapomniane lokomotywy<\/li><li>Obudowa kopu\u0142y<\/li><li>Villa Stangoni<\/li><li>Villa Mug<\/li><li>Grande Club<\/li><li>Hotel Benve<\/li><li>Centrale Electrica Caterina<\/li><li>Fabbrica di calce<\/li><li>Villa Ginestra \/ Villa Idina<\/li><li>G\u00f3rnicze miasto duch\u00f3w<\/li><li>Mensa mineraria<\/li><li>Villa Weber<\/li><li>Fabryka telefon\u00f3w kom\u00f3rkowych<\/li><li>Fabbrica del gigante di ferro<\/li><li>Robien Centro Commerciale<\/li><li>Fabbrica di Sapone<\/li><li>La Diga Dimenticata<\/li><li>Ob\u00f3z wojskowy Legends \/ radar Sardina<\/li><li>G\u00f3rski Klub Sportowy<\/li><li>Osservatorio astronomico<\/li><li>Disco Tsunami<\/li><li>Ospedale M<\/li><li>Albergo dei birilli<\/li><li>Hotel Capo Taleuda<\/li><li>La miniera del tecnico<\/li><li>Fabbrica Kork<\/li><li>Instytut ENAP<\/li><li>La Colonia nuda<\/li><li>Wariant leczenia uszkodze\u0144 sk\u00f3ry<\/li><li>Stazione di Molinas<\/li><li>Casa Capo<\/li><li>Villa M<\/li><li>Il dormitorio della centrale elettrica<\/li><li>Villaggio del sesso abbandonato<\/li><li>L'ultimo piatto<\/li><li>Campo di minzione<\/li><li>Villa Pietri<\/li><li>Capella Pietri<\/li><li>Latticini U<\/li><li>Village Tropica<\/li><li>Colonia dei bambini perduti<\/li><li>Kamienio\u0142om B<\/li><li>Il villaggio sulla diga<\/li><li>La Casa Fantasma Diga<\/li><li>Caserma L<\/li><li>Le case della centrale elettrica<\/li><li>Il vecchio villaggio militare<\/li><li>Kolonia koni kr\u00f3lewskich<\/li><li>Stara pizzeria<\/li><li>Opuszczony obszar g\u00f3rniczy<\/li><li>Ob\u00f3z Polv<\/li><li>Usine Picci<\/li><li>Miniera Sed<\/li><li>Ruiny ma\u0142ego miasteczka<\/li><li>Missing Roof Village<\/li><li>Emerytowany stadion \/ Stadio in pensione<\/li><li>Sanatorium Fantasmo<\/li><li>5 z rz\u0119du \/ 5 di fila<\/li><li>Most trz\u0119sienia ziemi \/ Ponte del terremoto<\/li><li>Villa Falcone<\/li><li>Klub nocny Otto<\/li><li>Scuola invasa SL<\/li><li>Three Pillar House<\/li><li>Stary bar na polach<\/li><li>Piece rzymskie<\/li><li>Tree Farm Oreda<\/li><li>Solo le bellissime pareti<\/li><li>Sala delle Macchine<\/li><li>All'incrocio<\/li><li>Le rovine sulla collina<\/li><li>Rezydencja Conte di Cavour<\/li><li>Fabbrica d'argento<\/li><li>Casa sforzo finale<\/li><li>Niebieska kaplica<\/li><li>Grand Hotel et de Milan<\/li><li>Preventorio di R<\/li><li>Oculus Tower<\/li><li>Villa L<\/li><li>Villa V<\/li><li>Acquazzurra Parco<\/li><li>Villa Prati<\/li><li>Discoteca Topkapi<\/li><li>Villa Buenos Airos<\/li><li>Discoteca Quaresimo<\/li><li>Carcere Maria<\/li><li>Fabbrica Zincata<\/li><li>Villa Infestato<\/li><li>Asilo Aguscello<\/li><li>Parco industriale<\/li><li>Scuola Mezzo<\/li><li>Kino Ambasada<\/li><li>Sanatorio Catone<\/li><li>Klinika Bereta<\/li><li>Funivia<\/li><li>Fabbrica gigante<\/li><li>Fabbrica Gezani<\/li><li>Universit\u00e0 Casalec<\/li><li>Hotel Olmatello<\/li><li>Cartiera ER<\/li><li>Woodpecker Discoteca<\/li><li>Villa Ferri<\/li><li>Statua Villa Delle<\/li><li>Villa Alessia<\/li><li>Capella Novi<\/li><li>Villa Voleno<\/li><li>Hotel Gabriele<\/li><li>Hotel a 5 Stelle<\/li><li>Teatro C<\/li><li>La scuola di Frankenstein \/ Scoula de Manequies<\/li><li>Villa Zodiaco<\/li><li>Palazzo dei dieci pianoforti \/ Willa 10 fortepian\u00f3w (tylko za zgod\u0105)<\/li><li>Ex Manicomio Di Colorno<\/li><li>Disco Diana<\/li><li>Scuola Dimenticata<\/li><li>La Casa Gialla<\/li><li>Villa del Cavallo<\/li><li>Fabbrica Gorizia<\/li><li>Casale del artista<\/li><li>Chiesa Giuseppe e Maria<\/li><li>Villa Arcobaleno<\/li><li>La villa della Volpe \/ Casa Della Volpe<\/li><li>Chiesa di Rigo<\/li><li>Villa Catini<\/li><li>Nouveau Cinema<\/li><li>Chiesa Monte Cavalloro<\/li><li>Villa del cavaliere \/ Villa Vorkona<\/li><li>Villa Jumanji<\/li><li>Rosyjskie wraki statk\u00f3w<\/li><li>Batiment Z<\/li><li>Silos Cereali<\/li><li>Maxio Fridgeria<\/li><li>Casa Santa Claus<\/li><li>Casa del relitto<\/li><li>Casa rosso edera<\/li><li>La Casa alla stazione<\/li><li>Cukrownia E<\/li><li>Casa Maria<\/li><li>La comunit\u00e0 abbandonata \/ Opuszczona spo\u0142eczno\u015b\u0107<\/li><li>Baza wojskowa w mie\u015bcie \/ Baza wojskowa w mie\u015bcie<\/li><li>La casa stregata \/ Nawiedzony dom<\/li><li>Casa con fienile pianeggiante \/ Dom z p\u0142ask\u0105 stodo\u0142\u0105<\/li><li>La possente Villa \/ Pot\u0119\u017cna willa<\/li><li>La fattoria e la cappella \/ Gospodarstwo i kaplica<\/li><li>Fattoria Storica \/ Historyczna farma<\/li><li>Kolejna rozpadaj\u0105ca si\u0119 farma \/ Un'altra fattoria fatiscente<\/li><li>Vecchia purificazione dell'acqua \/ Stare oczyszczanie wody<\/li><li>La piccola stazione \/ Ma\u0142a stacja<\/li><li>La ristrutturazione fallita \/ Nieudana renowacja<\/li><li>Il rifugio per cani abbandonati \/ Schronisko dla porzuconych ps\u00f3w<\/li><li>Kasyno Palacia<\/li><li>Hotel Thermale<\/li><li>Fattoria in pista \/ Farma na linii kolejowej<\/li><li>Piscina sulla spiaggia \/ Basen na pla\u017cy<\/li><li>Fabbrica dell'aviazione \/ Fabryka lotnicza<\/li><li>La casa fantasma \/ Dom duch\u00f3w<\/li><li>Villa Animali \/ Willa Zwierz\u0119ta<\/li><li>La casa dei dimenticati<\/li><li>Ulisse Mansion<\/li><li>Casa in rovina<\/li><li>Piccolo casale abbandonato<\/li><li>La mezza chiesa<\/li><li>Fabbrica Mattei<\/li><li>Chiesa iconica<\/li><li>Cimitero parrocchiale<\/li><li>Casa invasa dalla vegetazione<\/li><li>Villa Maz<\/li><li>Manicomio di Volterra<\/li><li>Terme Del Corallo<\/li><li>Sanatorio Lucia<\/li><li>Villa Viale<\/li><li>Ice Station Zebra<\/li><li>Villa EB<\/li><li>Hotel Zano<\/li><li>Annesso di Zano<\/li><li>Villa GM<\/li><li>Klub nocny Ozgur Dengiz<\/li><li>Villa Sbertoli<\/li><li>Sanatorio Bellavista<\/li><li>Borgo di Villa S Lost Village<\/li><li>Jungle Pool<\/li><li>Villa Delle Virtu<\/li><li>Casa Della Nonna<\/li><li>Villa Condom<\/li><li>Steampunkowa szklarnia<\/li><li>Villa Del Dottore LG<\/li><li>Villa Canneto<\/li><li>Villa del Farmacista<\/li><li>Residenza signorile<\/li><li>Villa delle statue<\/li><li>Casa Solitario<\/li><li>Convento delle monache felice<\/li><li>Istituto Salesiano<\/li><li>Green Hospital \/ Colosso Grigio<\/li><li>La Serra Thermale \/ Bagno Thermale<\/li><li>Capella M<\/li><li>Il bagno sulfureo abbandonato<\/li><li>GP Spa<\/li><li>Castello Zano \/ Non Plus Ultra<\/li><li>Klasztor Tassa<\/li><li>Villa Pappagaio<\/li><li>Villa Carduci<\/li><li>Scuola Giovanni<\/li><li>Chateau de Montepescini<\/li><li>Usine D&#039; outils<\/li><li>Villa della carrozzina \/ Villa della Resistenza<\/li><li>Il castello senza Re nel borgo di Nessuno<\/li><li>Therme BG<\/li><li>Casas Gialla Infestata<\/li><li>Villa Mirabella<\/li><li>Al Trotto Ippodromo<\/li><li>Incubo in cucina<\/li><li>Villa Hansel &amp; Gretel<\/li><li>Gwiezdny py\u0142<\/li><li>Zak\u0142ad ceramiczny<\/li><li>Hotel Madonna<\/li><li>Hotel Eagle<\/li><li>Casa di Rosa<\/li><li>Vecchio e ruggine<\/li><li>Rosso Chimico<\/li><li>Casa della ferrovia<\/li><li>Fornace nella foresta<\/li><li>Jungle Market<\/li><li>Factory Shine<\/li><li>Forte PR<\/li><li>Fattoria Didi<\/li><li>Chiesa Dimentica<\/li><li>Grenlandia<\/li><li>Labo del Male<\/li><li>Manicomio di Mombello<\/li><li>Sierociniec Mono<\/li><li>Villa Camilla<\/li><li>Villa Mira<\/li><li>Republica Park<\/li><li>Centrum handlowe Milano<\/li><li>Fantasma City<\/li><li>Grand Hotel P \/ Campo Estivo<\/li><li>Villa Di Vecchi<\/li><li>Discoteca Xo<\/li><li>Villa R Spazio<\/li><li>Impianto Idroelettrico<\/li><li>Sanatorio Divo Carolo Dicatum<\/li><li>Palazzo D'Oro \/ Villa Gold<\/li><li>Castello Sorpresa<\/li><li>Teatro Politeama<\/li><li>Villa Delle Cennere<\/li><li>Chiesa Delle Galline<\/li><li>Villa di Vetro<\/li><li>Palazzo dell Alchimista<\/li><li>Palazzo Piccione \/ Villa Pittore \/ Villa Madame Bovary<\/li><li>Centrum handlowe Pyramid<\/li><li>Villa Micia<\/li><li>Dosta\u0107 si\u0119 do helikoptera<\/li><li>Vecchi autobus e vecchie auto<\/li><li>Villa Redentore \/ Palazzo Conte V<\/li><li>Willa Targaryen<\/li><li>Castello del Pittore<\/li><li>Villa Fattore<\/li><li>Miniera T \/ Fluorietmijn<\/li><li>Villa Weiss<\/li><li>Maison Grifiando<\/li><li>Ferme Rosto<\/li><li>Villa Exelia<\/li><li>Usine Nozo<\/li><li>Cinema Rose<\/li><li>La Villa dell'amore con la fabbrica<\/li><li>Casa Bionda<\/li><li>Casa dell'usura<\/li><li>Fabbrica autosufficiente<\/li><li>Piatto Architettura Brutalista<\/li><li>Villa Glicine<\/li><li>Villa Monticel<\/li><li>Villa Giovanni<\/li><li>La casa Bambini<\/li><li>Fabricca 27<\/li><li>La Villa della Notte<\/li><li>Castello Del Oasi<\/li><li>La Scuola della Paura<\/li><li>Pub w g\u00f3r\u0119 i w d\u00f3\u0142<\/li><li>Chiesa con cortile giardino<\/li><li>Villa Verderio<\/li><li>La grande fabbrica di carta<\/li><\/ul><\/p>","protected":false},"excerpt":{"rendered":"<p>Ta mapa urbex zawiera wszystkie lokalizacje eksploracji miejskiej (urbex) w<strong> W\u0142ochy, Wszystkie regiony.<\/strong> Ta mapa zagubionych miejsc b\u0119dzie aktualizowana i dost\u0119pna przez co najmniej 365 dni od zakupu.<\/p>\n<p>Ta mapa zawiera obecnie 702 najbardziej wyj\u0105tkowych miejsc do zwiedzania we W\u0142oszech: Wszystkie regiony i jest dost\u0119pna z dowolnego miejsca dzi\u0119ki naszej \u0142atwej w u\u017cyciu mapie<strong>.<\/p>\n<p><\/strong><strong>Je\u015bli posiadasz ju\u017c ten pakiet, mo\u017cesz uzyska\u0107 do niego dost\u0119p poprzez <a href=\"\/pl\/moje-konto\/obszar-czlonkowski\/43905\/zawartosc-mojego-czlonkostwa\/\">Moje mapy &gt; Widok.<\/a><\/strong><strong><\/p>\n<p><\/strong><a href=\"#tab-description\">Lista wszystkich lokalizacji Urbex na tej mapie.<\/a><\/p>","protected":false},"featured_media":48125,"template":"","meta":[],"product_brand":[],"product_cat":[243,322,1137],"product_tag":[],"class_list":{"0":"post-43519","1":"product","2":"type-product","3":"status-publish","4":"has-post-thumbnail","6":"product_cat-italy","7":"product_cat-location-packs","8":"product_cat-maps-italy","10":"first","11":"instock","12":"taxable","13":"shipping-taxable","14":"purchasable","15":"product-type-variable"},"jetpack_sharing_enabled":true,"_links":{"self":[{"href":"https:\/\/urbex.direct\/pl\/wp-json\/wp\/v2\/product\/43519","targetHints":{"allow":["GET"]}}],"collection":[{"href":"https:\/\/urbex.direct\/pl\/wp-json\/wp\/v2\/product"}],"about":[{"href":"https:\/\/urbex.direct\/pl\/wp-json\/wp\/v2\/types\/product"}],"wp:featuredmedia":[{"embeddable":true,"href":"https:\/\/urbex.direct\/pl\/wp-json\/wp\/v2\/media\/48125"}],"wp:attachment":[{"href":"https:\/\/urbex.direct\/pl\/wp-json\/wp\/v2\/media?parent=43519"}],"wp:term":[{"taxonomy":"product_brand","embeddable":true,"href":"https:\/\/urbex.direct\/pl\/wp-json\/wp\/v2\/product_brand?post=43519"},{"taxonomy":"product_cat","embeddable":true,"href":"https:\/\/urbex.direct\/pl\/wp-json\/wp\/v2\/product_cat?post=43519"},{"taxonomy":"product_tag","embeddable":true,"href":"https:\/\/urbex.direct\/pl\/wp-json\/wp\/v2\/product_tag?post=43519"}],"curies":[{"name":"wp","href":"https:\/\/api.w.org\/{rel}","templated":true}]}}