{"id":37593,"date":"2021-12-19T16:49:08","date_gmt":"2021-12-19T16:49:08","guid":{"rendered":"https:\/\/urbex.direct\/?post_type=product&#038;p=37593"},"modified":"2025-05-17T00:01:40","modified_gmt":"2025-05-16T23:01:40","slug":"mapa-lokalizacji-es-catalonia","status":"publish","type":"product","link":"https:\/\/urbex.direct\/pl\/product\/location-map-es-catalonia\/","title":{"rendered":"Urbex Map Spain: Katalonia (dost\u0119p na 1 lub 2 lata)"},"content":{"rendered":"<p>Mapa zawiera nast\u0119puj\u0105ce lokalizacje: <ul><li>Casa del M\u00e9dico<\/li><li>Bunkeranlage<\/li><li>Hotel Miramar<\/li><li>Olivera Villa<\/li><li>Klub nocny Lapsus<\/li><li>Mas Carles<\/li><li>Castillo Jov\u00e9<\/li><li>C-65 Restauracja \/ Resto R<\/li><li>Castillo Torre<\/li><li>Fabryka Tytoniu<\/li><li>Preventorio Sabinosa<\/li><li>Karting<\/li><li>Hotel Les Ferreses<\/li><li>Celeste Palace<\/li><li>Balneario Termas la Puda<\/li><li>Colonia Cementera<\/li><li>El pueblo del Japon\u00e9s \/ Japo\u0144skie miasto<\/li><li>Baza wojskowa Loran<\/li><li>Puti Club de Carretera<\/li><li>Plaza de Toros<\/li><li>Fabrica AP<\/li><li>Hostal del Gato Momificado<\/li><li>Masia del Soldado<\/li><li>Ruina Can Busquets<\/li><li>Gasolinera A<\/li><li>Samochody w kamufla\u017cu naturalnym \/ Camouflaged Cars<\/li><li>Hotel Panik<\/li><li>Mansion de los Ciervos<\/li><li>Villa Josefa<\/li><li>Casa Lila<\/li><li>La mansi\u00f3n del Crimen<\/li><li>El Moli Vell<\/li><li>Antiguo Matadero Tordera<\/li><li>Castillo Mas Rissech<\/li><li>Masia de las Fantas<\/li><li>Rezydencja 100-lecia<\/li><li>Teneria Moderna Franco Espa\u00f1ola<\/li><li>El desv\u00e1n del Artista<\/li><li>Mansion del Conde<\/li><li>Porzucone osiedle<\/li><li>Textil La Blava<\/li><li>Club Nautico<\/li><li>Radio Liberty<\/li><li>Mansion de la Mariona<\/li><li>El \u00e1tico de las sillas<\/li><li>Aquapark Sitges<\/li><li>Cementera de la Gran Cupula<\/li><li>Estaci\u00f3n de Vallcarca<\/li><li>Discoteca Central<\/li><li>Ciudad de los Muchachos<\/li><li>Fabrica de Harina Gualda<\/li><li>Chalet de la rata Muerta<\/li><li>Colonia Textil<\/li><li>Lost Village A<\/li><li>Casa del Piano<\/li><li>Casa Carro Blanco<\/li><li>Colonia Minera<\/li><li>Iglesia Perfecto<\/li><li>Citroen 2cv<\/li><li>Masia Numero 20<\/li><li>Masia del 1817<\/li><li>Mansi\u00f3n con estanque<\/li><li>Mutua Abandonada<\/li><li>Piscinas con Futbolin<\/li><li>Masia de las Monedas<\/li><li>La fabrica de los Cartuchos<\/li><li>Mansi\u00f3n de Anabelle<\/li><li>Discoteca Pach\u00e1<\/li><li>Piscinas Canad\u00e1 Park<\/li><li>Posiad\u0142o\u015b\u0107 szczur\u00f3w \u015bmierci<\/li><li>Masia de los Templarios<\/li><li>Urbanizaci\u00f3n Abandonada<\/li><li>Masia 1909<\/li><li>Hotel de los horrores<\/li><li>Hotel Prost\u00edbulo<\/li><li>Chiringuito de la Piscina<\/li><li>Polideportivo con piscina<\/li><li>Les Bunes<\/li><li>Ma\u0142y blok pisos<\/li><li>Rezydencja i casa de los criados<\/li><li>Casa de los espectros<\/li><li>Cuarteles<\/li><li>Rezydencja z dyskotek\u0105<\/li><li>Discoteca P<\/li><li>Casa de el Torero<\/li><li>Corbera de l'Ebre<\/li><li>Campo de golf<\/li><li>Fabrica Abandonada<\/li><li>Mansi\u00f3n C\u00fapula<\/li><li>Fabrica EC<\/li><li>Castillo Abuelo<\/li><li>Pueblo abandonado M<\/li><li>Discoteca LV<\/li><li>Carruajes<\/li><li>Hangar Coches Lekar<\/li><li>Porzucone fabryki<\/li><li>Pueblo Abandonado NT<\/li><li>Restaurante Arrasado<\/li><li>Estacion de ferreses<\/li><li>Fabrica de Tejidos<\/li><li>Casa de molino abandonada<\/li><li>Mas\u00eda Palomas<\/li><li>Fabryka maszyn drukarskich<\/li><li>Casa Gioconda<\/li><li>Gran Hotel de la A<\/li><li>Chalet del Acantilado<\/li><li>Hotel Abandonado<\/li><li>La casa Fantasma<\/li><li>Restaurante El Gran Ca\u00f1on<\/li><li>Restauracja bankietowa<\/li><li>Discoteca Tutan<\/li><li>Torre del Fang<\/li><li>Masia mo\u017ce g\u0142osowa\u0107<\/li><li>Font Pirine<\/li><li>Harinera F.O.R.<\/li><li>Apeadero Torrebonica<\/li><li>Masia del Vendedor<\/li><li>Colonia La Farinera<\/li><li>Hotel Colonia Puig<\/li><li>Mas\u00eda La Vall<\/li><li>Masia Castellnou de la Plana<\/li><li>Posiad\u0142o\u015b\u0107 samob\u00f3jc\u00f3w \/ El Tint<\/li><li>Poblado SR<\/li><li>Masia Decay<\/li><li>Masia Losing Zorrillo<\/li><li>Masia Camas Voladorad<\/li><li>Ermita<\/li><li>Mini Falangista<\/li><li>Disco MF<\/li><li>Teatre Bel<\/li><li>F\u00e1brica + Balneario<\/li><li>Mas\u00eda y Capilla Blanca<\/li><li>Fabrica de ladrillo<\/li><li>Fabrica Ortopedia<\/li><li>F\u00e1brica de Embutidos<\/li><li>Fabrica Quimicos<\/li><li>EL Pueblo Conejo<\/li><li>Geriatrico del Olvido<\/li><li>Fabrica Intorfrisa<\/li><li>Fabrica Siniestra<\/li><li>F\u00e1brica Textil<\/li><li>Hotel playa<\/li><li>Fabrica Textil Abandonada<\/li><li>El Instituto abandonado GenCat<\/li><li>Restaurante \/ Mas\u00eda abandonado<\/li><li>Discoteca Petada<\/li><li>Mas Lost Village<\/li><li>Colonia Soldevilla<\/li><li>Kabaret las Aguilas<\/li><li>Fabrica del plazon<\/li><li>Escuela del se\u00f1or Antonio<\/li><li>La fabrica de la Grua<\/li><li>Discoteca Arcus<\/li><li>Fabrica del Incidente<\/li><li>Discoteca H<\/li><li>Villa del 1949<\/li><li>Fabrica Textil Doble<\/li><li>Fabrica del Coche<\/li><li>Fabrica piso Unico<\/li><li>Hospital del Carmen<\/li><li>Fabrica quimica el Peligro<\/li><li>Hostal Solitario<\/li><li>Fabrica de las Variedades<\/li><li>Fabrica ladrillos Premium<\/li><li>Hotel Cabaret<\/li><li>Polvor\u00edn<\/li><li>Fabrica Metalera<\/li><li>Piso con fitness<\/li><li>Peque\u00f1a casa de Monta\u00f1a<\/li><li>Masia del noble<\/li><li>Masia de la serpiente<\/li><li>Granja historica<\/li><li>3 Cazas - MIG<\/li><li>La casa del viento<\/li><li>Autocares Abandonados \/ Taller<\/li><li>Masia de las Verduras<\/li><li>Masia Murcielagos<\/li><li>Piscina abandonada i canchas de tenis<\/li><li>Hermita Tumbas Abandonadas<\/li><li>Mansion Urbex<\/li><li>Masias Gurb<\/li><li>Colonia Textil + Casas<\/li><li>Masias Oris<\/li><li>Masia Voltrega<\/li><li>Viviendas Colonia<\/li><li>Masia Hermita<\/li><li>Masia Salort<\/li><li>Masia de las Ollas<\/li><li>Finca La Porxada<\/li><li>Centralna Termica<\/li><li>Antigue Casa Bodega<\/li><li>Masia Barriles<\/li><li>Casas de los comisarios<\/li><li>Taller Motos Clasicas<\/li><li>Casa de las cristaleras<\/li><li>Casa de los gatos<\/li><li>Biof\u00e1brica<\/li><li>Castillo moderno<\/li><li>Can Rosis<\/li><li>Can Sol<\/li><li>La mas\u00eda del cuchillo<\/li><li>Fabrica pl\u00e1sticos del incidente<\/li><li>Hotel del Fallecido<\/li><li>Viviendas Oscuras<\/li><li>Carruaje abandonado<\/li><li>Orfanato Intacto<\/li><li>Tuneladora Metro<\/li><li>Cementerio Real Abanadonado<\/li><li>Centro Tuberculosos<\/li><li>Hibernadero Abandonado<\/li><li>Colonia Textil H<\/li><li>Campo Golf Abandonado<\/li><li>Casa de los senyores montgros<\/li><li>Casa de los abuelos<\/li><li>Piscina P<\/li><li>Casas de viejos trabajadores<\/li><li>Niesamowita willa<\/li><\/ul><\/p>","protected":false},"excerpt":{"rendered":"<p>Ta mapa urbex zawiera wszystkie lokalizacje eksploracji miejskiej (urbex) w<strong> Hiszpania, Katalonia. <\/strong>Ta mapa zagubionych miejsc b\u0119dzie aktualizowana i dost\u0119pna przez co najmniej 365 dni od zakupu. <\/p>\n<p>Ta mapa zawiera obecnie 217 najbardziej wyj\u0105tkowych miejsc do zwiedzania w Hiszpanii: Katalonia i jest dost\u0119pna z dowolnego miejsca dzi\u0119ki naszej \u0142atwej w u\u017cyciu mapie<strong>. <\/p>\n<p><\/strong><strong>Je\u015bli posiadasz ju\u017c ten pakiet, mo\u017cesz uzyska\u0107 do niego dost\u0119p poprzez <a href=\"\/pl\/moje-konto\/obszar-czlonkowski\/43905\/zawartosc-mojego-czlonkostwa\/\">Moje mapy &gt; Widok.<\/a><\/strong> <\/p>\n<p><a href=\"#tab-description\">Lista wszystkich lokalizacji Urbex na tej mapie.<\/a><\/p>","protected":false},"featured_media":43244,"template":"","meta":[],"product_brand":[],"product_cat":[288,322,1139,282],"product_tag":[323],"class_list":{"0":"post-37593","1":"product","2":"type-product","3":"status-publish","4":"has-post-thumbnail","6":"product_cat-catalonia","7":"product_cat-location-packs","8":"product_cat-maps-spain","9":"product_cat-spain","10":"product_tag-locationpack","12":"first","13":"instock","14":"taxable","15":"shipping-taxable","16":"purchasable","17":"product-type-variable"},"jetpack_sharing_enabled":true,"_links":{"self":[{"href":"https:\/\/urbex.direct\/pl\/wp-json\/wp\/v2\/product\/37593","targetHints":{"allow":["GET"]}}],"collection":[{"href":"https:\/\/urbex.direct\/pl\/wp-json\/wp\/v2\/product"}],"about":[{"href":"https:\/\/urbex.direct\/pl\/wp-json\/wp\/v2\/types\/product"}],"wp:featuredmedia":[{"embeddable":true,"href":"https:\/\/urbex.direct\/pl\/wp-json\/wp\/v2\/media\/43244"}],"wp:attachment":[{"href":"https:\/\/urbex.direct\/pl\/wp-json\/wp\/v2\/media?parent=37593"}],"wp:term":[{"taxonomy":"product_brand","embeddable":true,"href":"https:\/\/urbex.direct\/pl\/wp-json\/wp\/v2\/product_brand?post=37593"},{"taxonomy":"product_cat","embeddable":true,"href":"https:\/\/urbex.direct\/pl\/wp-json\/wp\/v2\/product_cat?post=37593"},{"taxonomy":"product_tag","embeddable":true,"href":"https:\/\/urbex.direct\/pl\/wp-json\/wp\/v2\/product_tag?post=37593"}],"curies":[{"name":"wp","href":"https:\/\/api.w.org\/{rel}","templated":true}]}}