{"id":37585,"date":"2021-12-19T16:45:37","date_gmt":"2021-12-19T16:45:37","guid":{"rendered":"https:\/\/urbex.direct\/?post_type=product&#038;p=37585"},"modified":"2025-05-27T19:43:58","modified_gmt":"2025-05-27T18:43:58","slug":"mapa-lokalizacji-fr-bretagne","status":"publish","type":"product","link":"https:\/\/urbex.direct\/pl\/product\/location-map-fr-bretagne\/","title":{"rendered":"Urbex Map France: Bretania (dost\u0119p na 1 lub 2 lata)"},"content":{"rendered":"<p>Mapa zawiera nast\u0119puj\u0105ce lokalizacje:<\/p>\n\n\n\n<ul><li>L'ancienne maison de retraite<\/li><li>Klub Squasha<\/li><li>Restauracja du Relais<\/li><li>Centre Spatial Bretagne<\/li><li>Ch\u00e2teau Morgane<\/li><li>Elektrownia Totem<\/li><li>Ecole du Moulin<\/li><li>Manoir Pegasus<\/li><li>Klub Forestier<\/li><li>Centre Culturel<\/li><li>Manoir K Braz \/ Dw\u00f3r K Braz<\/li><li>Maison Seaview \/ Maison Chalkie<\/li><li>Maison Hantee Ros<\/li><li>Les maisons de la carri\u00e8re \/ Maison Pommerit<\/li><li>Manoir Raveparty \/ Manoir Kermar<\/li><li>Maison Misere \/ Maison Plem<\/li><li>Bar Le Colombo<\/li><li>H\u00f4tel Bon repos<\/li><li>Mini Gare Tuber<\/li><li>Maison du Capitaine<\/li><li>Gara\u017c i stacja pomp<\/li><li>Manoir Rave Party 2<\/li><li>Centrum Aeree plouf<\/li><li>Chateau Ilan<\/li><li>Ferme de Sable<\/li><li>Sanatorium Dangih \/ Huelgoat<\/li><li>R\u00e9parateur Automobile<\/li><li>Chateau Gargouilles<\/li><li>Jurastel Park<\/li><li>Wi\u0119zienie de Pontaniou Francja<\/li><li>Maison de l'Architecte<\/li><li>Hotel Beausejour<\/li><li>Statki widma<\/li><li>Le Cimetiere de Bateaux<\/li><li>Gite Roz Trefeux<\/li><li>Ch\u00e2teau Jaycee Dugard \/ Zamek Jaycee Dugard<\/li><li>Ecole Papa Denke<\/li><li>Couvent des n\u00e9cessiteux<\/li><li>Maison Folles<\/li><li>Sanatoria na powietrzu<\/li><li>Maison du d\u00e9molisseur<\/li><li>Chateau des Druides<\/li><li>Z\u0142o rezydencji<\/li><li>Maison Derniere Danse<\/li><li>Fabryka na pla\u017cy<\/li><li>Maison de l'anglais en for\u00eat<\/li><li>Maison vide pontla<\/li><li>Zielony wrak<\/li><li>Wiele fort\u00f3w z czo\u0142giem 1<\/li><li>Wiele fort\u00f3w z czo\u0142giem 2<\/li><li>Wiele fort\u00f3w z czo\u0142giem 3 - Czo\u0142g<\/li><li>Wiele fort\u00f3w z czo\u0142giem 4<\/li><li>Wiele fort\u00f3w z czo\u0142giem 5<\/li><li>Wiele fort\u00f3w z czo\u0142giem 6<\/li><li>Wiele fort\u00f3w z czo\u0142giem 7<\/li><li>20 lat wrak\u00f3w<\/li><li>Maison Palm<\/li><li>Bateaux oubli\u00e9s<\/li><li>Czerwone wraki \/ Dwoje ocala\u0142ych \/ Les deux survivants<\/li><li>Zoo Perdue<\/li><li>Ecurie du moulin<\/li><li>Maison Perdu dans la nature<\/li><li>Chateau Panda<\/li><li>Maison du cur\u00e9<\/li><li>Ch\u00e2teau Bicolore<\/li><li>Ob\u00f3z wakacyjny dla dzieci<\/li><li>Cmentarz autobusowy \/ Cimentiere de bus<\/li><li>Chateau Tasher \/ Chateau T-Rex<\/li><li>Ch\u00e2teau du Marais<\/li><li>Maison autre monde \/ Maison Nonais<\/li><li>Maison Verdaulais<\/li><li>Cimeti\u00e8re de Bateaux<\/li><li>Ecole Pierre<\/li><li>Rze\u017anie<\/li><li>Moulin du marais<\/li><li>Chateau Brel<\/li><li>Barques d\u00e9barquement<\/li><li>Chateau Illuminati<\/li><li>Maison Onyx<\/li><li>Maison Symphonique<\/li><li>Wielka farma wr\u00f3\u017cek \/ La grande ferme des f\u00e9es<\/li><li>Cmentarzysko wrak\u00f3w statk\u00f3w<\/li><li>Manoir Yves Dandonneau \/ Dw\u00f3r Yves Dandonneau<\/li><li>Ch\u00e2teau Sequoia<\/li><li>Clinique SC<\/li><li>Maison de Lac<\/li><li>Cimeti\u00e8re de Bateaux Rivi\u00e8re<\/li><li>Jardin Aux Papillons \/ Ogr\u00f3d motyli<\/li><li>Kolejny cmentarz wrak\u00f3w statk\u00f3w<\/li><li>Wraki szkielet\u00f3w<\/li><li>Farma wiatrowa<\/li><li>Opuszczone domy i ko\u015bcio\u0142y<\/li><li>Domy wakacyjne nad jeziorami<\/li><li>Maison Tourelle Nord<\/li><li>Baza rzeczna<\/li><li>Manoir Piano 56<\/li><\/ul>","protected":false},"excerpt":{"rendered":"<p>Ta mapa urbex zawiera wszystkie lokalizacje eksploracji miejskiej (urbex) w<strong> Francja, Bretania.<\/strong> Ta mapa zagubionych miejsc b\u0119dzie aktualizowana i dost\u0119pna przez co najmniej 365 dni od zakupu.<\/p>\n<p>Ta mapa zawiera obecnie 96 najbardziej unikalnych miejsc do zwiedzania we Francji, Bretanii i jest dost\u0119pna z dowolnego miejsca dzi\u0119ki naszej \u0142atwej w u\u017cyciu mapie<strong>.<\/p>\n<p><\/strong><strong>Je\u015bli posiadasz ju\u017c ten pakiet, mo\u017cesz uzyska\u0107 do niego dost\u0119p poprzez <a href=\"\/pl\/moje-konto\/obszar-czlonkowski\/43905\/zawartosc-mojego-czlonkostwa\/\">Moje mapy &gt; Widok.<\/a><\/strong><strong><\/p>\n<p><\/strong><a href=\"#tab-description\">Lista wszystkich lokalizacji Urbex na tej mapie.<\/a><\/p>","protected":false},"featured_media":48145,"template":"","meta":[],"product_brand":[],"product_cat":[229,226,322,1339,1135],"product_tag":[323],"class_list":{"0":"post-37585","1":"product","2":"type-product","3":"status-publish","4":"has-post-thumbnail","6":"product_cat-bretagne","7":"product_cat-france","8":"product_cat-location-packs","9":"product_cat-maps-bretagne","10":"product_cat-maps-france","11":"product_tag-locationpack","13":"first","14":"instock","15":"taxable","16":"shipping-taxable","17":"purchasable","18":"product-type-variable"},"jetpack_sharing_enabled":true,"_links":{"self":[{"href":"https:\/\/urbex.direct\/pl\/wp-json\/wp\/v2\/product\/37585","targetHints":{"allow":["GET"]}}],"collection":[{"href":"https:\/\/urbex.direct\/pl\/wp-json\/wp\/v2\/product"}],"about":[{"href":"https:\/\/urbex.direct\/pl\/wp-json\/wp\/v2\/types\/product"}],"wp:featuredmedia":[{"embeddable":true,"href":"https:\/\/urbex.direct\/pl\/wp-json\/wp\/v2\/media\/48145"}],"wp:attachment":[{"href":"https:\/\/urbex.direct\/pl\/wp-json\/wp\/v2\/media?parent=37585"}],"wp:term":[{"taxonomy":"product_brand","embeddable":true,"href":"https:\/\/urbex.direct\/pl\/wp-json\/wp\/v2\/product_brand?post=37585"},{"taxonomy":"product_cat","embeddable":true,"href":"https:\/\/urbex.direct\/pl\/wp-json\/wp\/v2\/product_cat?post=37585"},{"taxonomy":"product_tag","embeddable":true,"href":"https:\/\/urbex.direct\/pl\/wp-json\/wp\/v2\/product_tag?post=37585"}],"curies":[{"name":"wp","href":"https:\/\/api.w.org\/{rel}","templated":true}]}}