{"id":37559,"date":"2021-12-19T16:04:11","date_gmt":"2021-12-19T16:04:11","guid":{"rendered":"https:\/\/urbex.direct\/?post_type=product&#038;p=37559"},"modified":"2025-05-27T19:55:19","modified_gmt":"2025-05-27T18:55:19","slug":"mapa-lokalizacji-fr-ile-de-france","status":"publish","type":"product","link":"https:\/\/urbex.direct\/pl\/product\/location-map-fr-ile-de-france\/","title":{"rendered":"Urbex Map France, \u00cele-de-France (dost\u0119p na 1 lub 2 lata)"},"content":{"rendered":"<p>Mapa zawiera nast\u0119puj\u0105ce lokalizacje:<\/p>\n\n\n\n<ul><li>Supermarch\u00e9 P<\/li><li>Le Petite Ceinture<\/li><li>Usine Meltingburg<\/li><li>Ch\u00e2teau Baia<\/li><li>Le Poisson Dore<\/li><li>Opuszczone ga\u0142\u0119zie przemys\u0142u<\/li><li>Piscine<\/li><li>Chateau Tennis<\/li><li>Manoir Colima\u00e7on<\/li><li>Szpital MJ<\/li><li>Maison de Clinique \/ Maison Cham<\/li><li>Batterie de Guerre<\/li><li>Ch\u00e2teau des Faisans<\/li><li>Ch\u00e2teau Popkov<\/li><li>Ch\u00e2teau Gryffondor \/ Ch\u00e2teau Social<\/li><li>Domaine de la Renaissance<\/li><li>Maison Jungle<\/li><li>La Soupe Aux Choux<\/li><li>Gara\u017c pittoresque \/ Garage Rolls<\/li><li>Cimeti\u00e8re de Bateaux Madelaine<\/li><li>Maison Skyzo<\/li><li>Sans toit<\/li><li>Ch\u00e2teau Mesrine<\/li><li>Stockage hospitalier<\/li><li>Cmentarz autobusowy<\/li><li>Eglise Indiana Jones<\/li><li>Ch\u00e2teau Bien-\u00eatre<\/li><li>Ferme avec grandes serres<\/li><li>Piscine la Plage<\/li><li>Usine d'usinage<\/li><li>Usine Judicial<\/li><li>Chapelle de la Princesse Titine<\/li><li>Ch\u00e2teau Bonifatius<\/li><li>Villa Melodie \/ Maison Docteur du Harp<\/li><li>Parc Aquatique<\/li><li>Bordel Allemand<\/li><li>Villa Popova<\/li><li>Chateau des Cr\u00eapes<\/li><li>Fort HB<\/li><li>Manoir de Mr Hugo<\/li><li>L'h\u00f4tel des damn\u00e9s<\/li><li>La Maison du Preux<\/li><li>Maison de retraite Israel Lipski<\/li><li>Chapelle bleue dans la for\u00eat<\/li><li>Maison Tonnerre<\/li><li>Maison du lapin Rose<\/li><li>Lost Tower<\/li><li>Jardinerie<\/li><li>Usine Viardoss<\/li><li>Maison Sentier<\/li><li>Ob\u00f3z Si\u0142 Powietrznych<\/li><li>Maison de l'\u00e9clusier<\/li><li>Hangar d'Orgy<\/li><li>Maison Norman<\/li><li>Station de Pompage<\/li><li>Bureaux Libert\u00e9s<\/li><li>Usine JK<\/li><li>Hopital CB<\/li><li>Maxi kostnica<\/li><li>HippoDr\u00f4me<\/li><li>Maison Alphonse Daudet<\/li><li>Manoir H\u00e9l\u00e8ne<\/li><li>Chateau Barbusse<\/li><li>Ch\u00e2teau du Chat Mort<\/li><li>Gare Atrigo \/ Gare Wissous<\/li><li>Piscine Abandonn\u00e9e<\/li><li>Rze\u017ania<\/li><li>Lost Grill<\/li><li>Centre d'artiste<\/li><li>Cyrk V \/ Szko\u0142a cyrkowa<\/li><li>Manoir Trois Colonnes<\/li><li>Ch\u00e2teau Foss\u00e9<\/li><li>Chateau \u00e0 L'horloge<\/li><li>Ch\u00e2teau Hitler<\/li><li>Zoo du G\u00e9n\u00e9ral<\/li><li>Przysz\u0142o\u015b\u0107 Orphelinat<\/li><li>Villa Barby<\/li><li>Franc etoupes<\/li><li>Chateau \u00e9toupes<\/li><li>Villa voisine<\/li><li>Usine System X<\/li><li>Villa Ongaria<\/li><li>Monast\u00e8re au Moine<\/li><li>Morgue Dead \/ Morgue Braindead \/ Morgue mort c\u00e9r\u00e9brale<\/li><li>Ch\u00e2teau Malfrat \/ Ch\u00e2teau au buste rouge<\/li><li>Centrum a\u00e9r\u00e9<\/li><li>Villa tour de contr\u00f4le<\/li><li>Enfance de GIF<\/li><li>Maison des marais<\/li><li>Manoir Casanova<\/li><li>Petit Pavillon<\/li><li>Maison Champion<\/li><li>\u00c9paves de bateaux fluviaux<\/li><li>Gare Perdue ES<\/li><li>Gare abandonn\u00e9e<\/li><li>Ecole d'Architecture<\/li><li>Maison Confiture \/ Maison du Pauvre<\/li><li>Chateau de la Solitude \/ Chateau Chocolat<\/li><li>Manoir de l'Artiste<\/li><li>Usine Nobel<\/li><li>Asile Tillie Klimek \/ Azyl Tillie Klimek<\/li><li>Preludium kostnicy<\/li><li>Labo CNRS<\/li><li>Konserwatorium Atrigo<\/li><li>Kostnica de la Cervelle<\/li><li>Maison des Cardinaux<\/li><li>Ruine G<\/li><li>Sanatorium du Vexin 2<\/li><li>Usine De Tourteaux<\/li><li>Sanatorium Carnelle<\/li><li>Mirapolis<\/li><li>Destylarnia<\/li><li>5 Cin\u00e9ma<\/li><li>Maison de l'Estropi\u00e9<\/li><li>Villa Scarface<\/li><li>Manoir de l'institutrice<\/li><li>Manoir Salon Jaune<\/li><li>Manoir aux fleurs<\/li><li>H\u00f4pital Priv\u00e9<\/li><li>Maisons Twiny<\/li><li>Auberge Clos-Tourelle<\/li><li>Carri\u00e8re avec \u00e9paves<\/li><li>Carri\u00e8res V2<\/li><li>Usine Antoine<\/li><li>Maison Haravilliers<\/li><li>Ferme R2087 \/ Urbex ferme Go\u00e9lette<\/li><li>Maison Tuile bleue<\/li><li>Maison Rhus<\/li><li>Maison Autre<\/li><li>Piscine Hasard<\/li><li>Le manoir des enfants d'Oise<\/li><li>Maison twin bis<\/li><li>Premi\u00e8re Maison<\/li><li>2e Maison<\/li><li>Villa Chanterive<\/li><li>Maison Horloge<\/li><li>Cimeti\u00e8re de voitures<\/li><li>La grande maison de campagne oubli\u00e9e<\/li><li>Villa Coco<\/li><li>Castello di Tarzan<\/li><\/ul>","protected":false},"excerpt":{"rendered":"<p>Ta mapa urbex zawiera wszystkie lokalizacje eksploracji miejskiej (urbex) w<strong> Francja, <\/strong><strong>\u00cele-de-France<\/strong><strong>.<\/strong> Ta mapa zagubionych miejsc b\u0119dzie aktualizowana i dost\u0119pna przez co najmniej 365 dni od zakupu.<\/p>\n<p>Ta mapa zawiera obecnie 140 najbardziej wyj\u0105tkowych miejsc do zwiedzania we Francji, \u00cele-de-France i jest dost\u0119pna z dowolnego miejsca dzi\u0119ki naszej \u0142atwej w u\u017cyciu mapie<strong>.<\/p>\n<p><\/strong><strong>Je\u015bli posiadasz ju\u017c ten pakiet, mo\u017cesz uzyska\u0107 do niego dost\u0119p poprzez <a href=\"\/pl\/moje-konto\/obszar-czlonkowski\/43905\/zawartosc-mojego-czlonkostwa\/\">Moje mapy &gt; Widok.<\/a><\/strong><strong><\/p>\n<p><\/strong><a href=\"#tab-description\">Lista wszystkich lokalizacji Urbex na tej mapie.<\/a><\/p>","protected":false},"featured_media":48148,"template":"","meta":[],"product_brand":[],"product_cat":[226,233,322,1135,1343],"product_tag":[323],"class_list":{"0":"post-37559","1":"product","2":"type-product","3":"status-publish","4":"has-post-thumbnail","6":"product_cat-france","7":"product_cat-ile-de-france","8":"product_cat-location-packs","9":"product_cat-maps-france","10":"product_cat-maps-ile-de-france","11":"product_tag-locationpack","13":"first","14":"instock","15":"taxable","16":"shipping-taxable","17":"purchasable","18":"product-type-variable"},"jetpack_sharing_enabled":true,"_links":{"self":[{"href":"https:\/\/urbex.direct\/pl\/wp-json\/wp\/v2\/product\/37559","targetHints":{"allow":["GET"]}}],"collection":[{"href":"https:\/\/urbex.direct\/pl\/wp-json\/wp\/v2\/product"}],"about":[{"href":"https:\/\/urbex.direct\/pl\/wp-json\/wp\/v2\/types\/product"}],"wp:featuredmedia":[{"embeddable":true,"href":"https:\/\/urbex.direct\/pl\/wp-json\/wp\/v2\/media\/48148"}],"wp:attachment":[{"href":"https:\/\/urbex.direct\/pl\/wp-json\/wp\/v2\/media?parent=37559"}],"wp:term":[{"taxonomy":"product_brand","embeddable":true,"href":"https:\/\/urbex.direct\/pl\/wp-json\/wp\/v2\/product_brand?post=37559"},{"taxonomy":"product_cat","embeddable":true,"href":"https:\/\/urbex.direct\/pl\/wp-json\/wp\/v2\/product_cat?post=37559"},{"taxonomy":"product_tag","embeddable":true,"href":"https:\/\/urbex.direct\/pl\/wp-json\/wp\/v2\/product_tag?post=37559"}],"curies":[{"name":"wp","href":"https:\/\/api.w.org\/{rel}","templated":true}]}}