{"id":37428,"date":"2021-12-15T08:37:15","date_gmt":"2021-12-15T08:37:15","guid":{"rendered":"https:\/\/urbex.direct\/?post_type=product&#038;p=37428"},"modified":"2025-05-27T19:49:43","modified_gmt":"2025-05-27T18:49:43","slug":"mapa-lokalizacji-dla-grand-est","status":"publish","type":"product","link":"https:\/\/urbex.direct\/pl\/product\/location-map-fr-grand-est\/","title":{"rendered":"Urbex Map France, Grand Est (dost\u0119p na 1 lub 2 lata)"},"content":{"rendered":"<p>Mapa zawiera nast\u0119puj\u0105ce lokalizacje:<\/p>\n\n\n\n<ul><li>H\u00f4tel Jaur\u00e8s<\/li><li>Maison de l'oncle Michel<\/li><li>Usine Phil<\/li><li>Ferme Frappant<\/li><li>Maison au Landau<\/li><li>Fort de Givet<\/li><li>Ferme de la Rose<\/li><li>Usine TG<\/li><li>Ch\u00e2teau Oniepronko<\/li><li>Ch\u00e2teau Jamais Le M\u00eame<\/li><li>Usine LF<\/li><li>Maison Buco<\/li><li>Cmentarz samolot\u00f3w<\/li><li>Ch\u00e2teau Bourgeois<\/li><li>Ch\u00e2teau de la chaise<\/li><li>Tr\u00e9sor de Guerre<\/li><li>Usine Saint-Julien<\/li><li>Foot Factory<\/li><li>Villa Tarcas<\/li><li>Vehicules Perdus<\/li><li>Ancien Aerodrome<\/li><li>Usine Malfoy \/ Wielka opuszczona fabryka<\/li><li>Kaplica zmar\u0142ych \/ Chapelle des Morts<\/li><li>Chateau Hector \/ Zamek Prezydenta&#039;s Castle<\/li><li>Maisons Fiesta \/ Maison Jumelles<\/li><li>La collection de bagnoles<\/li><li>Maison d'Alekse\u00ef \/ Kolekcja samochod\u00f3w<\/li><li>Manoir Petroucka \/ Maison Russia \/ Maison Poudine<\/li><li>Dom z lat 90-tych \/ kapsu\u0142a czasu z lat 90-tych<\/li><li>Dyskoteka Tipi<\/li><li>Maison PapiPapi<\/li><li>Le rep\u00e8re des Pirates \/ Cmentarz \u0142odzi<\/li><li>Restaurant de Castor<\/li><li>Maison moineaux<\/li><li>Teinturerie des Moines<\/li><li>Ecole 1934<\/li><li>Maison Alcohol Addict<\/li><li>Manoir de la Discorde<\/li><li>Ecole Paris Dakar<\/li><li>Manoir aux Canons \/ Maison Billard<\/li><li>Obw\u00f3d R<\/li><li>Villa Matusalem<\/li><li>Farma wina \/ fabryka i opuszczony zamek<\/li><li>Maison Aux Poupees<\/li><li>Garage Bavarois<\/li><li>L'a\u00e9roport oubli\u00e9<\/li><li>La Minoterie<\/li><li>Papeterie de C<\/li><li>Manoir du Philosophe<\/li><li>Villa Marianne<\/li><li>H\u00f4tel V\u00e9randa<\/li><li>Villa du Pont<\/li><li>Zapomniane poci\u0105gi<\/li><li>R\u00f3\u017cowy ko\u015bci\u00f3\u0142<\/li><li>Maison Monospace<\/li><li>Maison Aurora<\/li><li>H\u00f4tel de pompiers<\/li><li>Chapelle de Hindu<\/li><li>Ch\u00e2teau Ravinel<\/li><li>Sanatorium Simone Weber<\/li><li>Bunkier Cr<\/li><li>Usine Scaf Oner 2.0<\/li><li>Pneus et cendres<\/li><li>Restauracja Chino<\/li><li>Maison Gonzalez<\/li><li>Maison HangMan<\/li><li>Usine air liquide<\/li><li>Torba Maison<\/li><li>Maison Houpelle<\/li><li>Kuchenka Maison<\/li><li>Maison du sculpteur<\/li><li>Maison Casper<\/li><li>Maison Turquoise<\/li><li>Maison Binouze<\/li><li>Rozbity Fort B<\/li><li>Du\u017ce Koszary Pokoju<\/li><li>Le mauvais chenil<\/li><li>Upad\u0142y wielki piec \/ HFC<\/li><li>Zaro\u015bni\u0119te biuro<\/li><li>Usine pluvieuse \/ Usine Rainy<\/li><li>Manoir du m\u00e9galomane<\/li><li>Fort de Frouard<\/li><li>Usine de Min\u00e9raux<\/li><li>Usine Gouvy<\/li><li>Maison Crocker<\/li><li>Crappy Farm<\/li><li>Fabryka papieru<\/li><li>Fort de Dieu<\/li><li>Pap\u00e9terie Chapel<\/li><li>Maison Benn<\/li><li>Kopalnia bunkr\u00f3w<\/li><li>Bunkier V<\/li><li>Bunkier K<\/li><li>Travaux Electriques<\/li><li>Travaux d'Aliens<\/li><li>Caserne d&#039; Ange<\/li><li>Maginotbunker Gros Ouvrage de Rochonvillers<\/li><li>HFX<\/li><li>Forteresse de Guerre<\/li><li>Camp de la Mort<\/li><li>U Verlagerung Saar<\/li><li>Puits Simon<\/li><li>Ferme Edouard<\/li><li>Maison du Passionn\u00e9<\/li><li>Mine des Grimpeurs<\/li><li>Casino Royale<\/li><li>Gare de Stroff<\/li><li>Base Militaire des Engins de Guerre<\/li><li>La piscine d'herbe<\/li><li>Maison Kaltbach<\/li><li>Hangar z pojazdami<\/li><li>The Vinyll Chalet<\/li><li>Porzucone centrum mobilne<\/li><li>Gare HB<\/li><li>Domek my\u015bliwego<\/li><li>Maison pl\u00e2trage<\/li><li>Maison du Maquetiste<\/li><li>Piscine Fronti\u00e8re<\/li><li>Centrum Medyczne H<\/li><li>Domy w d\u017cungli i na lianie \/ Les Maisons Savane et Peluche<\/li><li>Dw\u00f3r Accrobranche \/ Dom wspinaczkowy na drzewie<\/li><li>Manoir General<\/li><li>Villa Des Ours<\/li><li>Lock Hotel \/ Hotel w porcie<\/li><li>D\u0142ugie Koszary<\/li><li>Usine Coloree \/ Tartak W<\/li><li>Manoir des Anglais \/ Nowy dw\u00f3r angielski<\/li><li>La Petite Maison dans la Prairie<\/li><li>Maison Picture<\/li><li>Maison Fanatique des oiseaux<\/li><li>La salle de f\u00eates \/ Th\u00e9atre du chien<\/li><li>Le Tram jaune \/ \u017b\u00f3\u0142ty tramwaj<\/li><li>Cimeti\u00e8re sur la colline \/ Cmentarz na wzg\u00f3rzu<\/li><li>Maison Piscine<\/li><li>Dom kolekcjonera ksi\u0105\u017cek<\/li><li>Usine Robinot<\/li><li>Clinique des Sources<\/li><li>H\u00f4tel Hant\u00e9e d'Hippolyte<\/li><li>Ch\u00e2teaux Ulrich<\/li><li>Eglise Montanha<\/li><li>Hotel de Luxe<\/li><li>Clinique du Diable<\/li><li>H\u00f4tel du Loup<\/li><li>Chateau G<\/li><li>Maison Cigarette<\/li><li>Kopalnia B<\/li><li>Cimeti\u00e8re des L\u00e9gendes<\/li><li>Czerwona matka&#039; rezydencja<\/li><li>Usine FTech \/ Small Fecht Factory<\/li><li>Cirva Factory<\/li><li>Papeterie Riccobo<\/li><li>Villa Larue<\/li><li>Maison Durand<\/li><li>Ch\u00e2teau du D\u00e9m\u00e9nageur<\/li><li>Ch\u00e2teau des Fraises<\/li><li>Maison Jean-Marie<\/li><li>Maison Satanique<\/li><li>Rze\u017anie<\/li><li>Villa Am\u00e9lie<\/li><li>Usine Blanchiment<\/li><li>Ch\u00e2teau de la Marquise de Brinvilliers<\/li><li>Wagon House<\/li><li>Maison 72<\/li><li>H\u00f4tel Weidman<\/li><li>Ch\u00e2teau Muet<\/li><li>Filature D\u00e9meusur\u00e9e<\/li><li>H\u00f4tel William Bonin<\/li><li>Hotel Vasili Komaroff<\/li><li>Manoir La Vache<\/li><li>Chapelle B \/ Chapelle des Loups<\/li><li>Scierie Abandonn\u00e9e<\/li><li>Maison Intacte<\/li><li>Maison Vroom<\/li><li>Maison du Gutty<\/li><li>Maison Tisseuse<\/li><li>Le caf\u00e9 73 \/ Bistrot 1973<\/li><li>Santa House<\/li><\/ul>","protected":false},"excerpt":{"rendered":"<p>Ta mapa urbex zawiera wszystkie lokalizacje eksploracji miejskiej (urbex) w<strong> Francja, <\/strong><strong>Grand Est<\/strong><strong>.<\/strong> Ta mapa zagubionych miejsc b\u0119dzie aktualizowana i dost\u0119pna przez co najmniej 365 dni od zakupu.<\/p>\n<p>This map has currently 177 of the most unique urban exploring locations in France, Grand Est and is accessible from anywhere with our easy to use map<strong>.<\/p>\n<p><\/strong><strong>Je\u015bli posiadasz ju\u017c ten pakiet, mo\u017cesz uzyska\u0107 do niego dost\u0119p poprzez <a href=\"\/pl\/moje-konto\/obszar-czlonkowski\/43905\/zawartosc-mojego-czlonkostwa\/\">Moje mapy &gt; Widok.<\/a><\/strong><\/p>","protected":false},"featured_media":48147,"template":"","meta":[],"product_brand":[],"product_cat":[226,231,322,1135,1341],"product_tag":[],"class_list":{"0":"post-37428","1":"product","2":"type-product","3":"status-publish","4":"has-post-thumbnail","6":"product_cat-france","7":"product_cat-grand-est","8":"product_cat-location-packs","9":"product_cat-maps-france","10":"product_cat-maps-grand-est","12":"first","13":"instock","14":"taxable","15":"shipping-taxable","16":"purchasable","17":"product-type-variable"},"jetpack_sharing_enabled":true,"_links":{"self":[{"href":"https:\/\/urbex.direct\/pl\/wp-json\/wp\/v2\/product\/37428","targetHints":{"allow":["GET"]}}],"collection":[{"href":"https:\/\/urbex.direct\/pl\/wp-json\/wp\/v2\/product"}],"about":[{"href":"https:\/\/urbex.direct\/pl\/wp-json\/wp\/v2\/types\/product"}],"wp:featuredmedia":[{"embeddable":true,"href":"https:\/\/urbex.direct\/pl\/wp-json\/wp\/v2\/media\/48147"}],"wp:attachment":[{"href":"https:\/\/urbex.direct\/pl\/wp-json\/wp\/v2\/media?parent=37428"}],"wp:term":[{"taxonomy":"product_brand","embeddable":true,"href":"https:\/\/urbex.direct\/pl\/wp-json\/wp\/v2\/product_brand?post=37428"},{"taxonomy":"product_cat","embeddable":true,"href":"https:\/\/urbex.direct\/pl\/wp-json\/wp\/v2\/product_cat?post=37428"},{"taxonomy":"product_tag","embeddable":true,"href":"https:\/\/urbex.direct\/pl\/wp-json\/wp\/v2\/product_tag?post=37428"}],"curies":[{"name":"wp","href":"https:\/\/api.w.org\/{rel}","templated":true}]}}