{"id":37202,"date":"2021-12-09T09:42:14","date_gmt":"2021-12-09T09:42:14","guid":{"rendered":"https:\/\/urbex.direct\/product\/pequena-casa-de-montana\/"},"modified":"2024-08-22T08:40:58","modified_gmt":"2024-08-22T07:40:58","slug":"pequena-casa-de-montana","status":"publish","type":"product","link":"https:\/\/urbex.direct\/pl\/product\/pequena-casa-de-montana\/","title":{"rendered":"Peque\u00f1a casa de Monta\u00f1a"},"content":{"rendered":"<p>Opinia 08-2024: W dniu, w kt\u00f3rym odwiedzili\u015bmy ten dom, dos\u0142ownie natkn\u0119li\u015bmy si\u0119 na miejsce zbrodni (znale\u017ali\u015bmy kilka dziur po kulach w \u015bcianach i oknach, a tak\u017ce ta\u015bm\u0119 policyjn\u0105). Dom jest pusty i wydaje si\u0119, \u017ce nikogo w nim nie ma, ale jasne jest, \u017ce wydarzy\u0142o si\u0119 tam co\u015b \"z\u0142ego\".<\/p>","protected":false},"excerpt":{"rendered":"<p>Opinia 08-2024: W dniu, w kt\u00f3rym odwiedzili\u015bmy ten dom, dos\u0142ownie natkn\u0119li\u015bmy si\u0119 na miejsce zbrodni (znale\u017ali\u015bmy kilka dziur po kulach w \u015bcianach i oknach, a tak\u017ce ta\u015bm\u0119 policyjn\u0105). Dom jest pusty i wydaje si\u0119, \u017ce nikogo w nim nie ma, ale jasne jest, \u017ce wydarzy\u0142o si\u0119 tam co\u015b \"z\u0142ego\".<\/p>","protected":false},"featured_media":37187,"template":"","meta":[],"product_brand":[],"product_cat":[288,282],"product_tag":[],"class_list":{"0":"post-37202","1":"product","2":"type-product","3":"status-publish","4":"has-post-thumbnail","6":"product_cat-catalonia","7":"product_cat-spain","9":"first","10":"instock","11":"downloadable","12":"taxable","13":"shipping-taxable","14":"purchasable","15":"product-type-simple"},"jetpack_sharing_enabled":true,"_links":{"self":[{"href":"https:\/\/urbex.direct\/pl\/wp-json\/wp\/v2\/product\/37202","targetHints":{"allow":["GET"]}}],"collection":[{"href":"https:\/\/urbex.direct\/pl\/wp-json\/wp\/v2\/product"}],"about":[{"href":"https:\/\/urbex.direct\/pl\/wp-json\/wp\/v2\/types\/product"}],"wp:featuredmedia":[{"embeddable":true,"href":"https:\/\/urbex.direct\/pl\/wp-json\/wp\/v2\/media\/37187"}],"wp:attachment":[{"href":"https:\/\/urbex.direct\/pl\/wp-json\/wp\/v2\/media?parent=37202"}],"wp:term":[{"taxonomy":"product_brand","embeddable":true,"href":"https:\/\/urbex.direct\/pl\/wp-json\/wp\/v2\/product_brand?post=37202"},{"taxonomy":"product_cat","embeddable":true,"href":"https:\/\/urbex.direct\/pl\/wp-json\/wp\/v2\/product_cat?post=37202"},{"taxonomy":"product_tag","embeddable":true,"href":"https:\/\/urbex.direct\/pl\/wp-json\/wp\/v2\/product_tag?post=37202"}],"curies":[{"name":"wp","href":"https:\/\/api.w.org\/{rel}","templated":true}]}}