{"id":37079,"date":"2021-12-07T18:24:57","date_gmt":"2021-12-07T18:24:57","guid":{"rendered":"https:\/\/urbex.direct\/?post_type=product&#038;p=37079"},"modified":"2025-05-27T19:52:27","modified_gmt":"2025-05-27T18:52:27","slug":"location-map-fr-hauts-de-france","status":"publish","type":"product","link":"https:\/\/urbex.direct\/pl\/product\/location-map-fr-hauts-de-france\/","title":{"rendered":"Urbex Map France, Hauts-de-France (dost\u0119p na 1 lub 2 lata)"},"content":{"rendered":"<p>Mapa zawiera nast\u0119puj\u0105ce lokalizacje:<\/p>\n\n\n\n<ul><li>Mistrzostwa porzuconych pojazd\u00f3w<\/li><li>Chateau Crazy Angelais Chateau du camion bleu<\/li><li>Maison Renault \/ Maison Twingo<\/li><li>Maison Sucrerie<\/li><li>Maison Thierry<\/li><li>Imperial Boite de Nuit<\/li><li>Anis Fort<\/li><li>Hirsbex<\/li><li>La gare de man\u0153uvre ronde \/ Okr\u0105g\u0142a stacja manewrowa<\/li><li>L'abbaye Incendi\u00e9e<\/li><li>Le\u015bna rezydencja<\/li><li>Maison du Trappeur \/ Maison Lucienne \/ Maison De La Fouine<\/li><li>Ch\u00e2teau Chasseur<\/li><li>Maison Syntropique<\/li><li>Maison Gregory<\/li><li>Bunkier CS<\/li><li>Maison Outils<\/li><li>Maisons voleuse d'\u00e2me<\/li><li>Maison BB<\/li><li>Myd\u0142o Maison<\/li><li>Maison de la confr\u00e9rie<\/li><li>Babel Tower<\/li><li>Maison du Boucher<\/li><li>Tomb\u00e9e dans l'oublie<\/li><li>Maison Red Grandma<\/li><li>Manoir 1800<\/li><li>Maison Queue de Faisan<\/li><li>Usine Tropica<\/li><li>Duck Factory<\/li><li>Villa Alphonse<\/li><li>Usine de Bi\u00e8res<\/li><li>Maison Leko<\/li><li>Usine de 1932<\/li><li>El\u00e9phant de la m\u00e9moire \/ Zagubiony s\u0142o\u0144<\/li><li>Usine Standart S A<\/li><li>Clinique du Maternite<\/li><li>Kaplica La Barbe \/ Kaplica Brodacza<\/li><li>W\u0119dzona cegielnia<\/li><li>Chateau de l'Empire \/ Zamek genera\u0142a Vandamme'a<\/li><li>Manoir Porsche<\/li><li>Ferme Aux Obus \/ Ferme Quality Street<\/li><li>Szpital G<\/li><li>Krucyfiks Ferme<\/li><li>Browar C<\/li><li>Blue Plane 2.0<\/li><li>Disco Silo<\/li><li>Usine Camus<\/li><li>Maison Horizon<\/li><li>Maison Meunier<\/li><li>Ch\u00e2teau Frakacet<\/li><li>Maison Calmette<\/li><li>Cmentarz poci\u0105g\u00f3w \/ Trains d'un autre monde<\/li><li>Eglise de la d\u00e9solation<\/li><li>Antyczna dyskoteka<\/li><li>Maison Mickey<\/li><li>Maison FlipFlop<\/li><li>Maison disparue<\/li><li>Entrep\u00f4t dans la for\u00eat<\/li><li>Maison Fleury<\/li><li>Maison Gestapo<\/li><li>Maison Volt<\/li><li>Stara fabryka poci\u0105g\u00f3w<\/li><li>Manoir Bourgeois<\/li><li>Ferme Nationale<\/li><li>Maison Salva<\/li><li>Dom kolejowy<\/li><li>Dom z problemem budowlanym<\/li><li>Ch\u00e2teau des Douaniers<\/li><li>Fort M<\/li><li>Fort M 2<\/li><li>Fort M 3<\/li><li>Fort M 4<\/li><li>Centrum Cultura<\/li><li>Gara\u017c Fina<\/li><li>Maison du P\u00eacheur<\/li><li>Piscine Tournesol 4<\/li><li>Centrale H<\/li><li>Maison des chatons<\/li><li>Maison w \u015brodku<\/li><li>Kr\u0119gle w kosmosie<\/li><li>Maison Cloch<\/li><li>Maison de fer<\/li><li>Entrepot d\u00e9labr\u00e9<\/li><li>Bia\u0142y Dom Marze\u0144<\/li><li>Maison Watchtower<\/li><li>Crooked Maisons<\/li><li>Atak tytan\u00f3w<\/li><li>Maison fig\u00e9e dans le temps<\/li><li>Ferme Cibloy<\/li><li>Chateau du Monaca<\/li><li>Maison Des Livres<\/li><li>Ch\u00e2teau De Fruminet<\/li><li>Sanatorium Delirium Sanatorium Nestor Pirotte<\/li><li>Monast\u00e8re Mor<\/li><li>Manoir du Pharmacien<\/li><li>Chateau MM<\/li><li>Cimeti\u00e8re Profan\u00e9<\/li><li>Manoir aux milles livres<\/li><li>Ch\u00e2teau O<\/li><li>Ferme du Collectionneur<\/li><li>Maison Menthe<\/li><li>Manoir Da Vinci<\/li><li>\u00c9curie H<\/li><li>Ch\u00e2teau du Menillet<\/li><li>Ch\u00e2teau Piano<\/li><li>Chaufferie Prison<\/li><li>Administracja wi\u0119zienna<\/li><li>Champ de Tir<\/li><li>Piscine Eau Verte<\/li><li>Disco Fightclub<\/li><li>Chapelle Mello<\/li><li>Chapelle Messie<\/li><li>Villa Safari<\/li><li>Maison du Nudiste<\/li><li>Maison machiavelique<\/li><li>Ferme du Moyen \u00c2ge<\/li><li>Ferme avec mini maison<\/li><li>Maison N-Zelande<\/li><li>Ob\u00f3z nudyst\u00f3w<\/li><li>Cimeti\u00e8re de voitures<\/li><li>Usine Fondrax<\/li><li>Comit\u00e9 Jacob<\/li><li>Manoir Jacqueline<\/li><li>Maison De la Pointe<\/li><li>Wielki dom z porzuconymi starymi samochodami<\/li><li>Manoir B\u00e9b\u00e9<\/li><li>Maison des ann\u00e9es 70<\/li><li>Ferme de Champagne<\/li><li>Maison du Fumeur<\/li><li>Le manoir du Meurtre<\/li><li>Le Piano Fant\u00f4me<\/li><li>Car-Tune<\/li><li>Chateau de l&#039; Elan<\/li><li>Fiber Fever<\/li><li>Lord Grey<\/li><li>Maison aux Plantes<\/li><li>Manoir Grano<\/li><li>Wujek Donald<\/li><li>Kurtka Maison<\/li><li>Ferme Leclerc<\/li><li>H\u00f4pital du B\u00e9b\u00e9 qui Pleure<\/li><li>Ferme Lam<\/li><li>Chapelle du Roy<\/li><li>Maison du d\u00e9pressif<\/li><li>Manoir Pendulum<\/li><li>Maison Marionenettes<\/li><li>Villa Anglais<\/li><li>Maison Papillon Blue<\/li><li>Manoir de l&#039;Aristocrate \/ Ferme d&#039;Agatha<\/li><li>Manoir de Gotna<\/li><li>Ferme Paradise<\/li><li>Chateau Jonquille<\/li><li>Mine du Grimpeur<\/li><li>Maison Tacot<\/li><li>La Morgue de Dieu<\/li><li>La Ferme Paradis<\/li><li>Maison Gepetto<\/li><li>Manoir Resurrection<\/li><li>Voiture Tetris \/ Samochody Tetris<\/li><li>Ferme Merlier<\/li><li>Maison Seimreh<\/li><li>Maison du Table<\/li><li>Restauracja Tipi<\/li><li>Usine Verte<\/li><li>Garde \u00e0 vue<\/li><li>Stare budynki g\u00f3rnicze<\/li><li>Maison Bies<\/li><li>Maison Tartar<\/li><li>Zimowy dom<\/li><li>Manoir Jeu de Dames<\/li><li>Nature House<\/li><li>Maison Groundkeeper<\/li><li>The Bunker Fields<\/li><li>Ferme Cornet \/ Van Farm<\/li><li>Club Osmose<\/li><li>Ferme de l'oncle Joe<\/li><li>Klinika po\u0142o\u017cnicza<\/li><li>La Vache Folle<\/li><li>Maison Arlette \/ Chez Artlette<\/li><li>Ferme Montiers<\/li><li>Manoir Malediction<\/li><li>Ferme Philo<\/li><li>Villa de la Plage<\/li><li>Ch\u00e2teau de la Biche<\/li><li>Manoir Orland<\/li><li>Ch\u00e2teau Martin P\u00eacheur<\/li><li>Chateau Colo<\/li><li>Usine Coop<\/li><li>Sucrerie B<\/li><li>Usine Feuille de Trefle<\/li><li>Ecole B<\/li><li>Usine DP<\/li><li>La Maison Effeuillage \/ Pok\u00f3j<\/li><li>Koncesja SAAB<\/li><li>Eglise de l'Alien (tylko za pozwoleniem)<\/li><li>Maison Damier<\/li><li>La Maison du Renard<\/li><li>Manoir Scolaire \/ Manoir Fire<\/li><li>Maison Valines<\/li><li>Piscine Tournesol 8<\/li><li>Pla\u017ca Usine<\/li><li>Betonowy gigant<\/li><li>Maison Accident de voiture \/ Dom wraku samochodu<\/li><li>The Other Jumani Manor<\/li><\/ul>","protected":false},"excerpt":{"rendered":"<p>Ta mapa urbex zawiera wszystkie lokalizacje eksploracji miejskiej (urbex) w<strong> Francja, <\/strong><strong>Hauts-de-France<\/strong><strong>.<\/strong> Ta mapa zagubionych miejsc b\u0119dzie aktualizowana i dost\u0119pna przez co najmniej 365 dni od zakupu.<\/p>\n<p>Ta mapa zawiera obecnie 204 najbardziej unikalne lokalizacje do zwiedzania miast we Francji, Hauts-de-France i jest dost\u0119pna z dowolnego miejsca dzi\u0119ki naszej \u0142atwej w u\u017cyciu mapie<strong>.<\/p>\n<p><\/strong><strong>Je\u015bli posiadasz ju\u017c ten pakiet, mo\u017cesz uzyska\u0107 do niego dost\u0119p poprzez <a href=\"\/pl\/moje-konto\/obszar-czlonkowski\/43905\/zawartosc-mojego-czlonkostwa\/\">Moje mapy &gt; Widok.<\/a><\/strong><strong><\/p>\n<p><\/strong><a href=\"#tab-description\">Lista wszystkich lokalizacji Urbex na tej mapie.<\/a><\/p>","protected":false},"featured_media":48141,"template":"","meta":[],"product_brand":[],"product_cat":[226,232,322,1135,1342],"product_tag":[323],"class_list":{"0":"post-37079","1":"product","2":"type-product","3":"status-publish","4":"has-post-thumbnail","6":"product_cat-france","7":"product_cat-hauts-de-france","8":"product_cat-location-packs","9":"product_cat-maps-france","10":"product_cat-maps-hauts-de-france","11":"product_tag-locationpack","13":"first","14":"instock","15":"taxable","16":"shipping-taxable","17":"purchasable","18":"product-type-variable"},"jetpack_sharing_enabled":true,"_links":{"self":[{"href":"https:\/\/urbex.direct\/pl\/wp-json\/wp\/v2\/product\/37079","targetHints":{"allow":["GET"]}}],"collection":[{"href":"https:\/\/urbex.direct\/pl\/wp-json\/wp\/v2\/product"}],"about":[{"href":"https:\/\/urbex.direct\/pl\/wp-json\/wp\/v2\/types\/product"}],"wp:featuredmedia":[{"embeddable":true,"href":"https:\/\/urbex.direct\/pl\/wp-json\/wp\/v2\/media\/48141"}],"wp:attachment":[{"href":"https:\/\/urbex.direct\/pl\/wp-json\/wp\/v2\/media?parent=37079"}],"wp:term":[{"taxonomy":"product_brand","embeddable":true,"href":"https:\/\/urbex.direct\/pl\/wp-json\/wp\/v2\/product_brand?post=37079"},{"taxonomy":"product_cat","embeddable":true,"href":"https:\/\/urbex.direct\/pl\/wp-json\/wp\/v2\/product_cat?post=37079"},{"taxonomy":"product_tag","embeddable":true,"href":"https:\/\/urbex.direct\/pl\/wp-json\/wp\/v2\/product_tag?post=37079"}],"curies":[{"name":"wp","href":"https:\/\/api.w.org\/{rel}","templated":true}]}}