{"id":36643,"date":"2021-11-24T22:03:25","date_gmt":"2021-11-24T22:03:25","guid":{"rendered":"https:\/\/urbex.direct\/?post_type=product&#038;p=36643"},"modified":"2025-05-27T20:00:34","modified_gmt":"2025-05-27T19:00:34","slug":"mapa-lokalizacji-fr-occitanie","status":"publish","type":"product","link":"https:\/\/urbex.direct\/pl\/product\/location-map-fr-occitanie\/","title":{"rendered":"Urbex Map France, Occitanie (dost\u0119p na 1 lub 2 lata)"},"content":{"rendered":"<p>Mapa zawiera nast\u0119puj\u0105ce lokalizacje:<\/p>\n\n\n\n<ul><li>Resto Kowloon<\/li><li>Kostnica szpitalna<\/li><li>Restauracja le Bistrot \/ H\u00f4tel capitaine Haddock<\/li><li>Maison Museum\/ Maison Gendarmerie<\/li><li>Les mines d'or<\/li><li>Ch\u00e2teau Ecole<\/li><li>Ch\u00e2teau Valgros<\/li><li>Villa des Orangers<\/li><li>Voitures Rouill\u00e9es<\/li><li>Dyskoteka\nBon<\/li><li>Manoir RBNSD<\/li><li>Maison Champignon<\/li><li>Manoir Escalier<\/li><li>La Chapelle de L'ange au Violon<\/li><li>Spa Isis \/ Therme Isis<\/li><li>Ancienne Gare SML<\/li><li>Ruiny bunkra na wydmach<\/li><li>Hotel Eleven<\/li><li>Z\u0142omowisko samochod\u00f3w<\/li><li>Maison Bosch<\/li><li>Manoir vitrail<\/li><li>Maison Vide<\/li><li>Maisons du Monde<\/li><li>Ch\u00e2teau Horus<\/li><li>Dawne sery z rodzynkami<\/li><li>Karting Perdue<\/li><li>Appartements Castellas<\/li><li>Szpital Erno Soto<\/li><li>Maison R<\/li><li>Maison Poup\u00e9es Voodoo<\/li><li>Maison des Serpents<\/li><li>Ch\u00e2teau Petit<\/li><li>Hopital Rochelle<\/li><li>Disco Oriental<\/li><li>Maison de la Mine<\/li><li>La colonne militaire<\/li><li>Restauracja i klub D<\/li><li>Gare en for\u00eat \/ dworzec le\u015bny<\/li><li>Le four \u00e0 chaux oubli\u00e9 \/ Zapomniany piec do wypalania wapna<\/li><li>Les anciens thermes dans la for\u00eat \/ Stare termy w lesie<\/li><li>Ch\u00e2teau de Sauvage<\/li><li>Ruine Argen<\/li><li>Les 3 ruines ensemble \/ 3 ruiny razem<\/li><li>Sanatorium Michel Peiry<\/li><li>Cave Coop\u00e9ratie<\/li><li>Ch\u00e2teau Halabi<\/li><li>Pensionnat Joseph Vacher<\/li><li>Maison de l'Inventeur<\/li><li>Maison Hant\u00e9e<\/li><li>Chateau BN<\/li><li>Usine x Depollution<\/li><li>Les pianos du champ<\/li><li>Usine Vieille Voitures<\/li><li>Centre de r\u00e9\u00e9ducation<\/li><li>Maison RIP<\/li><li>Usine Hold<\/li><li>Redidence Rose<\/li><li>Manoir de la tour<\/li><li>Samochody ameryka\u0144skiej policji<\/li><li>Les ruines du moulin<\/li><li>Ghost Town 34<\/li><li>Colonie Lod<\/li><li>Kolejne miasto duch\u00f3w 34<\/li><li>Domaine Espa \/ Le domaine des Fusiliers<\/li><li>Le vieux village<\/li><li>Maison Croix<\/li><li>Opuszczony g\u00f3rski dom<\/li><li>Ruine de la for\u00eat<\/li><li>H\u00f4tel Tropical<\/li><li>Hotel KQPRS<\/li><li>Fort Amelie<\/li><li>Hotel Alexandra<\/li><li>H\u00f4pital Thermal<\/li><li>Avion Falaise<\/li><li>H\u00f4tel Estamariu 66<\/li><li>La villa du Pr\u00eatre<\/li><li>Camping en for\u00eat<\/li><li>Gare mini\u00e8re 1<\/li><li>Gare mini\u00e8re 2<\/li><li>Gare mini\u00e8re 3<\/li><li>Ruine de Spa<\/li><li>Ghost Village Vieux<\/li><li>Ma\u0142e miasto duch\u00f3w 66<\/li><li>La Laiterie<\/li><li>H\u00f4tel Delta<\/li><li>Usine Rivera<\/li><li>Piscine Grande<\/li><li>Usine Teint<\/li><li>Ch\u00e2teau Taureau<\/li><li>La 4L cach\u00e9e<\/li><li>La mine criminelle<\/li><li>Maison aux \u00e9cureuils<\/li><li>Manoir N<\/li><li>Ch\u00e2teau de Bouillac<\/li><li>Le couvent de la repentance<\/li><li>For\u00eat \u00e9pave<\/li><li>Disco Papillon<\/li><li>Maison des chuchotements<\/li><li>Maison 1896<\/li><li>Maison en lisi\u00e8re de for\u00eat<\/li><li>Maison avec les \u00e9paves de voitures<\/li><li>Maison tristesse<\/li><li>The Crooked Barn<\/li><li>Ko\u015bci\u00f3\u0142, kt\u00f3remu przebaczono<\/li><li>Dom na wsi poza zasi\u0119giem wzroku<\/li><li>Medycyna po wojnie<\/li><li>Camping Tob<\/li><li>Ruines Agla<\/li><li>La maison au sel<\/li><li>Maison B<\/li><li>Gara\u017c OH MY G<\/li><li>Ch\u00e2teau Marguerite \/ Ch\u00e2teau Joachim Toro<\/li><li>Clinique Wisteria Hos<\/li><li>Usine Hirondelles<\/li><li>La Serre du Chirurgien<\/li><li>Ch\u00e2teau du Colonel<\/li><li>H\u00f4pital du Ch\u00e2teau<\/li><li>Ch\u00e2teau Voiture<\/li><li>Usine Plus<\/li><li>Manoir du Sud<\/li><li>Bateau Pirate \/ Restauracja Le Bateau<\/li><li>Dom w\u0119\u017cy<\/li><li>Maison G<\/li><li>Le Ch\u00e2teau aux fen\u00eatres condamn\u00e9es<\/li><li>Samochody zabytkowe<\/li><li>H\u00f4tel des Soeurs Papins<\/li><li>Usine de Bruss<\/li><li>L'orphelinat Color\u00e9 \/ Kolorowy sierociniec<\/li><li>Dom my\u015bliwego \/ Maison des Chasseurs<\/li><li>Chalet CLF \/ Le Chalet du Biologiste<\/li><li>Manoir du capitaliste<\/li><li>Casino de la Montagne<\/li><li>Vieux et bien rouill\u00e9<\/li><li>Maison Astro<\/li><li>Maison Autoroute<\/li><li>Maison du roi<\/li><li>Maison enfouie<\/li><li>Platypus<\/li><li>Maison Lofi<\/li><li>Maison TB<\/li><li>Pub<\/li><li>Maison Mari<\/li><li>Maison de la cirrhose<\/li><li>Maison Deglingo<\/li><li>Ruine du Prince<\/li><li>Le vieux Moulin<\/li><li>Porzucony grill<\/li><li>Vieux hangar<\/li><li>Usine de chaux<\/li><li>Usine des Libres<\/li><li>Upadek domu<\/li><li>Zamek Jacquy Haddouche \/ Chateau blancard<\/li><li>Maison Journaux \/ Chateau Baldaquin \/ Chateau Marie Noe<\/li><li>Mr Gaston Tour<\/li><li>Manoir Atenas<\/li><li>Chapelle Pessebre<\/li><li>Maison qui\u00e8tude<\/li><li>Hotel Daisy de Melker<\/li><li>Domaine de la cobra<\/li><li>Disco Boom<\/li><li>Maison Bianch<\/li><li>La maison d'\u00e0 c\u00f4t\u00e9<\/li><li>Maison Razera<\/li><li>Usine Kiss<\/li><li>Eglise du p\u00each\u00e9<\/li><li>Ch\u00e2teau Martial \/ Ch\u00e2teau Napoleon<\/li><li>Chateau Cube<\/li><li>Manoir des bois<\/li><li>Ob\u00f3z do\u015bwiadcze\u0144<\/li><li>Maison Sans Parents<\/li><li>H\u00f4tel des sourciers<\/li><li>Maison Maxou<\/li><li>Maison Stranger Things<\/li><li>Dyskoteka MyLord<\/li><li>T\u00e9l\u00e9ph\u00e9rique des Pyr\u00e9n\u00e9es<\/li><li>Manoir Madame B<\/li><li>Hotel Clo Clo<\/li><li>Temple franc ma\u00e7on<\/li><li>Couvent Christine Malevre<\/li><li>Maison au palmier<\/li><li>Hotel Restauracja Zachodnia Wirginia<\/li><li>Colonie De Caneilles<\/li><li>Maison Jumelles 1<\/li><li>Maison Jumelles 2<\/li><li>Usine TT<\/li><li>Maison Neste<\/li><li>Petite clinique<\/li><li>Collecte de voitures au pont<\/li><li>Hotel Muzyczny<\/li><li>Eglise P<\/li><li>Ch\u00e2teau de L\u00e9z<\/li><li>Chateau la B<\/li><li>Usine du Seigneur<\/li><li>Manoir de la Rivi\u00e8re<\/li><li>Usine Infierno<\/li><li>Usine Migro<\/li><li>Villa Cubac<\/li><li>Maison du Roucan<\/li><li>Le Lavoir a Charbon<\/li><li>\u017bandarmeria<\/li><li>Chapelle Arlequin<\/li><li>Maison Triangle<\/li><li>Restauracja Catalan<\/li><li>Ch\u00e2teau du V\u00e9t\u00e9rinaire<\/li><li>L'ancienne caserne<\/li><li>Mineurs d'entrep\u00f4ts<\/li><li>Usine Naudy<\/li><li>Maison Bug<\/li><li>Maison Alzheimer<\/li><li>Usine Chatlana \/ Usine PZM<\/li><li>Chateau De Montpinier<\/li><li>Moulin sur la berge<\/li><li>Parc aquatique des oiseaux<\/li><li>Tapas Bistro<\/li><li>Manoir Jade<\/li><\/ul>\n\n\n\n<p><\/p>","protected":false},"excerpt":{"rendered":"<p>Ta mapa urbex zawiera wszystkie lokalizacje eksploracji miejskiej (urbex) w<strong> Francja, <\/strong><strong>Oksytania<\/strong><strong>.<\/strong> Ta mapa zagubionych miejsc b\u0119dzie aktualizowana i dost\u0119pna przez co najmniej 365 dni od zakupu.<\/p>\n<p>Ta mapa zawiera obecnie 215 najbardziej wyj\u0105tkowych miejsc do zwiedzania we Francji, Oksytanii i jest dost\u0119pna z dowolnego miejsca dzi\u0119ki naszej \u0142atwej w u\u017cyciu mapie<strong>.<\/p>\n<p><\/strong><strong>Je\u015bli posiadasz ju\u017c ten pakiet, mo\u017cesz uzyska\u0107 do niego dost\u0119p poprzez <a href=\"\/pl\/moje-konto\/obszar-czlonkowski\/43905\/zawartosc-mojego-czlonkostwa\/\">Moje mapy &gt; Widok.<\/a><\/strong><strong><\/p>\n<p><\/strong><a href=\"#tab-description\">Lista wszystkich lokalizacji Urbex na tej mapie.<\/a><\/p>","protected":false},"featured_media":48143,"template":"","meta":[],"product_brand":[],"product_cat":[226,322,1135,1346,236],"product_tag":[323],"class_list":{"0":"post-36643","1":"product","2":"type-product","3":"status-publish","4":"has-post-thumbnail","6":"product_cat-france","7":"product_cat-location-packs","8":"product_cat-maps-france","9":"product_cat-maps-occitanie","10":"product_cat-occitanie","11":"product_tag-locationpack","13":"first","14":"instock","15":"taxable","16":"shipping-taxable","17":"purchasable","18":"product-type-variable"},"jetpack_sharing_enabled":true,"_links":{"self":[{"href":"https:\/\/urbex.direct\/pl\/wp-json\/wp\/v2\/product\/36643","targetHints":{"allow":["GET"]}}],"collection":[{"href":"https:\/\/urbex.direct\/pl\/wp-json\/wp\/v2\/product"}],"about":[{"href":"https:\/\/urbex.direct\/pl\/wp-json\/wp\/v2\/types\/product"}],"wp:featuredmedia":[{"embeddable":true,"href":"https:\/\/urbex.direct\/pl\/wp-json\/wp\/v2\/media\/48143"}],"wp:attachment":[{"href":"https:\/\/urbex.direct\/pl\/wp-json\/wp\/v2\/media?parent=36643"}],"wp:term":[{"taxonomy":"product_brand","embeddable":true,"href":"https:\/\/urbex.direct\/pl\/wp-json\/wp\/v2\/product_brand?post=36643"},{"taxonomy":"product_cat","embeddable":true,"href":"https:\/\/urbex.direct\/pl\/wp-json\/wp\/v2\/product_cat?post=36643"},{"taxonomy":"product_tag","embeddable":true,"href":"https:\/\/urbex.direct\/pl\/wp-json\/wp\/v2\/product_tag?post=36643"}],"curies":[{"name":"wp","href":"https:\/\/api.w.org\/{rel}","templated":true}]}}