{"id":34508,"date":"2021-11-03T08:04:09","date_gmt":"2021-11-03T08:04:09","guid":{"rendered":"https:\/\/urbex.direct\/product\/autodromo-tm\/"},"modified":"2024-08-22T08:46:31","modified_gmt":"2024-08-22T07:46:31","slug":"autodromo-tm","status":"publish","type":"product","link":"https:\/\/urbex.direct\/pl\/product\/autodromo-tm\/","title":{"rendered":"Autodromo TM"},"content":{"rendered":"<p>Opinia 08-2024 Ten tor wy\u015bcigowy jest dobrze znany w\u015br\u00f3d odkrywc\u00f3w w Katalonii. Niestety, miejsce jest pod obserwacj\u0105, a ludzie nawet mieszkaj\u0105 w \u015brodku. W\u0142a\u015bciciele maj\u0105 do\u015b\u0107 os\u00f3b nielegalnie wchodz\u0105cych na teren obiektu, wi\u0119c podejmuj\u0105 kroki prawne. Ponadto miejsce mo\u017cna odwiedza\u0107 legalnie, poniewa\u017c jest dost\u0119pne do wynaj\u0119cia i jest wykorzystywane do kr\u0119cenia film\u00f3w i spotka\u0144. Dlatego staraj\u0105 si\u0119 oczy\u015bci\u0107 miejsce z \"urbexowych odkrywc\u00f3w\". Mo\u017cna uzna\u0107 to miejsce za (RIP), poniewa\u017c praktycznie niemo\u017cliwe jest wej\u015bcie bez zgody w\u0142a\u015bcicieli (a oni nie zezwalaj\u0105 na wej\u015bcie \u017cadnym osobom).\u00a0<\/p>","protected":false},"excerpt":{"rendered":"<p>Brak dost\u0119pu<\/p>","protected":false},"featured_media":58032,"template":"","meta":[],"product_brand":[],"product_cat":[288,282],"product_tag":[44],"class_list":{"0":"post-34508","1":"product","2":"type-product","3":"status-publish","4":"has-post-thumbnail","6":"product_cat-catalonia","7":"product_cat-spain","8":"product_tag-geenurbex","10":"first","11":"outofstock","12":"downloadable","13":"taxable","14":"shipping-taxable","15":"purchasable","16":"product-type-simple"},"jetpack_sharing_enabled":true,"_links":{"self":[{"href":"https:\/\/urbex.direct\/pl\/wp-json\/wp\/v2\/product\/34508","targetHints":{"allow":["GET"]}}],"collection":[{"href":"https:\/\/urbex.direct\/pl\/wp-json\/wp\/v2\/product"}],"about":[{"href":"https:\/\/urbex.direct\/pl\/wp-json\/wp\/v2\/types\/product"}],"wp:featuredmedia":[{"embeddable":true,"href":"https:\/\/urbex.direct\/pl\/wp-json\/wp\/v2\/media\/58032"}],"wp:attachment":[{"href":"https:\/\/urbex.direct\/pl\/wp-json\/wp\/v2\/media?parent=34508"}],"wp:term":[{"taxonomy":"product_brand","embeddable":true,"href":"https:\/\/urbex.direct\/pl\/wp-json\/wp\/v2\/product_brand?post=34508"},{"taxonomy":"product_cat","embeddable":true,"href":"https:\/\/urbex.direct\/pl\/wp-json\/wp\/v2\/product_cat?post=34508"},{"taxonomy":"product_tag","embeddable":true,"href":"https:\/\/urbex.direct\/pl\/wp-json\/wp\/v2\/product_tag?post=34508"}],"curies":[{"name":"wp","href":"https:\/\/api.w.org\/{rel}","templated":true}]}}