{"id":33424,"date":"2021-10-22T09:26:50","date_gmt":"2021-10-22T08:26:50","guid":{"rendered":"https:\/\/urbex.direct\/product\/casa-gioconda\/"},"modified":"2024-08-22T08:48:23","modified_gmt":"2024-08-22T07:48:23","slug":"casa-gioconda","status":"publish","type":"product","link":"https:\/\/urbex.direct\/pl\/product\/casa-gioconda\/","title":{"rendered":"Casa Gioconda"},"content":{"rendered":"","protected":false},"excerpt":{"rendered":"<p>Opinia 08-2024: Ten dom jest pi\u0119kny i zawiera w \u015brodku pi\u0119kn\u0105 replik\u0119 Mona Lisy! Jednak podczas niedawnych poszukiwa\u0144 znalaz\u0142em ten dom na stronie internetowej sprzeda\u017cy nieruchomo\u015bci. Miejsce to nadal mo\u017cna odwiedzi\u0107, cho\u0107 w\u0142a\u015bciciele prawdopodobnie cz\u0119sto odwiedzaj\u0105 t\u0119 okolic\u0119. Jest r\u00f3wnie\u017c prawdopodobne, \u017ce dom ten wkr\u00f3tce b\u0119dzie mia\u0142 nowego w\u0142a\u015bciciela i nie b\u0119dzie ju\u017c dost\u0119pny dla miejskich odkrywc\u00f3w.<\/p>","protected":false},"featured_media":33420,"template":"","meta":[],"product_brand":[],"product_cat":[288,282],"product_tag":[],"class_list":{"0":"post-33424","1":"product","2":"type-product","3":"status-publish","4":"has-post-thumbnail","6":"product_cat-catalonia","7":"product_cat-spain","9":"first","10":"instock","11":"downloadable","12":"taxable","13":"shipping-taxable","14":"purchasable","15":"product-type-simple"},"jetpack_sharing_enabled":true,"_links":{"self":[{"href":"https:\/\/urbex.direct\/pl\/wp-json\/wp\/v2\/product\/33424","targetHints":{"allow":["GET"]}}],"collection":[{"href":"https:\/\/urbex.direct\/pl\/wp-json\/wp\/v2\/product"}],"about":[{"href":"https:\/\/urbex.direct\/pl\/wp-json\/wp\/v2\/types\/product"}],"wp:featuredmedia":[{"embeddable":true,"href":"https:\/\/urbex.direct\/pl\/wp-json\/wp\/v2\/media\/33420"}],"wp:attachment":[{"href":"https:\/\/urbex.direct\/pl\/wp-json\/wp\/v2\/media?parent=33424"}],"wp:term":[{"taxonomy":"product_brand","embeddable":true,"href":"https:\/\/urbex.direct\/pl\/wp-json\/wp\/v2\/product_brand?post=33424"},{"taxonomy":"product_cat","embeddable":true,"href":"https:\/\/urbex.direct\/pl\/wp-json\/wp\/v2\/product_cat?post=33424"},{"taxonomy":"product_tag","embeddable":true,"href":"https:\/\/urbex.direct\/pl\/wp-json\/wp\/v2\/product_tag?post=33424"}],"curies":[{"name":"wp","href":"https:\/\/api.w.org\/{rel}","templated":true}]}}